{"id":8023,"date":"2025-11-08T01:02:10","date_gmt":"2025-11-08T00:02:10","guid":{"rendered":"https:\/\/vulee.pl\/?post_type=product&#038;p=8023"},"modified":"2026-04-01T00:13:38","modified_gmt":"2026-03-31T22:13:38","slug":"smooth-kolczyki-pozlacane","status":"publish","type":"product","link":"https:\/\/vulee.pl\/en\/produkt\/smooth-earrings-gold\/","title":{"rendered":"SMOOTH EARRINGS GOLD"},"content":{"rendered":"<p><\/p>\n<p>The SMOOTH earrings are an abstract, soft form composed of a single, flowing line. They are minimalistic, yet grand. They are perfect for everyday wear and special occasions. You can pair them with the necklace from the same set. Crafted from 925 silver and plated with a thick layer of 24-karat gold.<\/p>\n<p>Earring dimensions: 2.5 x 2.7 cm<\/p>\n<p>Made in Poland<\/p>\n<p><\/p>","protected":false},"excerpt":{"rendered":"<p>The SMOOTH earrings are an abstract, soft form composed of a single, flowing line. They are minimalistic, yet grand. They are perfect for everyday wear and special occasions. You can pair them with the necklace from the same set. Crafted from 925 silver and plated with a thick layer of 24-karat gold. Earring dimensions: 2.5 [&hellip;]<\/p>\n","protected":false},"featured_media":8027,"comment_status":"open","ping_status":"closed","template":"","meta":{"_acf_changed":false,"inline_featured_image":false},"product_brand":[],"product_cat":[15,26,332,333,22,34],"product_tag":[115,104,54,87,98],"woo-feed-brand":[],"class_list":{"0":"post-8023","1":"product","2":"type-product","3":"status-publish","4":"has-post-thumbnail","6":"product_cat-bizuteria","7":"product_cat-kolczyki","8":"product_cat-flow","9":"product_cat-flow-pozlacane","10":"product_cat-kolekcje","11":"product_cat-pozlacane-kolczyki","12":"product_tag-bizuteria","13":"product_tag-bizuteria-pozlacana","14":"product_tag-kolczyki","15":"product_tag-minimalistyczna-bizuteria","16":"product_tag-pozlacane-kolczyki","18":"first","19":"instock","20":"taxable","21":"shipping-taxable","22":"purchasable","23":"product-type-simple"},"acf":[],"yoast_head":"<!-- This site is optimized with the Yoast SEO plugin v27.5 - https:\/\/yoast.com\/product\/yoast-seo-wordpress\/ -->\n<title>SMOOTH EARRINGS GOLD - Vul\u00e9e<\/title>\n<meta name=\"robots\" content=\"index, follow, max-snippet:-1, max-image-preview:large, max-video-preview:-1\" \/>\n<link rel=\"canonical\" href=\"https:\/\/vulee.pl\/en\/produkt\/smooth-kolczyki-pozlacane\/\" \/>\n<meta property=\"og:locale\" content=\"en_US\" \/>\n<meta property=\"og:type\" content=\"article\" \/>\n<meta property=\"og:title\" content=\"SMOOTH EARRINGS GOLD - Vul\u00e9e\" \/>\n<meta property=\"og:description\" content=\"The SMOOTH earrings are an abstract, soft form composed of a single, flowing line. They are minimalistic, yet grand. They are perfect for everyday wear and special occasions. You can pair them with the necklace from the same set. Crafted from 925 silver and plated with a thick layer of 24-karat gold. Earring dimensions: 2.5 [&hellip;]\" \/>\n<meta property=\"og:url\" content=\"https:\/\/vulee.pl\/en\/produkt\/smooth-kolczyki-pozlacane\/\" \/>\n<meta property=\"og:site_name\" content=\"Vul\u00e9e\" \/>\n<meta property=\"article:modified_time\" content=\"2026-03-31T22:13:38+00:00\" \/>\n<meta property=\"og:image\" content=\"https:\/\/vulee.pl\/wp-content\/uploads\/2025\/11\/smooth-kolczyki-zl.jpg\" \/>\n\t<meta property=\"og:image:width\" content=\"2000\" \/>\n\t<meta property=\"og:image:height\" content=\"2000\" \/>\n\t<meta property=\"og:image:type\" content=\"image\/jpeg\" \/>\n<meta name=\"twitter:card\" content=\"summary_large_image\" \/>\n<script type=\"application\/ld+json\" class=\"yoast-schema-graph\">{\"@context\":\"https:\\\/\\\/schema.org\",\"@graph\":[{\"@type\":\"WebPage\",\"@id\":\"https:\\\/\\\/vulee.pl\\\/en\\\/produkt\\\/smooth-kolczyki-pozlacane\\\/\",\"url\":\"https:\\\/\\\/vulee.pl\\\/en\\\/produkt\\\/smooth-kolczyki-pozlacane\\\/\",\"name\":\"SMOOTH EARRINGS GOLD - Vul\u00e9e\",\"isPartOf\":{\"@id\":\"https:\\\/\\\/vulee.pl\\\/en\\\/#website\"},\"primaryImageOfPage\":{\"@id\":\"https:\\\/\\\/vulee.pl\\\/en\\\/produkt\\\/smooth-kolczyki-pozlacane\\\/#primaryimage\"},\"image\":{\"@id\":\"https:\\\/\\\/vulee.pl\\\/produkt\\\/smooth-kolczyki-pozlacane\\\/#primaryimage\"},\"thumbnailUrl\":\"https:\\\/\\\/vulee.pl\\\/wp-content\\\/uploads\\\/2025\\\/11\\\/smooth-kolczyki-zl.jpg\",\"datePublished\":\"2025-11-08T00:02:10+00:00\",\"dateModified\":\"2026-03-31T22:13:38+00:00\",\"breadcrumb\":{\"@id\":\"https:\\\/\\\/vulee.pl\\\/en\\\/produkt\\\/smooth-kolczyki-pozlacane\\\/#breadcrumb\"},\"inLanguage\":\"en-US\",\"potentialAction\":[{\"@type\":\"ReadAction\",\"target\":[[\"https:\\\/\\\/vulee.pl\\\/en\\\/produkt\\\/smooth-kolczyki-pozlacane\\\/\"]]}]},{\"@type\":\"ImageObject\",\"inLanguage\":\"en-US\",\"@id\":\"https:\\\/\\\/vulee.pl\\\/en\\\/produkt\\\/smooth-kolczyki-pozlacane\\\/#primaryimage\",\"url\":\"https:\\\/\\\/vulee.pl\\\/wp-content\\\/uploads\\\/2025\\\/11\\\/smooth-kolczyki-zl.jpg\",\"contentUrl\":\"https:\\\/\\\/vulee.pl\\\/wp-content\\\/uploads\\\/2025\\\/11\\\/smooth-kolczyki-zl.jpg\",\"width\":2000,\"height\":2000},{\"@type\":\"BreadcrumbList\",\"@id\":\"https:\\\/\\\/vulee.pl\\\/en\\\/produkt\\\/smooth-kolczyki-pozlacane\\\/#breadcrumb\",\"itemListElement\":[{\"@type\":\"ListItem\",\"position\":1,\"name\":\"VUL\u00c9E\",\"item\":\"https:\\\/\\\/vulee.pl\\\/en\\\/\"},{\"@type\":\"ListItem\",\"position\":2,\"name\":\"sklep\",\"item\":\"https:\\\/\\\/vulee.pl\\\/en\\\/shop\\\/\"},{\"@type\":\"ListItem\",\"position\":3,\"name\":\"SMOOTH KOLCZYKI POZ\u0141ACANE\"}]},{\"@type\":\"WebSite\",\"@id\":\"https:\\\/\\\/vulee.pl\\\/en\\\/#website\",\"url\":\"https:\\\/\\\/vulee.pl\\\/en\\\/\",\"name\":\"Vul\u00e9e zmys\u0142owa bi\u017cuteria dla os\u00f3b wra\u017cliwych\",\"description\":\"minimalistic, sensual jewelry made in Poland\",\"publisher\":{\"@id\":\"https:\\\/\\\/vulee.pl\\\/en\\\/#organization\"},\"alternateName\":\"Vul\u00e9e\",\"potentialAction\":[{\"@type\":\"SearchAction\",\"target\":{\"@type\":\"EntryPoint\",\"urlTemplate\":\"https:\\\/\\\/vulee.pl\\\/en\\\/?s={search_term_string}\"},\"query-input\":{\"@type\":\"PropertyValueSpecification\",\"valueRequired\":true,\"valueName\":\"search_term_string\"}}],\"inLanguage\":\"en-US\"},{\"@type\":\"Organization\",\"@id\":\"https:\\\/\\\/vulee.pl\\\/en\\\/#organization\",\"name\":\"VUL\u00c9E sp. z o.o.\",\"url\":\"https:\\\/\\\/vulee.pl\\\/en\\\/\",\"logo\":{\"@type\":\"ImageObject\",\"inLanguage\":\"en-US\",\"@id\":\"https:\\\/\\\/vulee.pl\\\/en\\\/#\\\/schema\\\/logo\\\/image\\\/\",\"url\":\"https:\\\/\\\/vulee.pl\\\/wp-content\\\/uploads\\\/2021\\\/05\\\/logo-vulee.svg\",\"contentUrl\":\"https:\\\/\\\/vulee.pl\\\/wp-content\\\/uploads\\\/2021\\\/05\\\/logo-vulee.svg\",\"width\":156,\"height\":209,\"caption\":\"VUL\u00c9E sp. z o.o.\"},\"image\":{\"@id\":\"https:\\\/\\\/vulee.pl\\\/en\\\/#\\\/schema\\\/logo\\\/image\\\/\"},\"sameAs\":[\"https:\\\/\\\/www.instagram.com\\\/vulee.jewelry\\\/\"]}]}<\/script>\n<!-- \/ Yoast SEO plugin. -->","yoast_head_json":{"title":"SMOOTH EARRINGS GOLD - Vul\u00e9e","robots":{"index":"index","follow":"follow","max-snippet":"max-snippet:-1","max-image-preview":"max-image-preview:large","max-video-preview":"max-video-preview:-1"},"canonical":"https:\/\/vulee.pl\/en\/produkt\/smooth-kolczyki-pozlacane\/","og_locale":"en_US","og_type":"article","og_title":"SMOOTH EARRINGS GOLD - Vul\u00e9e","og_description":"The SMOOTH earrings are an abstract, soft form composed of a single, flowing line. They are minimalistic, yet grand. They are perfect for everyday wear and special occasions. You can pair them with the necklace from the same set. Crafted from 925 silver and plated with a thick layer of 24-karat gold. Earring dimensions: 2.5 [&hellip;]","og_url":"https:\/\/vulee.pl\/en\/produkt\/smooth-kolczyki-pozlacane\/","og_site_name":"Vul\u00e9e","article_modified_time":"2026-03-31T22:13:38+00:00","og_image":[{"width":2000,"height":2000,"url":"https:\/\/vulee.pl\/wp-content\/uploads\/2025\/11\/smooth-kolczyki-zl.jpg","type":"image\/jpeg"}],"twitter_card":"summary_large_image","schema":{"@context":"https:\/\/schema.org","@graph":[{"@type":"WebPage","@id":"https:\/\/vulee.pl\/en\/produkt\/smooth-kolczyki-pozlacane\/","url":"https:\/\/vulee.pl\/en\/produkt\/smooth-kolczyki-pozlacane\/","name":"SMOOTH EARRINGS GOLD - Vul\u00e9e","isPartOf":{"@id":"https:\/\/vulee.pl\/en\/#website"},"primaryImageOfPage":{"@id":"https:\/\/vulee.pl\/en\/produkt\/smooth-kolczyki-pozlacane\/#primaryimage"},"image":{"@id":"https:\/\/vulee.pl\/produkt\/smooth-kolczyki-pozlacane\/#primaryimage"},"thumbnailUrl":"https:\/\/vulee.pl\/wp-content\/uploads\/2025\/11\/smooth-kolczyki-zl.jpg","datePublished":"2025-11-08T00:02:10+00:00","dateModified":"2026-03-31T22:13:38+00:00","breadcrumb":{"@id":"https:\/\/vulee.pl\/en\/produkt\/smooth-kolczyki-pozlacane\/#breadcrumb"},"inLanguage":"en-US","potentialAction":[{"@type":"ReadAction","target":[["https:\/\/vulee.pl\/en\/produkt\/smooth-kolczyki-pozlacane\/"]]}]},{"@type":"ImageObject","inLanguage":"en-US","@id":"https:\/\/vulee.pl\/en\/produkt\/smooth-kolczyki-pozlacane\/#primaryimage","url":"https:\/\/vulee.pl\/wp-content\/uploads\/2025\/11\/smooth-kolczyki-zl.jpg","contentUrl":"https:\/\/vulee.pl\/wp-content\/uploads\/2025\/11\/smooth-kolczyki-zl.jpg","width":2000,"height":2000},{"@type":"BreadcrumbList","@id":"https:\/\/vulee.pl\/en\/produkt\/smooth-kolczyki-pozlacane\/#breadcrumb","itemListElement":[{"@type":"ListItem","position":1,"name":"VUL\u00c9E","item":"https:\/\/vulee.pl\/en\/"},{"@type":"ListItem","position":2,"name":"sklep","item":"https:\/\/vulee.pl\/en\/shop\/"},{"@type":"ListItem","position":3,"name":"SMOOTH KOLCZYKI POZ\u0141ACANE"}]},{"@type":"WebSite","@id":"https:\/\/vulee.pl\/en\/#website","url":"https:\/\/vulee.pl\/en\/","name":"Vul\u00e9e zmys\u0142owa bi\u017cuteria dla os\u00f3b wra\u017cliwych","description":"minimalistic, sensual jewelry made in Poland","publisher":{"@id":"https:\/\/vulee.pl\/en\/#organization"},"alternateName":"Vul\u00e9e","potentialAction":[{"@type":"SearchAction","target":{"@type":"EntryPoint","urlTemplate":"https:\/\/vulee.pl\/en\/?s={search_term_string}"},"query-input":{"@type":"PropertyValueSpecification","valueRequired":true,"valueName":"search_term_string"}}],"inLanguage":"en-US"},{"@type":"Organization","@id":"https:\/\/vulee.pl\/en\/#organization","name":"VUL\u00c9E sp. z o.o.","url":"https:\/\/vulee.pl\/en\/","logo":{"@type":"ImageObject","inLanguage":"en-US","@id":"https:\/\/vulee.pl\/en\/#\/schema\/logo\/image\/","url":"https:\/\/vulee.pl\/wp-content\/uploads\/2021\/05\/logo-vulee.svg","contentUrl":"https:\/\/vulee.pl\/wp-content\/uploads\/2021\/05\/logo-vulee.svg","width":156,"height":209,"caption":"VUL\u00c9E sp. z o.o."},"image":{"@id":"https:\/\/vulee.pl\/en\/#\/schema\/logo\/image\/"},"sameAs":["https:\/\/www.instagram.com\/vulee.jewelry\/"]}]}},"_links":{"self":[{"href":"https:\/\/vulee.pl\/en\/wp-json\/wp\/v2\/product\/8023","targetHints":{"allow":["GET"]}}],"collection":[{"href":"https:\/\/vulee.pl\/en\/wp-json\/wp\/v2\/product"}],"about":[{"href":"https:\/\/vulee.pl\/en\/wp-json\/wp\/v2\/types\/product"}],"replies":[{"embeddable":true,"href":"https:\/\/vulee.pl\/en\/wp-json\/wp\/v2\/comments?post=8023"}],"version-history":[{"count":2,"href":"https:\/\/vulee.pl\/en\/wp-json\/wp\/v2\/product\/8023\/revisions"}],"predecessor-version":[{"id":8081,"href":"https:\/\/vulee.pl\/en\/wp-json\/wp\/v2\/product\/8023\/revisions\/8081"}],"wp:featuredmedia":[{"embeddable":true,"href":"https:\/\/vulee.pl\/en\/wp-json\/wp\/v2\/media\/8027"}],"wp:attachment":[{"href":"https:\/\/vulee.pl\/en\/wp-json\/wp\/v2\/media?parent=8023"}],"wp:term":[{"taxonomy":"product_brand","embeddable":true,"href":"https:\/\/vulee.pl\/en\/wp-json\/wp\/v2\/product_brand?post=8023"},{"taxonomy":"product_cat","embeddable":true,"href":"https:\/\/vulee.pl\/en\/wp-json\/wp\/v2\/product_cat?post=8023"},{"taxonomy":"product_tag","embeddable":true,"href":"https:\/\/vulee.pl\/en\/wp-json\/wp\/v2\/product_tag?post=8023"},{"taxonomy":"woo-feed-brand","embeddable":true,"href":"https:\/\/vulee.pl\/en\/wp-json\/wp\/v2\/woo-feed-brand?post=8023"}],"curies":[{"name":"wp","href":"https:\/\/api.w.org\/{rel}","templated":true}]}}