{"id":7992,"date":"2025-11-08T01:00:14","date_gmt":"2025-11-08T00:00:14","guid":{"rendered":"https:\/\/vulee.pl\/?post_type=product&#038;p=7992"},"modified":"2025-11-05T11:51:25","modified_gmt":"2025-11-05T10:51:25","slug":"round-kolczyki-srebrne","status":"publish","type":"product","link":"https:\/\/vulee.pl\/en\/produkt\/round-earrings-silver\/","title":{"rendered":"ROUND EARRINGS SILVER"},"content":{"rendered":"<p><\/p>\n<p>ROUND are big hoop earrings that definitely attract attention. They are composed of repeating elements that flow seamlessly into each other. Despite their larger size, the earrings remain lightweight and comfortable to wear. Every silver VUL\u00c9E product is rhodium-plated which slows down natural process of patination.<\/p>\n<p>Earring diameter &#8211; 2.7 cm<\/p>\n<p>Made in Poland<\/p>\n<p>The FLOW collection is based on soft and flowing shapes. Created for those who appreciate modern design with a subtle nod to vintage style, the collection features larger, striking earrings that remain lightweight and comfortable to wear. FLOW strikes a balance between organic form and minimalism. Jewelry that will add character to any outfit \u2013 from everyday to evening.<\/p>\n<p><\/p>","protected":false},"excerpt":{"rendered":"<p>ROUND are big hoop earrings that definitely attract attention. They are composed of repeating elements that flow seamlessly into each other. Despite their larger size, the earrings remain lightweight and comfortable to wear. Every silver VUL\u00c9E product is rhodium-plated which slows down natural process of patination. Earring diameter &#8211; 2.7 cm Made in Poland The [&hellip;]<\/p>\n","protected":false},"featured_media":7995,"comment_status":"open","ping_status":"closed","template":"","meta":{"_acf_changed":false,"inline_featured_image":false},"product_brand":[],"product_cat":[15,26,332,334,22,33],"product_tag":[115,91,114,86,94,87,85],"woo-feed-brand":[],"class_list":{"0":"post-7992","1":"product","2":"type-product","3":"status-publish","4":"has-post-thumbnail","6":"product_cat-bizuteria","7":"product_cat-kolczyki","8":"product_cat-flow","9":"product_cat-flow-srebrne","10":"product_cat-kolekcje","11":"product_cat-srebrne-kolczyki","12":"product_tag-bizuteria","13":"product_tag-bizuteria-srebrna","14":"product_tag-elegancka-bizuteria","15":"product_tag-eleganckie-kolczyki","16":"product_tag-minimalistic-jewelry","17":"product_tag-minimalistyczna-bizuteria","18":"product_tag-minimalistyczne-kolczyki","20":"first","21":"instock","22":"taxable","23":"shipping-taxable","24":"purchasable","25":"product-type-simple"},"acf":[],"yoast_head":"<!-- This site is optimized with the Yoast SEO plugin v27.5 - https:\/\/yoast.com\/product\/yoast-seo-wordpress\/ -->\n<title>ROUND EARRINGS SILVER - Vul\u00e9e<\/title>\n<meta name=\"robots\" content=\"index, follow, max-snippet:-1, max-image-preview:large, max-video-preview:-1\" \/>\n<link rel=\"canonical\" href=\"https:\/\/vulee.pl\/en\/produkt\/round-kolczyki-srebrne\/\" \/>\n<meta property=\"og:locale\" content=\"en_US\" \/>\n<meta property=\"og:type\" content=\"article\" \/>\n<meta property=\"og:title\" content=\"ROUND EARRINGS SILVER - Vul\u00e9e\" \/>\n<meta property=\"og:description\" content=\"ROUND are big hoop earrings that definitely attract attention. They are composed of repeating elements that flow seamlessly into each other. Despite their larger size, the earrings remain lightweight and comfortable to wear. Every silver VUL\u00c9E product is rhodium-plated which slows down natural process of patination. Earring diameter &#8211; 2.7 cm Made in Poland The [&hellip;]\" \/>\n<meta property=\"og:url\" content=\"https:\/\/vulee.pl\/en\/produkt\/round-kolczyki-srebrne\/\" \/>\n<meta property=\"og:site_name\" content=\"Vul\u00e9e\" \/>\n<meta property=\"og:image\" content=\"https:\/\/vulee.pl\/wp-content\/uploads\/2025\/11\/round-srebrne-1.jpg\" \/>\n\t<meta property=\"og:image:width\" content=\"2000\" \/>\n\t<meta property=\"og:image:height\" content=\"2000\" \/>\n\t<meta property=\"og:image:type\" content=\"image\/jpeg\" \/>\n<meta name=\"twitter:card\" content=\"summary_large_image\" \/>\n<script type=\"application\/ld+json\" class=\"yoast-schema-graph\">{\"@context\":\"https:\\\/\\\/schema.org\",\"@graph\":[{\"@type\":\"WebPage\",\"@id\":\"https:\\\/\\\/vulee.pl\\\/en\\\/produkt\\\/round-kolczyki-srebrne\\\/\",\"url\":\"https:\\\/\\\/vulee.pl\\\/en\\\/produkt\\\/round-kolczyki-srebrne\\\/\",\"name\":\"ROUND EARRINGS SILVER - Vul\u00e9e\",\"isPartOf\":{\"@id\":\"https:\\\/\\\/vulee.pl\\\/en\\\/#website\"},\"primaryImageOfPage\":{\"@id\":\"https:\\\/\\\/vulee.pl\\\/en\\\/produkt\\\/round-kolczyki-srebrne\\\/#primaryimage\"},\"image\":{\"@id\":\"https:\\\/\\\/vulee.pl\\\/produkt\\\/round-kolczyki-srebrne\\\/#primaryimage\"},\"thumbnailUrl\":\"https:\\\/\\\/vulee.pl\\\/wp-content\\\/uploads\\\/2025\\\/11\\\/round-srebrne-1.jpg\",\"datePublished\":\"2025-11-08T00:00:14+00:00\",\"breadcrumb\":{\"@id\":\"https:\\\/\\\/vulee.pl\\\/en\\\/produkt\\\/round-kolczyki-srebrne\\\/#breadcrumb\"},\"inLanguage\":\"en-US\",\"potentialAction\":[{\"@type\":\"ReadAction\",\"target\":[[\"https:\\\/\\\/vulee.pl\\\/en\\\/produkt\\\/round-kolczyki-srebrne\\\/\"]]}]},{\"@type\":\"ImageObject\",\"inLanguage\":\"en-US\",\"@id\":\"https:\\\/\\\/vulee.pl\\\/en\\\/produkt\\\/round-kolczyki-srebrne\\\/#primaryimage\",\"url\":\"https:\\\/\\\/vulee.pl\\\/wp-content\\\/uploads\\\/2025\\\/11\\\/round-srebrne-1.jpg\",\"contentUrl\":\"https:\\\/\\\/vulee.pl\\\/wp-content\\\/uploads\\\/2025\\\/11\\\/round-srebrne-1.jpg\",\"width\":2000,\"height\":2000},{\"@type\":\"BreadcrumbList\",\"@id\":\"https:\\\/\\\/vulee.pl\\\/en\\\/produkt\\\/round-kolczyki-srebrne\\\/#breadcrumb\",\"itemListElement\":[{\"@type\":\"ListItem\",\"position\":1,\"name\":\"VUL\u00c9E\",\"item\":\"https:\\\/\\\/vulee.pl\\\/en\\\/\"},{\"@type\":\"ListItem\",\"position\":2,\"name\":\"sklep\",\"item\":\"https:\\\/\\\/vulee.pl\\\/en\\\/shop\\\/\"},{\"@type\":\"ListItem\",\"position\":3,\"name\":\"ROUND KOLCZYKI SREBRNE\"}]},{\"@type\":\"WebSite\",\"@id\":\"https:\\\/\\\/vulee.pl\\\/en\\\/#website\",\"url\":\"https:\\\/\\\/vulee.pl\\\/en\\\/\",\"name\":\"Vul\u00e9e zmys\u0142owa bi\u017cuteria dla os\u00f3b wra\u017cliwych\",\"description\":\"minimalistic, sensual jewelry made in Poland\",\"publisher\":{\"@id\":\"https:\\\/\\\/vulee.pl\\\/en\\\/#organization\"},\"alternateName\":\"Vul\u00e9e\",\"potentialAction\":[{\"@type\":\"SearchAction\",\"target\":{\"@type\":\"EntryPoint\",\"urlTemplate\":\"https:\\\/\\\/vulee.pl\\\/en\\\/?s={search_term_string}\"},\"query-input\":{\"@type\":\"PropertyValueSpecification\",\"valueRequired\":true,\"valueName\":\"search_term_string\"}}],\"inLanguage\":\"en-US\"},{\"@type\":\"Organization\",\"@id\":\"https:\\\/\\\/vulee.pl\\\/en\\\/#organization\",\"name\":\"VUL\u00c9E sp. z o.o.\",\"url\":\"https:\\\/\\\/vulee.pl\\\/en\\\/\",\"logo\":{\"@type\":\"ImageObject\",\"inLanguage\":\"en-US\",\"@id\":\"https:\\\/\\\/vulee.pl\\\/en\\\/#\\\/schema\\\/logo\\\/image\\\/\",\"url\":\"https:\\\/\\\/vulee.pl\\\/wp-content\\\/uploads\\\/2021\\\/05\\\/logo-vulee.svg\",\"contentUrl\":\"https:\\\/\\\/vulee.pl\\\/wp-content\\\/uploads\\\/2021\\\/05\\\/logo-vulee.svg\",\"width\":156,\"height\":209,\"caption\":\"VUL\u00c9E sp. z o.o.\"},\"image\":{\"@id\":\"https:\\\/\\\/vulee.pl\\\/en\\\/#\\\/schema\\\/logo\\\/image\\\/\"},\"sameAs\":[\"https:\\\/\\\/www.instagram.com\\\/vulee.jewelry\\\/\"]}]}<\/script>\n<!-- \/ Yoast SEO plugin. -->","yoast_head_json":{"title":"ROUND EARRINGS SILVER - Vul\u00e9e","robots":{"index":"index","follow":"follow","max-snippet":"max-snippet:-1","max-image-preview":"max-image-preview:large","max-video-preview":"max-video-preview:-1"},"canonical":"https:\/\/vulee.pl\/en\/produkt\/round-kolczyki-srebrne\/","og_locale":"en_US","og_type":"article","og_title":"ROUND EARRINGS SILVER - Vul\u00e9e","og_description":"ROUND are big hoop earrings that definitely attract attention. They are composed of repeating elements that flow seamlessly into each other. Despite their larger size, the earrings remain lightweight and comfortable to wear. Every silver VUL\u00c9E product is rhodium-plated which slows down natural process of patination. Earring diameter &#8211; 2.7 cm Made in Poland The [&hellip;]","og_url":"https:\/\/vulee.pl\/en\/produkt\/round-kolczyki-srebrne\/","og_site_name":"Vul\u00e9e","og_image":[{"width":2000,"height":2000,"url":"https:\/\/vulee.pl\/wp-content\/uploads\/2025\/11\/round-srebrne-1.jpg","type":"image\/jpeg"}],"twitter_card":"summary_large_image","schema":{"@context":"https:\/\/schema.org","@graph":[{"@type":"WebPage","@id":"https:\/\/vulee.pl\/en\/produkt\/round-kolczyki-srebrne\/","url":"https:\/\/vulee.pl\/en\/produkt\/round-kolczyki-srebrne\/","name":"ROUND EARRINGS SILVER - Vul\u00e9e","isPartOf":{"@id":"https:\/\/vulee.pl\/en\/#website"},"primaryImageOfPage":{"@id":"https:\/\/vulee.pl\/en\/produkt\/round-kolczyki-srebrne\/#primaryimage"},"image":{"@id":"https:\/\/vulee.pl\/produkt\/round-kolczyki-srebrne\/#primaryimage"},"thumbnailUrl":"https:\/\/vulee.pl\/wp-content\/uploads\/2025\/11\/round-srebrne-1.jpg","datePublished":"2025-11-08T00:00:14+00:00","breadcrumb":{"@id":"https:\/\/vulee.pl\/en\/produkt\/round-kolczyki-srebrne\/#breadcrumb"},"inLanguage":"en-US","potentialAction":[{"@type":"ReadAction","target":[["https:\/\/vulee.pl\/en\/produkt\/round-kolczyki-srebrne\/"]]}]},{"@type":"ImageObject","inLanguage":"en-US","@id":"https:\/\/vulee.pl\/en\/produkt\/round-kolczyki-srebrne\/#primaryimage","url":"https:\/\/vulee.pl\/wp-content\/uploads\/2025\/11\/round-srebrne-1.jpg","contentUrl":"https:\/\/vulee.pl\/wp-content\/uploads\/2025\/11\/round-srebrne-1.jpg","width":2000,"height":2000},{"@type":"BreadcrumbList","@id":"https:\/\/vulee.pl\/en\/produkt\/round-kolczyki-srebrne\/#breadcrumb","itemListElement":[{"@type":"ListItem","position":1,"name":"VUL\u00c9E","item":"https:\/\/vulee.pl\/en\/"},{"@type":"ListItem","position":2,"name":"sklep","item":"https:\/\/vulee.pl\/en\/shop\/"},{"@type":"ListItem","position":3,"name":"ROUND KOLCZYKI SREBRNE"}]},{"@type":"WebSite","@id":"https:\/\/vulee.pl\/en\/#website","url":"https:\/\/vulee.pl\/en\/","name":"Vul\u00e9e zmys\u0142owa bi\u017cuteria dla os\u00f3b wra\u017cliwych","description":"minimalistic, sensual jewelry made in Poland","publisher":{"@id":"https:\/\/vulee.pl\/en\/#organization"},"alternateName":"Vul\u00e9e","potentialAction":[{"@type":"SearchAction","target":{"@type":"EntryPoint","urlTemplate":"https:\/\/vulee.pl\/en\/?s={search_term_string}"},"query-input":{"@type":"PropertyValueSpecification","valueRequired":true,"valueName":"search_term_string"}}],"inLanguage":"en-US"},{"@type":"Organization","@id":"https:\/\/vulee.pl\/en\/#organization","name":"VUL\u00c9E sp. z o.o.","url":"https:\/\/vulee.pl\/en\/","logo":{"@type":"ImageObject","inLanguage":"en-US","@id":"https:\/\/vulee.pl\/en\/#\/schema\/logo\/image\/","url":"https:\/\/vulee.pl\/wp-content\/uploads\/2021\/05\/logo-vulee.svg","contentUrl":"https:\/\/vulee.pl\/wp-content\/uploads\/2021\/05\/logo-vulee.svg","width":156,"height":209,"caption":"VUL\u00c9E sp. z o.o."},"image":{"@id":"https:\/\/vulee.pl\/en\/#\/schema\/logo\/image\/"},"sameAs":["https:\/\/www.instagram.com\/vulee.jewelry\/"]}]}},"_links":{"self":[{"href":"https:\/\/vulee.pl\/en\/wp-json\/wp\/v2\/product\/7992","targetHints":{"allow":["GET"]}}],"collection":[{"href":"https:\/\/vulee.pl\/en\/wp-json\/wp\/v2\/product"}],"about":[{"href":"https:\/\/vulee.pl\/en\/wp-json\/wp\/v2\/types\/product"}],"replies":[{"embeddable":true,"href":"https:\/\/vulee.pl\/en\/wp-json\/wp\/v2\/comments?post=7992"}],"version-history":[{"count":2,"href":"https:\/\/vulee.pl\/en\/wp-json\/wp\/v2\/product\/7992\/revisions"}],"predecessor-version":[{"id":8073,"href":"https:\/\/vulee.pl\/en\/wp-json\/wp\/v2\/product\/7992\/revisions\/8073"}],"wp:featuredmedia":[{"embeddable":true,"href":"https:\/\/vulee.pl\/en\/wp-json\/wp\/v2\/media\/7995"}],"wp:attachment":[{"href":"https:\/\/vulee.pl\/en\/wp-json\/wp\/v2\/media?parent=7992"}],"wp:term":[{"taxonomy":"product_brand","embeddable":true,"href":"https:\/\/vulee.pl\/en\/wp-json\/wp\/v2\/product_brand?post=7992"},{"taxonomy":"product_cat","embeddable":true,"href":"https:\/\/vulee.pl\/en\/wp-json\/wp\/v2\/product_cat?post=7992"},{"taxonomy":"product_tag","embeddable":true,"href":"https:\/\/vulee.pl\/en\/wp-json\/wp\/v2\/product_tag?post=7992"},{"taxonomy":"woo-feed-brand","embeddable":true,"href":"https:\/\/vulee.pl\/en\/wp-json\/wp\/v2\/woo-feed-brand?post=7992"}],"curies":[{"name":"wp","href":"https:\/\/api.w.org\/{rel}","templated":true}]}}