{"id":6704,"date":"2024-07-18T00:45:22","date_gmt":"2024-07-17T22:45:22","guid":{"rendered":"https:\/\/vulee.pl\/?post_type=product&#038;p=6704"},"modified":"2025-05-21T13:38:56","modified_gmt":"2025-05-21T11:38:56","slug":"summer-lancuszek-do-okularow-pozlacany","status":"publish","type":"product","link":"https:\/\/vulee.pl\/en\/produkt\/summer-glasses-chain-gold\/","title":{"rendered":"SUMMER GLASSES CHAIN GOLD"},"content":{"rendered":"<p><\/p>\n<p>Vacation chain for glasses with cute sea shells and pearls. Made of 925 silver, 24-carat gold-plated. Finished with flexible black rubber bands, the clamping of which can be slightly adjusted.<\/p>\n<p>Chain length &#8211; 80 cm<\/p>\n<p>Made in Poland.<\/p>\n<p>The sea symbolizes peace, freedom and mystery. LA MER is a collection for those who love the sound of the waves and the smell of the sea breeze. It is dedicated to all those who find inner harmony and joy on the beach, taking energy from contact with nature. With jewelry from this series, you can always have a little bit of vacation with you.<\/p>\n<p><\/p>","protected":false},"excerpt":{"rendered":"<p>Vacation chain for glasses with cute sea shells and pearls. Made of 925 silver, 24-carat gold-plated. Finished with flexible black rubber bands, the clamping of which can be slightly adjusted. Chain length &#8211; 80 cm Made in Poland. The sea symbolizes peace, freedom and mystery. LA MER is a collection for those who love the [&hellip;]<\/p>\n","protected":false},"featured_media":6706,"comment_status":"open","ping_status":"closed","template":"","meta":{"_acf_changed":false,"inline_featured_image":false},"product_brand":[],"product_cat":[15,295,297,22,320],"product_tag":[115,104,94,87,316],"woo-feed-brand":[],"class_list":{"0":"post-6704","1":"product","2":"type-product","3":"status-publish","4":"has-post-thumbnail","6":"product_cat-bizuteria","7":"product_cat-la-mer","8":"product_cat-kolekcja-la-mer-pozlacane","9":"product_cat-kolekcje","10":"product_cat-lancuszki-do-okularow","11":"product_tag-bizuteria","12":"product_tag-bizuteria-pozlacana","13":"product_tag-minimalistic-jewelry","14":"product_tag-minimalistyczna-bizuteria","15":"product_tag-wakacyjna-bizuteria","17":"first","18":"instock","19":"taxable","20":"shipping-taxable","21":"purchasable","22":"product-type-simple"},"acf":[],"yoast_head":"<!-- This site is optimized with the Yoast SEO plugin v27.3 - https:\/\/yoast.com\/product\/yoast-seo-wordpress\/ -->\n<title>SUMMER GLASSES CHAIN GOLD - Vul\u00e9e<\/title>\n<meta name=\"robots\" content=\"index, follow, max-snippet:-1, max-image-preview:large, max-video-preview:-1\" \/>\n<link rel=\"canonical\" href=\"https:\/\/vulee.pl\/en\/produkt\/summer-lancuszek-do-okularow-pozlacany\/\" \/>\n<meta property=\"og:locale\" content=\"en_US\" \/>\n<meta property=\"og:type\" content=\"article\" \/>\n<meta property=\"og:title\" content=\"SUMMER GLASSES CHAIN GOLD - Vul\u00e9e\" \/>\n<meta property=\"og:description\" content=\"Vacation chain for glasses with cute sea shells and pearls. Made of 925 silver, 24-carat gold-plated. Finished with flexible black rubber bands, the clamping of which can be slightly adjusted. Chain length &#8211; 80 cm Made in Poland. The sea symbolizes peace, freedom and mystery. LA MER is a collection for those who love the [&hellip;]\" \/>\n<meta property=\"og:url\" content=\"https:\/\/vulee.pl\/en\/produkt\/summer-lancuszek-do-okularow-pozlacany\/\" \/>\n<meta property=\"og:site_name\" content=\"Vul\u00e9e\" \/>\n<meta property=\"article:modified_time\" content=\"2025-05-21T11:38:56+00:00\" \/>\n<meta property=\"og:image\" content=\"https:\/\/vulee.pl\/wp-content\/uploads\/2024\/07\/lancuszek-zloty.jpg\" \/>\n\t<meta property=\"og:image:width\" content=\"2000\" \/>\n\t<meta property=\"og:image:height\" content=\"2000\" \/>\n\t<meta property=\"og:image:type\" content=\"image\/jpeg\" \/>\n<meta name=\"twitter:card\" content=\"summary_large_image\" \/>\n<script type=\"application\/ld+json\" class=\"yoast-schema-graph\">{\"@context\":\"https:\\\/\\\/schema.org\",\"@graph\":[{\"@type\":\"WebPage\",\"@id\":\"https:\\\/\\\/vulee.pl\\\/en\\\/produkt\\\/summer-lancuszek-do-okularow-pozlacany\\\/\",\"url\":\"https:\\\/\\\/vulee.pl\\\/en\\\/produkt\\\/summer-lancuszek-do-okularow-pozlacany\\\/\",\"name\":\"SUMMER GLASSES CHAIN GOLD - Vul\u00e9e\",\"isPartOf\":{\"@id\":\"https:\\\/\\\/vulee.pl\\\/en\\\/#website\"},\"primaryImageOfPage\":{\"@id\":\"https:\\\/\\\/vulee.pl\\\/en\\\/produkt\\\/summer-lancuszek-do-okularow-pozlacany\\\/#primaryimage\"},\"image\":{\"@id\":\"https:\\\/\\\/vulee.pl\\\/produkt\\\/summer-lancuszek-do-okularow-pozlacany\\\/#primaryimage\"},\"thumbnailUrl\":\"https:\\\/\\\/vulee.pl\\\/wp-content\\\/uploads\\\/2024\\\/07\\\/lancuszek-zloty.jpg\",\"datePublished\":\"2024-07-17T22:45:22+00:00\",\"dateModified\":\"2025-05-21T11:38:56+00:00\",\"breadcrumb\":{\"@id\":\"https:\\\/\\\/vulee.pl\\\/en\\\/produkt\\\/summer-lancuszek-do-okularow-pozlacany\\\/#breadcrumb\"},\"inLanguage\":\"en-US\",\"potentialAction\":[{\"@type\":\"ReadAction\",\"target\":[[\"https:\\\/\\\/vulee.pl\\\/en\\\/produkt\\\/summer-lancuszek-do-okularow-pozlacany\\\/\"]]}]},{\"@type\":\"ImageObject\",\"inLanguage\":\"en-US\",\"@id\":\"https:\\\/\\\/vulee.pl\\\/en\\\/produkt\\\/summer-lancuszek-do-okularow-pozlacany\\\/#primaryimage\",\"url\":\"https:\\\/\\\/vulee.pl\\\/wp-content\\\/uploads\\\/2024\\\/07\\\/lancuszek-zloty.jpg\",\"contentUrl\":\"https:\\\/\\\/vulee.pl\\\/wp-content\\\/uploads\\\/2024\\\/07\\\/lancuszek-zloty.jpg\",\"width\":2000,\"height\":2000},{\"@type\":\"BreadcrumbList\",\"@id\":\"https:\\\/\\\/vulee.pl\\\/en\\\/produkt\\\/summer-lancuszek-do-okularow-pozlacany\\\/#breadcrumb\",\"itemListElement\":[{\"@type\":\"ListItem\",\"position\":1,\"name\":\"VUL\u00c9E\",\"item\":\"https:\\\/\\\/vulee.pl\\\/en\\\/\"},{\"@type\":\"ListItem\",\"position\":2,\"name\":\"sklep\",\"item\":\"https:\\\/\\\/vulee.pl\\\/en\\\/shop\\\/\"},{\"@type\":\"ListItem\",\"position\":3,\"name\":\"SUMMER \u0141A\u0143CUSZEK DO OKULAR\u00d3W POZ\u0141ACANY\"}]},{\"@type\":\"WebSite\",\"@id\":\"https:\\\/\\\/vulee.pl\\\/en\\\/#website\",\"url\":\"https:\\\/\\\/vulee.pl\\\/en\\\/\",\"name\":\"Vul\u00e9e zmys\u0142owa bi\u017cuteria dla os\u00f3b wra\u017cliwych\",\"description\":\"minimalistic, sensual jewelry made in Poland\",\"publisher\":{\"@id\":\"https:\\\/\\\/vulee.pl\\\/en\\\/#organization\"},\"alternateName\":\"Vul\u00e9e\",\"potentialAction\":[{\"@type\":\"SearchAction\",\"target\":{\"@type\":\"EntryPoint\",\"urlTemplate\":\"https:\\\/\\\/vulee.pl\\\/en\\\/?s={search_term_string}\"},\"query-input\":{\"@type\":\"PropertyValueSpecification\",\"valueRequired\":true,\"valueName\":\"search_term_string\"}}],\"inLanguage\":\"en-US\"},{\"@type\":\"Organization\",\"@id\":\"https:\\\/\\\/vulee.pl\\\/en\\\/#organization\",\"name\":\"VUL\u00c9E sp. z o.o.\",\"url\":\"https:\\\/\\\/vulee.pl\\\/en\\\/\",\"logo\":{\"@type\":\"ImageObject\",\"inLanguage\":\"en-US\",\"@id\":\"https:\\\/\\\/vulee.pl\\\/en\\\/#\\\/schema\\\/logo\\\/image\\\/\",\"url\":\"https:\\\/\\\/vulee.pl\\\/wp-content\\\/uploads\\\/2021\\\/05\\\/logo-vulee.svg\",\"contentUrl\":\"https:\\\/\\\/vulee.pl\\\/wp-content\\\/uploads\\\/2021\\\/05\\\/logo-vulee.svg\",\"width\":156,\"height\":209,\"caption\":\"VUL\u00c9E sp. z o.o.\"},\"image\":{\"@id\":\"https:\\\/\\\/vulee.pl\\\/en\\\/#\\\/schema\\\/logo\\\/image\\\/\"},\"sameAs\":[\"https:\\\/\\\/www.instagram.com\\\/vulee.jewelry\\\/\"]}]}<\/script>\n<!-- \/ Yoast SEO plugin. -->","yoast_head_json":{"title":"SUMMER GLASSES CHAIN GOLD - Vul\u00e9e","robots":{"index":"index","follow":"follow","max-snippet":"max-snippet:-1","max-image-preview":"max-image-preview:large","max-video-preview":"max-video-preview:-1"},"canonical":"https:\/\/vulee.pl\/en\/produkt\/summer-lancuszek-do-okularow-pozlacany\/","og_locale":"en_US","og_type":"article","og_title":"SUMMER GLASSES CHAIN GOLD - Vul\u00e9e","og_description":"Vacation chain for glasses with cute sea shells and pearls. Made of 925 silver, 24-carat gold-plated. Finished with flexible black rubber bands, the clamping of which can be slightly adjusted. Chain length &#8211; 80 cm Made in Poland. The sea symbolizes peace, freedom and mystery. LA MER is a collection for those who love the [&hellip;]","og_url":"https:\/\/vulee.pl\/en\/produkt\/summer-lancuszek-do-okularow-pozlacany\/","og_site_name":"Vul\u00e9e","article_modified_time":"2025-05-21T11:38:56+00:00","og_image":[{"width":2000,"height":2000,"url":"https:\/\/vulee.pl\/wp-content\/uploads\/2024\/07\/lancuszek-zloty.jpg","type":"image\/jpeg"}],"twitter_card":"summary_large_image","schema":{"@context":"https:\/\/schema.org","@graph":[{"@type":"WebPage","@id":"https:\/\/vulee.pl\/en\/produkt\/summer-lancuszek-do-okularow-pozlacany\/","url":"https:\/\/vulee.pl\/en\/produkt\/summer-lancuszek-do-okularow-pozlacany\/","name":"SUMMER GLASSES CHAIN GOLD - Vul\u00e9e","isPartOf":{"@id":"https:\/\/vulee.pl\/en\/#website"},"primaryImageOfPage":{"@id":"https:\/\/vulee.pl\/en\/produkt\/summer-lancuszek-do-okularow-pozlacany\/#primaryimage"},"image":{"@id":"https:\/\/vulee.pl\/produkt\/summer-lancuszek-do-okularow-pozlacany\/#primaryimage"},"thumbnailUrl":"https:\/\/vulee.pl\/wp-content\/uploads\/2024\/07\/lancuszek-zloty.jpg","datePublished":"2024-07-17T22:45:22+00:00","dateModified":"2025-05-21T11:38:56+00:00","breadcrumb":{"@id":"https:\/\/vulee.pl\/en\/produkt\/summer-lancuszek-do-okularow-pozlacany\/#breadcrumb"},"inLanguage":"en-US","potentialAction":[{"@type":"ReadAction","target":[["https:\/\/vulee.pl\/en\/produkt\/summer-lancuszek-do-okularow-pozlacany\/"]]}]},{"@type":"ImageObject","inLanguage":"en-US","@id":"https:\/\/vulee.pl\/en\/produkt\/summer-lancuszek-do-okularow-pozlacany\/#primaryimage","url":"https:\/\/vulee.pl\/wp-content\/uploads\/2024\/07\/lancuszek-zloty.jpg","contentUrl":"https:\/\/vulee.pl\/wp-content\/uploads\/2024\/07\/lancuszek-zloty.jpg","width":2000,"height":2000},{"@type":"BreadcrumbList","@id":"https:\/\/vulee.pl\/en\/produkt\/summer-lancuszek-do-okularow-pozlacany\/#breadcrumb","itemListElement":[{"@type":"ListItem","position":1,"name":"VUL\u00c9E","item":"https:\/\/vulee.pl\/en\/"},{"@type":"ListItem","position":2,"name":"sklep","item":"https:\/\/vulee.pl\/en\/shop\/"},{"@type":"ListItem","position":3,"name":"SUMMER \u0141A\u0143CUSZEK DO OKULAR\u00d3W POZ\u0141ACANY"}]},{"@type":"WebSite","@id":"https:\/\/vulee.pl\/en\/#website","url":"https:\/\/vulee.pl\/en\/","name":"Vul\u00e9e zmys\u0142owa bi\u017cuteria dla os\u00f3b wra\u017cliwych","description":"minimalistic, sensual jewelry made in Poland","publisher":{"@id":"https:\/\/vulee.pl\/en\/#organization"},"alternateName":"Vul\u00e9e","potentialAction":[{"@type":"SearchAction","target":{"@type":"EntryPoint","urlTemplate":"https:\/\/vulee.pl\/en\/?s={search_term_string}"},"query-input":{"@type":"PropertyValueSpecification","valueRequired":true,"valueName":"search_term_string"}}],"inLanguage":"en-US"},{"@type":"Organization","@id":"https:\/\/vulee.pl\/en\/#organization","name":"VUL\u00c9E sp. z o.o.","url":"https:\/\/vulee.pl\/en\/","logo":{"@type":"ImageObject","inLanguage":"en-US","@id":"https:\/\/vulee.pl\/en\/#\/schema\/logo\/image\/","url":"https:\/\/vulee.pl\/wp-content\/uploads\/2021\/05\/logo-vulee.svg","contentUrl":"https:\/\/vulee.pl\/wp-content\/uploads\/2021\/05\/logo-vulee.svg","width":156,"height":209,"caption":"VUL\u00c9E sp. z o.o."},"image":{"@id":"https:\/\/vulee.pl\/en\/#\/schema\/logo\/image\/"},"sameAs":["https:\/\/www.instagram.com\/vulee.jewelry\/"]}]}},"_links":{"self":[{"href":"https:\/\/vulee.pl\/en\/wp-json\/wp\/v2\/product\/6704","targetHints":{"allow":["GET"]}}],"collection":[{"href":"https:\/\/vulee.pl\/en\/wp-json\/wp\/v2\/product"}],"about":[{"href":"https:\/\/vulee.pl\/en\/wp-json\/wp\/v2\/types\/product"}],"replies":[{"embeddable":true,"href":"https:\/\/vulee.pl\/en\/wp-json\/wp\/v2\/comments?post=6704"}],"version-history":[{"count":0,"href":"https:\/\/vulee.pl\/en\/wp-json\/wp\/v2\/product\/6704\/revisions"}],"wp:featuredmedia":[{"embeddable":true,"href":"https:\/\/vulee.pl\/en\/wp-json\/wp\/v2\/media\/6706"}],"wp:attachment":[{"href":"https:\/\/vulee.pl\/en\/wp-json\/wp\/v2\/media?parent=6704"}],"wp:term":[{"taxonomy":"product_brand","embeddable":true,"href":"https:\/\/vulee.pl\/en\/wp-json\/wp\/v2\/product_brand?post=6704"},{"taxonomy":"product_cat","embeddable":true,"href":"https:\/\/vulee.pl\/en\/wp-json\/wp\/v2\/product_cat?post=6704"},{"taxonomy":"product_tag","embeddable":true,"href":"https:\/\/vulee.pl\/en\/wp-json\/wp\/v2\/product_tag?post=6704"},{"taxonomy":"woo-feed-brand","embeddable":true,"href":"https:\/\/vulee.pl\/en\/wp-json\/wp\/v2\/woo-feed-brand?post=6704"}],"curies":[{"name":"wp","href":"https:\/\/api.w.org\/{rel}","templated":true}]}}