{"id":6537,"date":"2024-06-21T06:46:52","date_gmt":"2024-06-21T04:46:52","guid":{"rendered":"https:\/\/vulee.pl\/?post_type=product&#038;p=6537"},"modified":"2026-02-21T18:21:15","modified_gmt":"2026-02-21T17:21:15","slug":"summer-kolczyki-srebrne","status":"publish","type":"product","link":"https:\/\/vulee.pl\/en\/produkt\/summer-earrings-silver\/","title":{"rendered":"SUMMER EARRINGS SILVER"},"content":{"rendered":"<p><\/p>\n<p>Beautiful vacation earrings in the shape of a shell with a pearl. Pearls are irregularly shaped and may be different from each other. Made of 925 silver. Every silver VUL\u00c9E product is rhodium-plated which slows down natural process of patination. They create a perfect set with bracelets and a necklace from the collection. They will be a wonderful complement to every summer styling.<\/p>\n<p>Shell size &#8211; 2 cm x 1.7 cm<\/p>\n<p>Pearl length &#8211; approximately 1.2 cm<\/p>\n<p>Made in Poland.<\/p>\n<p>The sea symbolizes peace, freedom and mystery. LA MER is a collection for those who love the sound of the waves and the smell of the sea breeze. It is dedicated to all those who find inner harmony and joy on the beach, taking energy from contact with nature. With jewelry from this series, you can always have a little bit of vacation with you.<\/p>\n<p><\/p>","protected":false},"excerpt":{"rendered":"<p>Beautiful vacation earrings in the shape of a shell with a pearl. Pearls are irregularly shaped and may be different from each other. Made of 925 silver. Every silver VUL\u00c9E product is rhodium-plated which slows down natural process of patination. They create a perfect set with bracelets and a necklace from the collection. They will [&hellip;]<\/p>\n","protected":false},"featured_media":6543,"comment_status":"open","ping_status":"closed","template":"","meta":{"_acf_changed":false,"inline_featured_image":false},"product_brand":[],"product_cat":[15,26,295,296,22,33],"product_tag":[115,91,54,312,94,87,319,313,315],"woo-feed-brand":[],"class_list":{"0":"post-6537","1":"product","2":"type-product","3":"status-publish","4":"has-post-thumbnail","6":"product_cat-bizuteria","7":"product_cat-kolczyki","8":"product_cat-la-mer","9":"product_cat-kolekcja-le-mer-srebrne","10":"product_cat-kolekcje","11":"product_cat-srebrne-kolczyki","12":"product_tag-bizuteria","13":"product_tag-bizuteria-srebrna","14":"product_tag-kolczyki","15":"product_tag-kolczyki-perly","16":"product_tag-minimalistic-jewelry","17":"product_tag-minimalistyczna-bizuteria","18":"product_tag-muszla","19":"product_tag-perly","20":"product_tag-wakacyjne-kolczyki","22":"first","23":"instock","24":"taxable","25":"shipping-taxable","26":"purchasable","27":"product-type-simple"},"acf":[],"yoast_head":"<!-- This site is optimized with the Yoast SEO plugin v27.3 - https:\/\/yoast.com\/product\/yoast-seo-wordpress\/ -->\n<title>SUMMER EARRINGS SILVER - Vul\u00e9e<\/title>\n<meta name=\"robots\" content=\"index, follow, max-snippet:-1, max-image-preview:large, max-video-preview:-1\" \/>\n<link rel=\"canonical\" href=\"https:\/\/vulee.pl\/en\/produkt\/summer-kolczyki-srebrne\/\" \/>\n<meta property=\"og:locale\" content=\"en_US\" \/>\n<meta property=\"og:type\" content=\"article\" \/>\n<meta property=\"og:title\" content=\"SUMMER EARRINGS SILVER - Vul\u00e9e\" \/>\n<meta property=\"og:description\" content=\"Beautiful vacation earrings in the shape of a shell with a pearl. Pearls are irregularly shaped and may be different from each other. Made of 925 silver. Every silver VUL\u00c9E product is rhodium-plated which slows down natural process of patination. They create a perfect set with bracelets and a necklace from the collection. They will [&hellip;]\" \/>\n<meta property=\"og:url\" content=\"https:\/\/vulee.pl\/en\/produkt\/summer-kolczyki-srebrne\/\" \/>\n<meta property=\"og:site_name\" content=\"Vul\u00e9e\" \/>\n<meta property=\"article:modified_time\" content=\"2026-02-21T17:21:15+00:00\" \/>\n<meta property=\"og:image\" content=\"https:\/\/vulee.pl\/wp-content\/uploads\/2024\/06\/summer-silver.jpg\" \/>\n\t<meta property=\"og:image:width\" content=\"2000\" \/>\n\t<meta property=\"og:image:height\" content=\"2000\" \/>\n\t<meta property=\"og:image:type\" content=\"image\/jpeg\" \/>\n<meta name=\"twitter:card\" content=\"summary_large_image\" \/>\n<script type=\"application\/ld+json\" class=\"yoast-schema-graph\">{\"@context\":\"https:\\\/\\\/schema.org\",\"@graph\":[{\"@type\":\"WebPage\",\"@id\":\"https:\\\/\\\/vulee.pl\\\/en\\\/produkt\\\/summer-kolczyki-srebrne\\\/\",\"url\":\"https:\\\/\\\/vulee.pl\\\/en\\\/produkt\\\/summer-kolczyki-srebrne\\\/\",\"name\":\"SUMMER EARRINGS SILVER - Vul\u00e9e\",\"isPartOf\":{\"@id\":\"https:\\\/\\\/vulee.pl\\\/en\\\/#website\"},\"primaryImageOfPage\":{\"@id\":\"https:\\\/\\\/vulee.pl\\\/en\\\/produkt\\\/summer-kolczyki-srebrne\\\/#primaryimage\"},\"image\":{\"@id\":\"https:\\\/\\\/vulee.pl\\\/produkt\\\/summer-kolczyki-srebrne\\\/#primaryimage\"},\"thumbnailUrl\":\"https:\\\/\\\/vulee.pl\\\/wp-content\\\/uploads\\\/2024\\\/06\\\/summer-silver.jpg\",\"datePublished\":\"2024-06-21T04:46:52+00:00\",\"dateModified\":\"2026-02-21T17:21:15+00:00\",\"breadcrumb\":{\"@id\":\"https:\\\/\\\/vulee.pl\\\/en\\\/produkt\\\/summer-kolczyki-srebrne\\\/#breadcrumb\"},\"inLanguage\":\"en-US\",\"potentialAction\":[{\"@type\":\"ReadAction\",\"target\":[[\"https:\\\/\\\/vulee.pl\\\/en\\\/produkt\\\/summer-kolczyki-srebrne\\\/\"]]}]},{\"@type\":\"ImageObject\",\"inLanguage\":\"en-US\",\"@id\":\"https:\\\/\\\/vulee.pl\\\/en\\\/produkt\\\/summer-kolczyki-srebrne\\\/#primaryimage\",\"url\":\"https:\\\/\\\/vulee.pl\\\/wp-content\\\/uploads\\\/2024\\\/06\\\/summer-silver.jpg\",\"contentUrl\":\"https:\\\/\\\/vulee.pl\\\/wp-content\\\/uploads\\\/2024\\\/06\\\/summer-silver.jpg\",\"width\":2000,\"height\":2000},{\"@type\":\"BreadcrumbList\",\"@id\":\"https:\\\/\\\/vulee.pl\\\/en\\\/produkt\\\/summer-kolczyki-srebrne\\\/#breadcrumb\",\"itemListElement\":[{\"@type\":\"ListItem\",\"position\":1,\"name\":\"VUL\u00c9E\",\"item\":\"https:\\\/\\\/vulee.pl\\\/en\\\/\"},{\"@type\":\"ListItem\",\"position\":2,\"name\":\"sklep\",\"item\":\"https:\\\/\\\/vulee.pl\\\/en\\\/shop\\\/\"},{\"@type\":\"ListItem\",\"position\":3,\"name\":\"SUMMER KOLCZYKI SREBRNE\"}]},{\"@type\":\"WebSite\",\"@id\":\"https:\\\/\\\/vulee.pl\\\/en\\\/#website\",\"url\":\"https:\\\/\\\/vulee.pl\\\/en\\\/\",\"name\":\"Vul\u00e9e zmys\u0142owa bi\u017cuteria dla os\u00f3b wra\u017cliwych\",\"description\":\"minimalistic, sensual jewelry made in Poland\",\"publisher\":{\"@id\":\"https:\\\/\\\/vulee.pl\\\/en\\\/#organization\"},\"alternateName\":\"Vul\u00e9e\",\"potentialAction\":[{\"@type\":\"SearchAction\",\"target\":{\"@type\":\"EntryPoint\",\"urlTemplate\":\"https:\\\/\\\/vulee.pl\\\/en\\\/?s={search_term_string}\"},\"query-input\":{\"@type\":\"PropertyValueSpecification\",\"valueRequired\":true,\"valueName\":\"search_term_string\"}}],\"inLanguage\":\"en-US\"},{\"@type\":\"Organization\",\"@id\":\"https:\\\/\\\/vulee.pl\\\/en\\\/#organization\",\"name\":\"VUL\u00c9E sp. z o.o.\",\"url\":\"https:\\\/\\\/vulee.pl\\\/en\\\/\",\"logo\":{\"@type\":\"ImageObject\",\"inLanguage\":\"en-US\",\"@id\":\"https:\\\/\\\/vulee.pl\\\/en\\\/#\\\/schema\\\/logo\\\/image\\\/\",\"url\":\"https:\\\/\\\/vulee.pl\\\/wp-content\\\/uploads\\\/2021\\\/05\\\/logo-vulee.svg\",\"contentUrl\":\"https:\\\/\\\/vulee.pl\\\/wp-content\\\/uploads\\\/2021\\\/05\\\/logo-vulee.svg\",\"width\":156,\"height\":209,\"caption\":\"VUL\u00c9E sp. z o.o.\"},\"image\":{\"@id\":\"https:\\\/\\\/vulee.pl\\\/en\\\/#\\\/schema\\\/logo\\\/image\\\/\"},\"sameAs\":[\"https:\\\/\\\/www.instagram.com\\\/vulee.jewelry\\\/\"]}]}<\/script>\n<!-- \/ Yoast SEO plugin. -->","yoast_head_json":{"title":"SUMMER EARRINGS SILVER - Vul\u00e9e","robots":{"index":"index","follow":"follow","max-snippet":"max-snippet:-1","max-image-preview":"max-image-preview:large","max-video-preview":"max-video-preview:-1"},"canonical":"https:\/\/vulee.pl\/en\/produkt\/summer-kolczyki-srebrne\/","og_locale":"en_US","og_type":"article","og_title":"SUMMER EARRINGS SILVER - Vul\u00e9e","og_description":"Beautiful vacation earrings in the shape of a shell with a pearl. Pearls are irregularly shaped and may be different from each other. Made of 925 silver. Every silver VUL\u00c9E product is rhodium-plated which slows down natural process of patination. They create a perfect set with bracelets and a necklace from the collection. They will [&hellip;]","og_url":"https:\/\/vulee.pl\/en\/produkt\/summer-kolczyki-srebrne\/","og_site_name":"Vul\u00e9e","article_modified_time":"2026-02-21T17:21:15+00:00","og_image":[{"width":2000,"height":2000,"url":"https:\/\/vulee.pl\/wp-content\/uploads\/2024\/06\/summer-silver.jpg","type":"image\/jpeg"}],"twitter_card":"summary_large_image","schema":{"@context":"https:\/\/schema.org","@graph":[{"@type":"WebPage","@id":"https:\/\/vulee.pl\/en\/produkt\/summer-kolczyki-srebrne\/","url":"https:\/\/vulee.pl\/en\/produkt\/summer-kolczyki-srebrne\/","name":"SUMMER EARRINGS SILVER - Vul\u00e9e","isPartOf":{"@id":"https:\/\/vulee.pl\/en\/#website"},"primaryImageOfPage":{"@id":"https:\/\/vulee.pl\/en\/produkt\/summer-kolczyki-srebrne\/#primaryimage"},"image":{"@id":"https:\/\/vulee.pl\/produkt\/summer-kolczyki-srebrne\/#primaryimage"},"thumbnailUrl":"https:\/\/vulee.pl\/wp-content\/uploads\/2024\/06\/summer-silver.jpg","datePublished":"2024-06-21T04:46:52+00:00","dateModified":"2026-02-21T17:21:15+00:00","breadcrumb":{"@id":"https:\/\/vulee.pl\/en\/produkt\/summer-kolczyki-srebrne\/#breadcrumb"},"inLanguage":"en-US","potentialAction":[{"@type":"ReadAction","target":[["https:\/\/vulee.pl\/en\/produkt\/summer-kolczyki-srebrne\/"]]}]},{"@type":"ImageObject","inLanguage":"en-US","@id":"https:\/\/vulee.pl\/en\/produkt\/summer-kolczyki-srebrne\/#primaryimage","url":"https:\/\/vulee.pl\/wp-content\/uploads\/2024\/06\/summer-silver.jpg","contentUrl":"https:\/\/vulee.pl\/wp-content\/uploads\/2024\/06\/summer-silver.jpg","width":2000,"height":2000},{"@type":"BreadcrumbList","@id":"https:\/\/vulee.pl\/en\/produkt\/summer-kolczyki-srebrne\/#breadcrumb","itemListElement":[{"@type":"ListItem","position":1,"name":"VUL\u00c9E","item":"https:\/\/vulee.pl\/en\/"},{"@type":"ListItem","position":2,"name":"sklep","item":"https:\/\/vulee.pl\/en\/shop\/"},{"@type":"ListItem","position":3,"name":"SUMMER KOLCZYKI SREBRNE"}]},{"@type":"WebSite","@id":"https:\/\/vulee.pl\/en\/#website","url":"https:\/\/vulee.pl\/en\/","name":"Vul\u00e9e zmys\u0142owa bi\u017cuteria dla os\u00f3b wra\u017cliwych","description":"minimalistic, sensual jewelry made in Poland","publisher":{"@id":"https:\/\/vulee.pl\/en\/#organization"},"alternateName":"Vul\u00e9e","potentialAction":[{"@type":"SearchAction","target":{"@type":"EntryPoint","urlTemplate":"https:\/\/vulee.pl\/en\/?s={search_term_string}"},"query-input":{"@type":"PropertyValueSpecification","valueRequired":true,"valueName":"search_term_string"}}],"inLanguage":"en-US"},{"@type":"Organization","@id":"https:\/\/vulee.pl\/en\/#organization","name":"VUL\u00c9E sp. z o.o.","url":"https:\/\/vulee.pl\/en\/","logo":{"@type":"ImageObject","inLanguage":"en-US","@id":"https:\/\/vulee.pl\/en\/#\/schema\/logo\/image\/","url":"https:\/\/vulee.pl\/wp-content\/uploads\/2021\/05\/logo-vulee.svg","contentUrl":"https:\/\/vulee.pl\/wp-content\/uploads\/2021\/05\/logo-vulee.svg","width":156,"height":209,"caption":"VUL\u00c9E sp. z o.o."},"image":{"@id":"https:\/\/vulee.pl\/en\/#\/schema\/logo\/image\/"},"sameAs":["https:\/\/www.instagram.com\/vulee.jewelry\/"]}]}},"_links":{"self":[{"href":"https:\/\/vulee.pl\/en\/wp-json\/wp\/v2\/product\/6537","targetHints":{"allow":["GET"]}}],"collection":[{"href":"https:\/\/vulee.pl\/en\/wp-json\/wp\/v2\/product"}],"about":[{"href":"https:\/\/vulee.pl\/en\/wp-json\/wp\/v2\/types\/product"}],"replies":[{"embeddable":true,"href":"https:\/\/vulee.pl\/en\/wp-json\/wp\/v2\/comments?post=6537"}],"version-history":[{"count":1,"href":"https:\/\/vulee.pl\/en\/wp-json\/wp\/v2\/product\/6537\/revisions"}],"predecessor-version":[{"id":7843,"href":"https:\/\/vulee.pl\/en\/wp-json\/wp\/v2\/product\/6537\/revisions\/7843"}],"wp:featuredmedia":[{"embeddable":true,"href":"https:\/\/vulee.pl\/en\/wp-json\/wp\/v2\/media\/6543"}],"wp:attachment":[{"href":"https:\/\/vulee.pl\/en\/wp-json\/wp\/v2\/media?parent=6537"}],"wp:term":[{"taxonomy":"product_brand","embeddable":true,"href":"https:\/\/vulee.pl\/en\/wp-json\/wp\/v2\/product_brand?post=6537"},{"taxonomy":"product_cat","embeddable":true,"href":"https:\/\/vulee.pl\/en\/wp-json\/wp\/v2\/product_cat?post=6537"},{"taxonomy":"product_tag","embeddable":true,"href":"https:\/\/vulee.pl\/en\/wp-json\/wp\/v2\/product_tag?post=6537"},{"taxonomy":"woo-feed-brand","embeddable":true,"href":"https:\/\/vulee.pl\/en\/wp-json\/wp\/v2\/woo-feed-brand?post=6537"}],"curies":[{"name":"wp","href":"https:\/\/api.w.org\/{rel}","templated":true}]}}