{"id":6480,"date":"2024-06-21T06:52:32","date_gmt":"2024-06-21T04:52:32","guid":{"rendered":"https:\/\/vulee.pl\/?post_type=product&#038;p=6480"},"modified":"2025-07-21T22:58:01","modified_gmt":"2025-07-21T20:58:01","slug":"sea-shell-bransoletka-na-noge-pozlacana","status":"publish","type":"product","link":"https:\/\/vulee.pl\/en\/produkt\/sea-shell-ankle-bracelet\/","title":{"rendered":"SEA SHELL ANKLE BRACELET GOLD"},"content":{"rendered":"<p><\/p>\n<p>Bracelet with shells and a starfish. It is the perfect addition to every summer outfit. Made of 925 silver, 24-carat gold-plated.\u00a0 The bracelet extension is finished with a tiny pearl.\u00a0<\/p>\n<p>Shells symbolize protection, love and travel, while the starfish, thanks to its regenerative abilities, is a symbol of rebirth and hope.\u00a0<\/p>\n<p>Bracelet size &#8211; adjustable length 21-23,5 cm<\/p>\n<p>Made in Poland.<\/p>\n<p>The sea symbolizes peace, freedom and mystery. LA MER is a collection for those who love the sound of the waves and the smell of the sea breeze. It is dedicated to all those who find inner harmony and joy on the beach, taking energy from contact with nature. With jewelry from this series, you can always have a little bit of vacation with you.<\/p>\n<p><\/p>","protected":false},"excerpt":{"rendered":"<p>Bracelet with shells and a starfish. It is the perfect addition to every summer outfit. Made of 925 silver, 24-carat gold-plated.\u00a0 The bracelet extension is finished with a tiny pearl.\u00a0 Shells symbolize protection, love and travel, while the starfish, thanks to its regenerative abilities, is a symbol of rebirth and hope.\u00a0 Bracelet size &#8211; adjustable [&hellip;]<\/p>\n","protected":false},"featured_media":6488,"comment_status":"open","ping_status":"closed","template":"","meta":{"_acf_changed":false,"inline_featured_image":false},"product_brand":[],"product_cat":[15,30,295,297,22,44],"product_tag":[115,104,134,120,308,100,94,87,309],"woo-feed-brand":[],"class_list":{"0":"post-6480","1":"product","2":"type-product","3":"status-publish","4":"has-post-thumbnail","6":"product_cat-bizuteria","7":"product_cat-bransoletki","8":"product_cat-la-mer","9":"product_cat-kolekcja-la-mer-pozlacane","10":"product_cat-kolekcje","11":"product_cat-pozlacane-bransoletki","12":"product_tag-bizuteria","13":"product_tag-bizuteria-pozlacana","14":"product_tag-bracelet","15":"product_tag-bransoletka","16":"product_tag-bransoletka-na-noge","17":"product_tag-gold-plated-jewelry","18":"product_tag-minimalistic-jewelry","19":"product_tag-minimalistyczna-bizuteria","20":"product_tag-wakacyjna-bransoletka","22":"first","23":"instock","24":"taxable","25":"shipping-taxable","26":"purchasable","27":"product-type-simple"},"acf":[],"yoast_head":"<!-- This site is optimized with the Yoast SEO plugin v27.3 - https:\/\/yoast.com\/product\/yoast-seo-wordpress\/ -->\n<title>SEA SHELL ANKLE BRACELET GOLD - Vul\u00e9e<\/title>\n<meta name=\"robots\" content=\"index, follow, max-snippet:-1, max-image-preview:large, max-video-preview:-1\" \/>\n<link rel=\"canonical\" href=\"https:\/\/vulee.pl\/en\/produkt\/sea-shell-bransoletka-na-noge-pozlacana\/\" \/>\n<meta property=\"og:locale\" content=\"en_US\" \/>\n<meta property=\"og:type\" content=\"article\" \/>\n<meta property=\"og:title\" content=\"SEA SHELL ANKLE BRACELET GOLD - Vul\u00e9e\" \/>\n<meta property=\"og:description\" content=\"Bracelet with shells and a starfish. It is the perfect addition to every summer outfit. Made of 925 silver, 24-carat gold-plated.\u00a0 The bracelet extension is finished with a tiny pearl.\u00a0 Shells symbolize protection, love and travel, while the starfish, thanks to its regenerative abilities, is a symbol of rebirth and hope.\u00a0 Bracelet size &#8211; adjustable [&hellip;]\" \/>\n<meta property=\"og:url\" content=\"https:\/\/vulee.pl\/en\/produkt\/sea-shell-bransoletka-na-noge-pozlacana\/\" \/>\n<meta property=\"og:site_name\" content=\"Vul\u00e9e\" \/>\n<meta property=\"article:modified_time\" content=\"2025-07-21T20:58:01+00:00\" \/>\n<meta property=\"og:image\" content=\"https:\/\/vulee.pl\/wp-content\/uploads\/2024\/06\/seashell-gold-foot.jpg\" \/>\n\t<meta property=\"og:image:width\" content=\"2000\" \/>\n\t<meta property=\"og:image:height\" content=\"2000\" \/>\n\t<meta property=\"og:image:type\" content=\"image\/jpeg\" \/>\n<meta name=\"twitter:card\" content=\"summary_large_image\" \/>\n<script type=\"application\/ld+json\" class=\"yoast-schema-graph\">{\"@context\":\"https:\\\/\\\/schema.org\",\"@graph\":[{\"@type\":\"WebPage\",\"@id\":\"https:\\\/\\\/vulee.pl\\\/en\\\/produkt\\\/sea-shell-bransoletka-na-noge-pozlacana\\\/\",\"url\":\"https:\\\/\\\/vulee.pl\\\/en\\\/produkt\\\/sea-shell-bransoletka-na-noge-pozlacana\\\/\",\"name\":\"SEA SHELL ANKLE BRACELET GOLD - Vul\u00e9e\",\"isPartOf\":{\"@id\":\"https:\\\/\\\/vulee.pl\\\/en\\\/#website\"},\"primaryImageOfPage\":{\"@id\":\"https:\\\/\\\/vulee.pl\\\/en\\\/produkt\\\/sea-shell-bransoletka-na-noge-pozlacana\\\/#primaryimage\"},\"image\":{\"@id\":\"https:\\\/\\\/vulee.pl\\\/produkt\\\/sea-shell-bransoletka-na-noge-pozlacana\\\/#primaryimage\"},\"thumbnailUrl\":\"https:\\\/\\\/vulee.pl\\\/wp-content\\\/uploads\\\/2024\\\/06\\\/seashell-gold-foot.jpg\",\"datePublished\":\"2024-06-21T04:52:32+00:00\",\"dateModified\":\"2025-07-21T20:58:01+00:00\",\"breadcrumb\":{\"@id\":\"https:\\\/\\\/vulee.pl\\\/en\\\/produkt\\\/sea-shell-bransoletka-na-noge-pozlacana\\\/#breadcrumb\"},\"inLanguage\":\"en-US\",\"potentialAction\":[{\"@type\":\"ReadAction\",\"target\":[[\"https:\\\/\\\/vulee.pl\\\/en\\\/produkt\\\/sea-shell-bransoletka-na-noge-pozlacana\\\/\"]]}]},{\"@type\":\"ImageObject\",\"inLanguage\":\"en-US\",\"@id\":\"https:\\\/\\\/vulee.pl\\\/en\\\/produkt\\\/sea-shell-bransoletka-na-noge-pozlacana\\\/#primaryimage\",\"url\":\"https:\\\/\\\/vulee.pl\\\/wp-content\\\/uploads\\\/2024\\\/06\\\/seashell-gold-foot.jpg\",\"contentUrl\":\"https:\\\/\\\/vulee.pl\\\/wp-content\\\/uploads\\\/2024\\\/06\\\/seashell-gold-foot.jpg\",\"width\":2000,\"height\":2000},{\"@type\":\"BreadcrumbList\",\"@id\":\"https:\\\/\\\/vulee.pl\\\/en\\\/produkt\\\/sea-shell-bransoletka-na-noge-pozlacana\\\/#breadcrumb\",\"itemListElement\":[{\"@type\":\"ListItem\",\"position\":1,\"name\":\"VUL\u00c9E\",\"item\":\"https:\\\/\\\/vulee.pl\\\/en\\\/\"},{\"@type\":\"ListItem\",\"position\":2,\"name\":\"sklep\",\"item\":\"https:\\\/\\\/vulee.pl\\\/en\\\/shop\\\/\"},{\"@type\":\"ListItem\",\"position\":3,\"name\":\"SEA SHELL BRANSOLETKA NA NOG\u0118 POZ\u0141ACANA\"}]},{\"@type\":\"WebSite\",\"@id\":\"https:\\\/\\\/vulee.pl\\\/en\\\/#website\",\"url\":\"https:\\\/\\\/vulee.pl\\\/en\\\/\",\"name\":\"Vul\u00e9e zmys\u0142owa bi\u017cuteria dla os\u00f3b wra\u017cliwych\",\"description\":\"minimalistic, sensual jewelry made in Poland\",\"publisher\":{\"@id\":\"https:\\\/\\\/vulee.pl\\\/en\\\/#organization\"},\"alternateName\":\"Vul\u00e9e\",\"potentialAction\":[{\"@type\":\"SearchAction\",\"target\":{\"@type\":\"EntryPoint\",\"urlTemplate\":\"https:\\\/\\\/vulee.pl\\\/en\\\/?s={search_term_string}\"},\"query-input\":{\"@type\":\"PropertyValueSpecification\",\"valueRequired\":true,\"valueName\":\"search_term_string\"}}],\"inLanguage\":\"en-US\"},{\"@type\":\"Organization\",\"@id\":\"https:\\\/\\\/vulee.pl\\\/en\\\/#organization\",\"name\":\"VUL\u00c9E sp. z o.o.\",\"url\":\"https:\\\/\\\/vulee.pl\\\/en\\\/\",\"logo\":{\"@type\":\"ImageObject\",\"inLanguage\":\"en-US\",\"@id\":\"https:\\\/\\\/vulee.pl\\\/en\\\/#\\\/schema\\\/logo\\\/image\\\/\",\"url\":\"https:\\\/\\\/vulee.pl\\\/wp-content\\\/uploads\\\/2021\\\/05\\\/logo-vulee.svg\",\"contentUrl\":\"https:\\\/\\\/vulee.pl\\\/wp-content\\\/uploads\\\/2021\\\/05\\\/logo-vulee.svg\",\"width\":156,\"height\":209,\"caption\":\"VUL\u00c9E sp. z o.o.\"},\"image\":{\"@id\":\"https:\\\/\\\/vulee.pl\\\/en\\\/#\\\/schema\\\/logo\\\/image\\\/\"},\"sameAs\":[\"https:\\\/\\\/www.instagram.com\\\/vulee.jewelry\\\/\"]}]}<\/script>\n<!-- \/ Yoast SEO plugin. -->","yoast_head_json":{"title":"SEA SHELL ANKLE BRACELET GOLD - Vul\u00e9e","robots":{"index":"index","follow":"follow","max-snippet":"max-snippet:-1","max-image-preview":"max-image-preview:large","max-video-preview":"max-video-preview:-1"},"canonical":"https:\/\/vulee.pl\/en\/produkt\/sea-shell-bransoletka-na-noge-pozlacana\/","og_locale":"en_US","og_type":"article","og_title":"SEA SHELL ANKLE BRACELET GOLD - Vul\u00e9e","og_description":"Bracelet with shells and a starfish. It is the perfect addition to every summer outfit. Made of 925 silver, 24-carat gold-plated.\u00a0 The bracelet extension is finished with a tiny pearl.\u00a0 Shells symbolize protection, love and travel, while the starfish, thanks to its regenerative abilities, is a symbol of rebirth and hope.\u00a0 Bracelet size &#8211; adjustable [&hellip;]","og_url":"https:\/\/vulee.pl\/en\/produkt\/sea-shell-bransoletka-na-noge-pozlacana\/","og_site_name":"Vul\u00e9e","article_modified_time":"2025-07-21T20:58:01+00:00","og_image":[{"width":2000,"height":2000,"url":"https:\/\/vulee.pl\/wp-content\/uploads\/2024\/06\/seashell-gold-foot.jpg","type":"image\/jpeg"}],"twitter_card":"summary_large_image","schema":{"@context":"https:\/\/schema.org","@graph":[{"@type":"WebPage","@id":"https:\/\/vulee.pl\/en\/produkt\/sea-shell-bransoletka-na-noge-pozlacana\/","url":"https:\/\/vulee.pl\/en\/produkt\/sea-shell-bransoletka-na-noge-pozlacana\/","name":"SEA SHELL ANKLE BRACELET GOLD - Vul\u00e9e","isPartOf":{"@id":"https:\/\/vulee.pl\/en\/#website"},"primaryImageOfPage":{"@id":"https:\/\/vulee.pl\/en\/produkt\/sea-shell-bransoletka-na-noge-pozlacana\/#primaryimage"},"image":{"@id":"https:\/\/vulee.pl\/produkt\/sea-shell-bransoletka-na-noge-pozlacana\/#primaryimage"},"thumbnailUrl":"https:\/\/vulee.pl\/wp-content\/uploads\/2024\/06\/seashell-gold-foot.jpg","datePublished":"2024-06-21T04:52:32+00:00","dateModified":"2025-07-21T20:58:01+00:00","breadcrumb":{"@id":"https:\/\/vulee.pl\/en\/produkt\/sea-shell-bransoletka-na-noge-pozlacana\/#breadcrumb"},"inLanguage":"en-US","potentialAction":[{"@type":"ReadAction","target":[["https:\/\/vulee.pl\/en\/produkt\/sea-shell-bransoletka-na-noge-pozlacana\/"]]}]},{"@type":"ImageObject","inLanguage":"en-US","@id":"https:\/\/vulee.pl\/en\/produkt\/sea-shell-bransoletka-na-noge-pozlacana\/#primaryimage","url":"https:\/\/vulee.pl\/wp-content\/uploads\/2024\/06\/seashell-gold-foot.jpg","contentUrl":"https:\/\/vulee.pl\/wp-content\/uploads\/2024\/06\/seashell-gold-foot.jpg","width":2000,"height":2000},{"@type":"BreadcrumbList","@id":"https:\/\/vulee.pl\/en\/produkt\/sea-shell-bransoletka-na-noge-pozlacana\/#breadcrumb","itemListElement":[{"@type":"ListItem","position":1,"name":"VUL\u00c9E","item":"https:\/\/vulee.pl\/en\/"},{"@type":"ListItem","position":2,"name":"sklep","item":"https:\/\/vulee.pl\/en\/shop\/"},{"@type":"ListItem","position":3,"name":"SEA SHELL BRANSOLETKA NA NOG\u0118 POZ\u0141ACANA"}]},{"@type":"WebSite","@id":"https:\/\/vulee.pl\/en\/#website","url":"https:\/\/vulee.pl\/en\/","name":"Vul\u00e9e zmys\u0142owa bi\u017cuteria dla os\u00f3b wra\u017cliwych","description":"minimalistic, sensual jewelry made in Poland","publisher":{"@id":"https:\/\/vulee.pl\/en\/#organization"},"alternateName":"Vul\u00e9e","potentialAction":[{"@type":"SearchAction","target":{"@type":"EntryPoint","urlTemplate":"https:\/\/vulee.pl\/en\/?s={search_term_string}"},"query-input":{"@type":"PropertyValueSpecification","valueRequired":true,"valueName":"search_term_string"}}],"inLanguage":"en-US"},{"@type":"Organization","@id":"https:\/\/vulee.pl\/en\/#organization","name":"VUL\u00c9E sp. z o.o.","url":"https:\/\/vulee.pl\/en\/","logo":{"@type":"ImageObject","inLanguage":"en-US","@id":"https:\/\/vulee.pl\/en\/#\/schema\/logo\/image\/","url":"https:\/\/vulee.pl\/wp-content\/uploads\/2021\/05\/logo-vulee.svg","contentUrl":"https:\/\/vulee.pl\/wp-content\/uploads\/2021\/05\/logo-vulee.svg","width":156,"height":209,"caption":"VUL\u00c9E sp. z o.o."},"image":{"@id":"https:\/\/vulee.pl\/en\/#\/schema\/logo\/image\/"},"sameAs":["https:\/\/www.instagram.com\/vulee.jewelry\/"]}]}},"_links":{"self":[{"href":"https:\/\/vulee.pl\/en\/wp-json\/wp\/v2\/product\/6480","targetHints":{"allow":["GET"]}}],"collection":[{"href":"https:\/\/vulee.pl\/en\/wp-json\/wp\/v2\/product"}],"about":[{"href":"https:\/\/vulee.pl\/en\/wp-json\/wp\/v2\/types\/product"}],"replies":[{"embeddable":true,"href":"https:\/\/vulee.pl\/en\/wp-json\/wp\/v2\/comments?post=6480"}],"version-history":[{"count":1,"href":"https:\/\/vulee.pl\/en\/wp-json\/wp\/v2\/product\/6480\/revisions"}],"predecessor-version":[{"id":7840,"href":"https:\/\/vulee.pl\/en\/wp-json\/wp\/v2\/product\/6480\/revisions\/7840"}],"wp:featuredmedia":[{"embeddable":true,"href":"https:\/\/vulee.pl\/en\/wp-json\/wp\/v2\/media\/6488"}],"wp:attachment":[{"href":"https:\/\/vulee.pl\/en\/wp-json\/wp\/v2\/media?parent=6480"}],"wp:term":[{"taxonomy":"product_brand","embeddable":true,"href":"https:\/\/vulee.pl\/en\/wp-json\/wp\/v2\/product_brand?post=6480"},{"taxonomy":"product_cat","embeddable":true,"href":"https:\/\/vulee.pl\/en\/wp-json\/wp\/v2\/product_cat?post=6480"},{"taxonomy":"product_tag","embeddable":true,"href":"https:\/\/vulee.pl\/en\/wp-json\/wp\/v2\/product_tag?post=6480"},{"taxonomy":"woo-feed-brand","embeddable":true,"href":"https:\/\/vulee.pl\/en\/wp-json\/wp\/v2\/woo-feed-brand?post=6480"}],"curies":[{"name":"wp","href":"https:\/\/api.w.org\/{rel}","templated":true}]}}