{"id":6471,"date":"2024-06-21T06:53:54","date_gmt":"2024-06-21T04:53:54","guid":{"rendered":"https:\/\/vulee.pl\/?post_type=product&#038;p=6471"},"modified":"2025-12-13T22:24:30","modified_gmt":"2025-12-13T21:24:30","slug":"sea-shell-bransoletka-na-reke-srebrna","status":"publish","type":"product","link":"https:\/\/vulee.pl\/en\/produkt\/sea-shell-bracelet-silver\/","title":{"rendered":"SEA SHELL BRACELET SILVER"},"content":{"rendered":"<p><\/p>\n<p>Bracelet with shells and a starfish. It is the perfect addition to every summer outfit. Made of 925 silver. Every silver VUL\u00c9E product is rhodium-plated which slows down natural process of patination. The bracelet extension is finished with a tiny pearl.\u00a0<\/p>\n<p>Shells symbolize protection, love and travel, while the starfish, thanks to its regenerative abilities, is a symbol of rebirth and hope.\u00a0<\/p>\n<p>Bracelet length &#8211; adjustable length 16-19 cm<\/p>\n<p>Made in Poland.<\/p>\n<p>The sea symbolizes peace, freedom and mystery. LA MER is a collection for those who love the sound of the waves and the smell of the sea breeze. It is dedicated to all those who find inner harmony and joy on the beach, taking energy from contact with nature. With jewelry from this series, you can always have a little bit of vacation with you.<\/p>\n<p><\/p>","protected":false},"excerpt":{"rendered":"<p>Bracelet with shells and a starfish. It is the perfect addition to every summer outfit. Made of 925 silver. Every silver VUL\u00c9E product is rhodium-plated which slows down natural process of patination. The bracelet extension is finished with a tiny pearl.\u00a0 Shells symbolize protection, love and travel, while the starfish, thanks to its regenerative abilities, [&hellip;]<\/p>\n","protected":false},"featured_media":6474,"comment_status":"open","ping_status":"closed","template":"","meta":{"_acf_changed":false,"inline_featured_image":false},"product_brand":[],"product_cat":[15,30,295,296,22,35],"product_tag":[115,91,134,120,307,87,306],"woo-feed-brand":[],"class_list":{"0":"post-6471","1":"product","2":"type-product","3":"status-publish","4":"has-post-thumbnail","6":"product_cat-bizuteria","7":"product_cat-bransoletki","8":"product_cat-la-mer","9":"product_cat-kolekcja-le-mer-srebrne","10":"product_cat-kolekcje","11":"product_cat-srebrne-bransoletki","12":"product_tag-bizuteria","13":"product_tag-bizuteria-srebrna","14":"product_tag-bracelet","15":"product_tag-bransoletka","16":"product_tag-bransoletka-srebrna","17":"product_tag-minimalistyczna-bizuteria","18":"product_tag-muszelki","20":"first","21":"instock","22":"taxable","23":"shipping-taxable","24":"purchasable","25":"product-type-simple"},"acf":[],"yoast_head":"<!-- This site is optimized with the Yoast SEO plugin v27.3 - https:\/\/yoast.com\/product\/yoast-seo-wordpress\/ -->\n<title>SEA SHELL BRACELET SILVER - Vul\u00e9e<\/title>\n<meta name=\"robots\" content=\"index, follow, max-snippet:-1, max-image-preview:large, max-video-preview:-1\" \/>\n<link rel=\"canonical\" href=\"https:\/\/vulee.pl\/en\/produkt\/sea-shell-bransoletka-na-reke-srebrna\/\" \/>\n<meta property=\"og:locale\" content=\"en_US\" \/>\n<meta property=\"og:type\" content=\"article\" \/>\n<meta property=\"og:title\" content=\"SEA SHELL BRACELET SILVER - Vul\u00e9e\" \/>\n<meta property=\"og:description\" content=\"Bracelet with shells and a starfish. It is the perfect addition to every summer outfit. Made of 925 silver. Every silver VUL\u00c9E product is rhodium-plated which slows down natural process of patination. The bracelet extension is finished with a tiny pearl.\u00a0 Shells symbolize protection, love and travel, while the starfish, thanks to its regenerative abilities, [&hellip;]\" \/>\n<meta property=\"og:url\" content=\"https:\/\/vulee.pl\/en\/produkt\/sea-shell-bransoletka-na-reke-srebrna\/\" \/>\n<meta property=\"og:site_name\" content=\"Vul\u00e9e\" \/>\n<meta property=\"article:modified_time\" content=\"2025-12-13T21:24:30+00:00\" \/>\n<meta property=\"og:image\" content=\"https:\/\/vulee.pl\/wp-content\/uploads\/2024\/06\/seashell-bracelet-silver.jpg\" \/>\n\t<meta property=\"og:image:width\" content=\"2000\" \/>\n\t<meta property=\"og:image:height\" content=\"2000\" \/>\n\t<meta property=\"og:image:type\" content=\"image\/jpeg\" \/>\n<meta name=\"twitter:card\" content=\"summary_large_image\" \/>\n<script type=\"application\/ld+json\" class=\"yoast-schema-graph\">{\"@context\":\"https:\\\/\\\/schema.org\",\"@graph\":[{\"@type\":\"WebPage\",\"@id\":\"https:\\\/\\\/vulee.pl\\\/en\\\/produkt\\\/sea-shell-bransoletka-na-reke-srebrna\\\/\",\"url\":\"https:\\\/\\\/vulee.pl\\\/en\\\/produkt\\\/sea-shell-bransoletka-na-reke-srebrna\\\/\",\"name\":\"SEA SHELL BRACELET SILVER - Vul\u00e9e\",\"isPartOf\":{\"@id\":\"https:\\\/\\\/vulee.pl\\\/en\\\/#website\"},\"primaryImageOfPage\":{\"@id\":\"https:\\\/\\\/vulee.pl\\\/en\\\/produkt\\\/sea-shell-bransoletka-na-reke-srebrna\\\/#primaryimage\"},\"image\":{\"@id\":\"https:\\\/\\\/vulee.pl\\\/produkt\\\/sea-shell-bransoletka-na-reke-srebrna\\\/#primaryimage\"},\"thumbnailUrl\":\"https:\\\/\\\/vulee.pl\\\/wp-content\\\/uploads\\\/2024\\\/06\\\/seashell-bracelet-silver.jpg\",\"datePublished\":\"2024-06-21T04:53:54+00:00\",\"dateModified\":\"2025-12-13T21:24:30+00:00\",\"breadcrumb\":{\"@id\":\"https:\\\/\\\/vulee.pl\\\/en\\\/produkt\\\/sea-shell-bransoletka-na-reke-srebrna\\\/#breadcrumb\"},\"inLanguage\":\"en-US\",\"potentialAction\":[{\"@type\":\"ReadAction\",\"target\":[[\"https:\\\/\\\/vulee.pl\\\/en\\\/produkt\\\/sea-shell-bransoletka-na-reke-srebrna\\\/\"]]}]},{\"@type\":\"ImageObject\",\"inLanguage\":\"en-US\",\"@id\":\"https:\\\/\\\/vulee.pl\\\/en\\\/produkt\\\/sea-shell-bransoletka-na-reke-srebrna\\\/#primaryimage\",\"url\":\"https:\\\/\\\/vulee.pl\\\/wp-content\\\/uploads\\\/2024\\\/06\\\/seashell-bracelet-silver.jpg\",\"contentUrl\":\"https:\\\/\\\/vulee.pl\\\/wp-content\\\/uploads\\\/2024\\\/06\\\/seashell-bracelet-silver.jpg\",\"width\":2000,\"height\":2000},{\"@type\":\"BreadcrumbList\",\"@id\":\"https:\\\/\\\/vulee.pl\\\/en\\\/produkt\\\/sea-shell-bransoletka-na-reke-srebrna\\\/#breadcrumb\",\"itemListElement\":[{\"@type\":\"ListItem\",\"position\":1,\"name\":\"VUL\u00c9E\",\"item\":\"https:\\\/\\\/vulee.pl\\\/en\\\/\"},{\"@type\":\"ListItem\",\"position\":2,\"name\":\"sklep\",\"item\":\"https:\\\/\\\/vulee.pl\\\/en\\\/shop\\\/\"},{\"@type\":\"ListItem\",\"position\":3,\"name\":\"SEA SHELL BRANSOLETKA NA R\u0118K\u0118 SREBRNA\"}]},{\"@type\":\"WebSite\",\"@id\":\"https:\\\/\\\/vulee.pl\\\/en\\\/#website\",\"url\":\"https:\\\/\\\/vulee.pl\\\/en\\\/\",\"name\":\"Vul\u00e9e zmys\u0142owa bi\u017cuteria dla os\u00f3b wra\u017cliwych\",\"description\":\"minimalistic, sensual jewelry made in Poland\",\"publisher\":{\"@id\":\"https:\\\/\\\/vulee.pl\\\/en\\\/#organization\"},\"alternateName\":\"Vul\u00e9e\",\"potentialAction\":[{\"@type\":\"SearchAction\",\"target\":{\"@type\":\"EntryPoint\",\"urlTemplate\":\"https:\\\/\\\/vulee.pl\\\/en\\\/?s={search_term_string}\"},\"query-input\":{\"@type\":\"PropertyValueSpecification\",\"valueRequired\":true,\"valueName\":\"search_term_string\"}}],\"inLanguage\":\"en-US\"},{\"@type\":\"Organization\",\"@id\":\"https:\\\/\\\/vulee.pl\\\/en\\\/#organization\",\"name\":\"VUL\u00c9E sp. z o.o.\",\"url\":\"https:\\\/\\\/vulee.pl\\\/en\\\/\",\"logo\":{\"@type\":\"ImageObject\",\"inLanguage\":\"en-US\",\"@id\":\"https:\\\/\\\/vulee.pl\\\/en\\\/#\\\/schema\\\/logo\\\/image\\\/\",\"url\":\"https:\\\/\\\/vulee.pl\\\/wp-content\\\/uploads\\\/2021\\\/05\\\/logo-vulee.svg\",\"contentUrl\":\"https:\\\/\\\/vulee.pl\\\/wp-content\\\/uploads\\\/2021\\\/05\\\/logo-vulee.svg\",\"width\":156,\"height\":209,\"caption\":\"VUL\u00c9E sp. z o.o.\"},\"image\":{\"@id\":\"https:\\\/\\\/vulee.pl\\\/en\\\/#\\\/schema\\\/logo\\\/image\\\/\"},\"sameAs\":[\"https:\\\/\\\/www.instagram.com\\\/vulee.jewelry\\\/\"]}]}<\/script>\n<!-- \/ Yoast SEO plugin. -->","yoast_head_json":{"title":"SEA SHELL BRACELET SILVER - Vul\u00e9e","robots":{"index":"index","follow":"follow","max-snippet":"max-snippet:-1","max-image-preview":"max-image-preview:large","max-video-preview":"max-video-preview:-1"},"canonical":"https:\/\/vulee.pl\/en\/produkt\/sea-shell-bransoletka-na-reke-srebrna\/","og_locale":"en_US","og_type":"article","og_title":"SEA SHELL BRACELET SILVER - Vul\u00e9e","og_description":"Bracelet with shells and a starfish. It is the perfect addition to every summer outfit. Made of 925 silver. Every silver VUL\u00c9E product is rhodium-plated which slows down natural process of patination. The bracelet extension is finished with a tiny pearl.\u00a0 Shells symbolize protection, love and travel, while the starfish, thanks to its regenerative abilities, [&hellip;]","og_url":"https:\/\/vulee.pl\/en\/produkt\/sea-shell-bransoletka-na-reke-srebrna\/","og_site_name":"Vul\u00e9e","article_modified_time":"2025-12-13T21:24:30+00:00","og_image":[{"width":2000,"height":2000,"url":"https:\/\/vulee.pl\/wp-content\/uploads\/2024\/06\/seashell-bracelet-silver.jpg","type":"image\/jpeg"}],"twitter_card":"summary_large_image","schema":{"@context":"https:\/\/schema.org","@graph":[{"@type":"WebPage","@id":"https:\/\/vulee.pl\/en\/produkt\/sea-shell-bransoletka-na-reke-srebrna\/","url":"https:\/\/vulee.pl\/en\/produkt\/sea-shell-bransoletka-na-reke-srebrna\/","name":"SEA SHELL BRACELET SILVER - Vul\u00e9e","isPartOf":{"@id":"https:\/\/vulee.pl\/en\/#website"},"primaryImageOfPage":{"@id":"https:\/\/vulee.pl\/en\/produkt\/sea-shell-bransoletka-na-reke-srebrna\/#primaryimage"},"image":{"@id":"https:\/\/vulee.pl\/produkt\/sea-shell-bransoletka-na-reke-srebrna\/#primaryimage"},"thumbnailUrl":"https:\/\/vulee.pl\/wp-content\/uploads\/2024\/06\/seashell-bracelet-silver.jpg","datePublished":"2024-06-21T04:53:54+00:00","dateModified":"2025-12-13T21:24:30+00:00","breadcrumb":{"@id":"https:\/\/vulee.pl\/en\/produkt\/sea-shell-bransoletka-na-reke-srebrna\/#breadcrumb"},"inLanguage":"en-US","potentialAction":[{"@type":"ReadAction","target":[["https:\/\/vulee.pl\/en\/produkt\/sea-shell-bransoletka-na-reke-srebrna\/"]]}]},{"@type":"ImageObject","inLanguage":"en-US","@id":"https:\/\/vulee.pl\/en\/produkt\/sea-shell-bransoletka-na-reke-srebrna\/#primaryimage","url":"https:\/\/vulee.pl\/wp-content\/uploads\/2024\/06\/seashell-bracelet-silver.jpg","contentUrl":"https:\/\/vulee.pl\/wp-content\/uploads\/2024\/06\/seashell-bracelet-silver.jpg","width":2000,"height":2000},{"@type":"BreadcrumbList","@id":"https:\/\/vulee.pl\/en\/produkt\/sea-shell-bransoletka-na-reke-srebrna\/#breadcrumb","itemListElement":[{"@type":"ListItem","position":1,"name":"VUL\u00c9E","item":"https:\/\/vulee.pl\/en\/"},{"@type":"ListItem","position":2,"name":"sklep","item":"https:\/\/vulee.pl\/en\/shop\/"},{"@type":"ListItem","position":3,"name":"SEA SHELL BRANSOLETKA NA R\u0118K\u0118 SREBRNA"}]},{"@type":"WebSite","@id":"https:\/\/vulee.pl\/en\/#website","url":"https:\/\/vulee.pl\/en\/","name":"Vul\u00e9e zmys\u0142owa bi\u017cuteria dla os\u00f3b wra\u017cliwych","description":"minimalistic, sensual jewelry made in Poland","publisher":{"@id":"https:\/\/vulee.pl\/en\/#organization"},"alternateName":"Vul\u00e9e","potentialAction":[{"@type":"SearchAction","target":{"@type":"EntryPoint","urlTemplate":"https:\/\/vulee.pl\/en\/?s={search_term_string}"},"query-input":{"@type":"PropertyValueSpecification","valueRequired":true,"valueName":"search_term_string"}}],"inLanguage":"en-US"},{"@type":"Organization","@id":"https:\/\/vulee.pl\/en\/#organization","name":"VUL\u00c9E sp. z o.o.","url":"https:\/\/vulee.pl\/en\/","logo":{"@type":"ImageObject","inLanguage":"en-US","@id":"https:\/\/vulee.pl\/en\/#\/schema\/logo\/image\/","url":"https:\/\/vulee.pl\/wp-content\/uploads\/2021\/05\/logo-vulee.svg","contentUrl":"https:\/\/vulee.pl\/wp-content\/uploads\/2021\/05\/logo-vulee.svg","width":156,"height":209,"caption":"VUL\u00c9E sp. z o.o."},"image":{"@id":"https:\/\/vulee.pl\/en\/#\/schema\/logo\/image\/"},"sameAs":["https:\/\/www.instagram.com\/vulee.jewelry\/"]}]}},"_links":{"self":[{"href":"https:\/\/vulee.pl\/en\/wp-json\/wp\/v2\/product\/6471","targetHints":{"allow":["GET"]}}],"collection":[{"href":"https:\/\/vulee.pl\/en\/wp-json\/wp\/v2\/product"}],"about":[{"href":"https:\/\/vulee.pl\/en\/wp-json\/wp\/v2\/types\/product"}],"replies":[{"embeddable":true,"href":"https:\/\/vulee.pl\/en\/wp-json\/wp\/v2\/comments?post=6471"}],"version-history":[{"count":0,"href":"https:\/\/vulee.pl\/en\/wp-json\/wp\/v2\/product\/6471\/revisions"}],"wp:featuredmedia":[{"embeddable":true,"href":"https:\/\/vulee.pl\/en\/wp-json\/wp\/v2\/media\/6474"}],"wp:attachment":[{"href":"https:\/\/vulee.pl\/en\/wp-json\/wp\/v2\/media?parent=6471"}],"wp:term":[{"taxonomy":"product_brand","embeddable":true,"href":"https:\/\/vulee.pl\/en\/wp-json\/wp\/v2\/product_brand?post=6471"},{"taxonomy":"product_cat","embeddable":true,"href":"https:\/\/vulee.pl\/en\/wp-json\/wp\/v2\/product_cat?post=6471"},{"taxonomy":"product_tag","embeddable":true,"href":"https:\/\/vulee.pl\/en\/wp-json\/wp\/v2\/product_tag?post=6471"},{"taxonomy":"woo-feed-brand","embeddable":true,"href":"https:\/\/vulee.pl\/en\/wp-json\/wp\/v2\/woo-feed-brand?post=6471"}],"curies":[{"name":"wp","href":"https:\/\/api.w.org\/{rel}","templated":true}]}}