{"id":5318,"date":"2023-06-01T11:00:27","date_gmt":"2023-06-01T09:00:27","guid":{"rendered":"https:\/\/vulee.pl\/?post_type=product&#038;p=5318"},"modified":"2026-04-01T00:26:07","modified_gmt":"2026-03-31T22:26:07","slug":"wrzesien-powoj-naszyjnik-srebrny","status":"publish","type":"product","link":"https:\/\/vulee.pl\/en\/produkt\/september-morning-glory-necklace-silver\/","title":{"rendered":"SEPTEMBER  &#8211; MORNING GLORY NECKLACE SILVER"},"content":{"rendered":"<p><\/p>\n<p>The flower of September is morning glory. It symbolize love, sometimes unrequited. It may mean that true love takes time, but patience will pay off. It is also associated with transience, as it blooms and withers on the same day.<\/p>\n<p>The engraved medal is made of 925 silver. Hung on a delicate chain, available in three adjustable lengths.\u00a0Every silver VUL\u00c9E product is rhodium plated, which slows down the natural darkening process.\u00a0<\/p>\n<p>Pendant dimensions &#8211; 2 cm x 1.5 cm<\/p>\n<p>BIRTH FLOWERS is a collection of necklaces with delicate engraved medallions. You will find 12 models of pendants with flowers corresponding to the month of birth. It is a personal and subtle symbol that you can always have with you. Do you choose a model referring to your date of birth? Or maybe you prefer to choose the one related to the person important to you?<\/p>\n<p>&nbsp;<\/p>\n<p><\/p>","protected":false},"excerpt":{"rendered":"<p>The flower of September is morning glory. It symbolize love, sometimes unrequited. It may mean that true love takes time, but patience will pay off. It is also associated with transience, as it blooms and withers on the same day. The engraved medal is made of 925 silver. Hung on a delicate chain, available in [&hellip;]<\/p>\n","protected":false},"featured_media":5320,"comment_status":"open","ping_status":"closed","template":"","meta":{"_acf_changed":false,"inline_featured_image":false},"product_brand":[],"product_cat":[277,15,22,27,278,38,281],"product_tag":[115,91,94,130,110],"woo-feed-brand":[],"class_list":{"0":"post-5318","1":"product","2":"type-product","3":"status-publish","4":"has-post-thumbnail","6":"product_cat-birth-flowers","7":"product_cat-bizuteria","8":"product_cat-kolekcje","9":"product_cat-naszyjniki","10":"product_cat-naszyjniki-birth-flowers","11":"product_cat-srebrne-naszyjniki","12":"product_cat-srebrne-naszyjniki-birth-flowers","13":"product_tag-bizuteria","14":"product_tag-bizuteria-srebrna","15":"product_tag-minimalistic-jewelry","16":"product_tag-naszyjnik","17":"product_tag-srebrna-bizuteria","19":"first","20":"instock","21":"taxable","22":"shipping-taxable","23":"purchasable","24":"product-type-variable"},"acf":[],"yoast_head":"<!-- This site is optimized with the Yoast SEO plugin v27.3 - https:\/\/yoast.com\/product\/yoast-seo-wordpress\/ -->\n<title>SEPTEMBER - MORNING GLORY NECKLACE SILVER - Vul\u00e9e<\/title>\n<meta name=\"robots\" content=\"index, follow, max-snippet:-1, max-image-preview:large, max-video-preview:-1\" \/>\n<link rel=\"canonical\" href=\"https:\/\/vulee.pl\/en\/produkt\/wrzesien-powoj-naszyjnik-srebrny\/\" \/>\n<meta property=\"og:locale\" content=\"en_US\" \/>\n<meta property=\"og:type\" content=\"article\" \/>\n<meta property=\"og:title\" content=\"SEPTEMBER - MORNING GLORY NECKLACE SILVER - Vul\u00e9e\" \/>\n<meta property=\"og:description\" content=\"The flower of September is morning glory. It symbolize love, sometimes unrequited. It may mean that true love takes time, but patience will pay off. It is also associated with transience, as it blooms and withers on the same day. The engraved medal is made of 925 silver. Hung on a delicate chain, available in [&hellip;]\" \/>\n<meta property=\"og:url\" content=\"https:\/\/vulee.pl\/en\/produkt\/wrzesien-powoj-naszyjnik-srebrny\/\" \/>\n<meta property=\"og:site_name\" content=\"Vul\u00e9e\" \/>\n<meta property=\"article:modified_time\" content=\"2026-03-31T22:26:07+00:00\" \/>\n<meta property=\"og:image\" content=\"https:\/\/vulee.pl\/wp-content\/uploads\/2023\/05\/powoj-nasz-sr-scaled.jpg\" \/>\n\t<meta property=\"og:image:width\" content=\"2497\" \/>\n\t<meta property=\"og:image:height\" content=\"2560\" \/>\n\t<meta property=\"og:image:type\" content=\"image\/jpeg\" \/>\n<meta name=\"twitter:card\" content=\"summary_large_image\" \/>\n<script type=\"application\/ld+json\" class=\"yoast-schema-graph\">{\"@context\":\"https:\\\/\\\/schema.org\",\"@graph\":[{\"@type\":\"WebPage\",\"@id\":\"https:\\\/\\\/vulee.pl\\\/en\\\/produkt\\\/wrzesien-powoj-naszyjnik-srebrny\\\/\",\"url\":\"https:\\\/\\\/vulee.pl\\\/en\\\/produkt\\\/wrzesien-powoj-naszyjnik-srebrny\\\/\",\"name\":\"SEPTEMBER - MORNING GLORY NECKLACE SILVER - Vul\u00e9e\",\"isPartOf\":{\"@id\":\"https:\\\/\\\/vulee.pl\\\/en\\\/#website\"},\"primaryImageOfPage\":{\"@id\":\"https:\\\/\\\/vulee.pl\\\/en\\\/produkt\\\/wrzesien-powoj-naszyjnik-srebrny\\\/#primaryimage\"},\"image\":{\"@id\":\"https:\\\/\\\/vulee.pl\\\/produkt\\\/wrzesien-powoj-naszyjnik-srebrny\\\/#primaryimage\"},\"thumbnailUrl\":\"https:\\\/\\\/vulee.pl\\\/wp-content\\\/uploads\\\/2023\\\/05\\\/powoj-nasz-sr-scaled.jpg\",\"datePublished\":\"2023-06-01T09:00:27+00:00\",\"dateModified\":\"2026-03-31T22:26:07+00:00\",\"breadcrumb\":{\"@id\":\"https:\\\/\\\/vulee.pl\\\/en\\\/produkt\\\/wrzesien-powoj-naszyjnik-srebrny\\\/#breadcrumb\"},\"inLanguage\":\"en-US\",\"potentialAction\":[{\"@type\":\"ReadAction\",\"target\":[[\"https:\\\/\\\/vulee.pl\\\/en\\\/produkt\\\/wrzesien-powoj-naszyjnik-srebrny\\\/\"]]}]},{\"@type\":\"ImageObject\",\"inLanguage\":\"en-US\",\"@id\":\"https:\\\/\\\/vulee.pl\\\/en\\\/produkt\\\/wrzesien-powoj-naszyjnik-srebrny\\\/#primaryimage\",\"url\":\"https:\\\/\\\/vulee.pl\\\/wp-content\\\/uploads\\\/2023\\\/05\\\/powoj-nasz-sr-scaled.jpg\",\"contentUrl\":\"https:\\\/\\\/vulee.pl\\\/wp-content\\\/uploads\\\/2023\\\/05\\\/powoj-nasz-sr-scaled.jpg\",\"width\":2497,\"height\":2560},{\"@type\":\"BreadcrumbList\",\"@id\":\"https:\\\/\\\/vulee.pl\\\/en\\\/produkt\\\/wrzesien-powoj-naszyjnik-srebrny\\\/#breadcrumb\",\"itemListElement\":[{\"@type\":\"ListItem\",\"position\":1,\"name\":\"VUL\u00c9E\",\"item\":\"https:\\\/\\\/vulee.pl\\\/en\\\/\"},{\"@type\":\"ListItem\",\"position\":2,\"name\":\"sklep\",\"item\":\"https:\\\/\\\/vulee.pl\\\/en\\\/shop\\\/\"},{\"@type\":\"ListItem\",\"position\":3,\"name\":\"WRZESIE\u0143 &#8211; POW\u00d3J NASZYJNIK SREBRNY\"}]},{\"@type\":\"WebSite\",\"@id\":\"https:\\\/\\\/vulee.pl\\\/en\\\/#website\",\"url\":\"https:\\\/\\\/vulee.pl\\\/en\\\/\",\"name\":\"Vul\u00e9e zmys\u0142owa bi\u017cuteria dla os\u00f3b wra\u017cliwych\",\"description\":\"minimalistic, sensual jewelry made in Poland\",\"publisher\":{\"@id\":\"https:\\\/\\\/vulee.pl\\\/en\\\/#organization\"},\"alternateName\":\"Vul\u00e9e\",\"potentialAction\":[{\"@type\":\"SearchAction\",\"target\":{\"@type\":\"EntryPoint\",\"urlTemplate\":\"https:\\\/\\\/vulee.pl\\\/en\\\/?s={search_term_string}\"},\"query-input\":{\"@type\":\"PropertyValueSpecification\",\"valueRequired\":true,\"valueName\":\"search_term_string\"}}],\"inLanguage\":\"en-US\"},{\"@type\":\"Organization\",\"@id\":\"https:\\\/\\\/vulee.pl\\\/en\\\/#organization\",\"name\":\"VUL\u00c9E sp. z o.o.\",\"url\":\"https:\\\/\\\/vulee.pl\\\/en\\\/\",\"logo\":{\"@type\":\"ImageObject\",\"inLanguage\":\"en-US\",\"@id\":\"https:\\\/\\\/vulee.pl\\\/en\\\/#\\\/schema\\\/logo\\\/image\\\/\",\"url\":\"https:\\\/\\\/vulee.pl\\\/wp-content\\\/uploads\\\/2021\\\/05\\\/logo-vulee.svg\",\"contentUrl\":\"https:\\\/\\\/vulee.pl\\\/wp-content\\\/uploads\\\/2021\\\/05\\\/logo-vulee.svg\",\"width\":156,\"height\":209,\"caption\":\"VUL\u00c9E sp. z o.o.\"},\"image\":{\"@id\":\"https:\\\/\\\/vulee.pl\\\/en\\\/#\\\/schema\\\/logo\\\/image\\\/\"},\"sameAs\":[\"https:\\\/\\\/www.instagram.com\\\/vulee.jewelry\\\/\"]}]}<\/script>\n<!-- \/ Yoast SEO plugin. -->","yoast_head_json":{"title":"SEPTEMBER - MORNING GLORY NECKLACE SILVER - Vul\u00e9e","robots":{"index":"index","follow":"follow","max-snippet":"max-snippet:-1","max-image-preview":"max-image-preview:large","max-video-preview":"max-video-preview:-1"},"canonical":"https:\/\/vulee.pl\/en\/produkt\/wrzesien-powoj-naszyjnik-srebrny\/","og_locale":"en_US","og_type":"article","og_title":"SEPTEMBER - MORNING GLORY NECKLACE SILVER - Vul\u00e9e","og_description":"The flower of September is morning glory. It symbolize love, sometimes unrequited. It may mean that true love takes time, but patience will pay off. It is also associated with transience, as it blooms and withers on the same day. The engraved medal is made of 925 silver. Hung on a delicate chain, available in [&hellip;]","og_url":"https:\/\/vulee.pl\/en\/produkt\/wrzesien-powoj-naszyjnik-srebrny\/","og_site_name":"Vul\u00e9e","article_modified_time":"2026-03-31T22:26:07+00:00","og_image":[{"width":2497,"height":2560,"url":"https:\/\/vulee.pl\/wp-content\/uploads\/2023\/05\/powoj-nasz-sr-scaled.jpg","type":"image\/jpeg"}],"twitter_card":"summary_large_image","schema":{"@context":"https:\/\/schema.org","@graph":[{"@type":"WebPage","@id":"https:\/\/vulee.pl\/en\/produkt\/wrzesien-powoj-naszyjnik-srebrny\/","url":"https:\/\/vulee.pl\/en\/produkt\/wrzesien-powoj-naszyjnik-srebrny\/","name":"SEPTEMBER - MORNING GLORY NECKLACE SILVER - Vul\u00e9e","isPartOf":{"@id":"https:\/\/vulee.pl\/en\/#website"},"primaryImageOfPage":{"@id":"https:\/\/vulee.pl\/en\/produkt\/wrzesien-powoj-naszyjnik-srebrny\/#primaryimage"},"image":{"@id":"https:\/\/vulee.pl\/produkt\/wrzesien-powoj-naszyjnik-srebrny\/#primaryimage"},"thumbnailUrl":"https:\/\/vulee.pl\/wp-content\/uploads\/2023\/05\/powoj-nasz-sr-scaled.jpg","datePublished":"2023-06-01T09:00:27+00:00","dateModified":"2026-03-31T22:26:07+00:00","breadcrumb":{"@id":"https:\/\/vulee.pl\/en\/produkt\/wrzesien-powoj-naszyjnik-srebrny\/#breadcrumb"},"inLanguage":"en-US","potentialAction":[{"@type":"ReadAction","target":[["https:\/\/vulee.pl\/en\/produkt\/wrzesien-powoj-naszyjnik-srebrny\/"]]}]},{"@type":"ImageObject","inLanguage":"en-US","@id":"https:\/\/vulee.pl\/en\/produkt\/wrzesien-powoj-naszyjnik-srebrny\/#primaryimage","url":"https:\/\/vulee.pl\/wp-content\/uploads\/2023\/05\/powoj-nasz-sr-scaled.jpg","contentUrl":"https:\/\/vulee.pl\/wp-content\/uploads\/2023\/05\/powoj-nasz-sr-scaled.jpg","width":2497,"height":2560},{"@type":"BreadcrumbList","@id":"https:\/\/vulee.pl\/en\/produkt\/wrzesien-powoj-naszyjnik-srebrny\/#breadcrumb","itemListElement":[{"@type":"ListItem","position":1,"name":"VUL\u00c9E","item":"https:\/\/vulee.pl\/en\/"},{"@type":"ListItem","position":2,"name":"sklep","item":"https:\/\/vulee.pl\/en\/shop\/"},{"@type":"ListItem","position":3,"name":"WRZESIE\u0143 &#8211; POW\u00d3J NASZYJNIK SREBRNY"}]},{"@type":"WebSite","@id":"https:\/\/vulee.pl\/en\/#website","url":"https:\/\/vulee.pl\/en\/","name":"Vul\u00e9e zmys\u0142owa bi\u017cuteria dla os\u00f3b wra\u017cliwych","description":"minimalistic, sensual jewelry made in Poland","publisher":{"@id":"https:\/\/vulee.pl\/en\/#organization"},"alternateName":"Vul\u00e9e","potentialAction":[{"@type":"SearchAction","target":{"@type":"EntryPoint","urlTemplate":"https:\/\/vulee.pl\/en\/?s={search_term_string}"},"query-input":{"@type":"PropertyValueSpecification","valueRequired":true,"valueName":"search_term_string"}}],"inLanguage":"en-US"},{"@type":"Organization","@id":"https:\/\/vulee.pl\/en\/#organization","name":"VUL\u00c9E sp. z o.o.","url":"https:\/\/vulee.pl\/en\/","logo":{"@type":"ImageObject","inLanguage":"en-US","@id":"https:\/\/vulee.pl\/en\/#\/schema\/logo\/image\/","url":"https:\/\/vulee.pl\/wp-content\/uploads\/2021\/05\/logo-vulee.svg","contentUrl":"https:\/\/vulee.pl\/wp-content\/uploads\/2021\/05\/logo-vulee.svg","width":156,"height":209,"caption":"VUL\u00c9E sp. z o.o."},"image":{"@id":"https:\/\/vulee.pl\/en\/#\/schema\/logo\/image\/"},"sameAs":["https:\/\/www.instagram.com\/vulee.jewelry\/"]}]}},"_links":{"self":[{"href":"https:\/\/vulee.pl\/en\/wp-json\/wp\/v2\/product\/5318","targetHints":{"allow":["GET"]}}],"collection":[{"href":"https:\/\/vulee.pl\/en\/wp-json\/wp\/v2\/product"}],"about":[{"href":"https:\/\/vulee.pl\/en\/wp-json\/wp\/v2\/types\/product"}],"replies":[{"embeddable":true,"href":"https:\/\/vulee.pl\/en\/wp-json\/wp\/v2\/comments?post=5318"}],"version-history":[{"count":1,"href":"https:\/\/vulee.pl\/en\/wp-json\/wp\/v2\/product\/5318\/revisions"}],"predecessor-version":[{"id":8844,"href":"https:\/\/vulee.pl\/en\/wp-json\/wp\/v2\/product\/5318\/revisions\/8844"}],"wp:featuredmedia":[{"embeddable":true,"href":"https:\/\/vulee.pl\/en\/wp-json\/wp\/v2\/media\/5320"}],"wp:attachment":[{"href":"https:\/\/vulee.pl\/en\/wp-json\/wp\/v2\/media?parent=5318"}],"wp:term":[{"taxonomy":"product_brand","embeddable":true,"href":"https:\/\/vulee.pl\/en\/wp-json\/wp\/v2\/product_brand?post=5318"},{"taxonomy":"product_cat","embeddable":true,"href":"https:\/\/vulee.pl\/en\/wp-json\/wp\/v2\/product_cat?post=5318"},{"taxonomy":"product_tag","embeddable":true,"href":"https:\/\/vulee.pl\/en\/wp-json\/wp\/v2\/product_tag?post=5318"},{"taxonomy":"woo-feed-brand","embeddable":true,"href":"https:\/\/vulee.pl\/en\/wp-json\/wp\/v2\/woo-feed-brand?post=5318"}],"curies":[{"name":"wp","href":"https:\/\/api.w.org\/{rel}","templated":true}]}}