{"id":5129,"date":"2023-06-01T11:00:57","date_gmt":"2023-06-01T09:00:57","guid":{"rendered":"https:\/\/vulee.pl\/?post_type=product&#038;p=5129"},"modified":"2025-03-03T21:52:26","modified_gmt":"2025-03-03T20:52:26","slug":"styczen-przebisnieg-zawieszka-pozlacana","status":"publish","type":"product","link":"https:\/\/vulee.pl\/en\/produkt\/january-snowdrop-pendant-gold\/","title":{"rendered":"JANUARY &#8211; SNOWDROP PENDANT GOLD"},"content":{"rendered":"<p><\/p>\n<p>The flower of those born in January is the Snowdrop. Due to their color, they symbolize innocence<br \/>\nand purity. In addition, they are identified with hope and rebirth as they are the first flower announcing the end of winter.<\/p>\n<p>The engraved medal is made of 925 and gold-plated with a thick layer of 24-carat gold.<\/p>\n<p>Pendant dimensions &#8211; 2 cm x 1.5 cm<\/p>\n<p>BIRTH FLOWERS is a collection of necklaces with delicate engraved medallions. You will find 12 models of pendants with flowers corresponding to the month of birth. It is a personal and subtle symbol that you can always have with you. Do you choose a model referring to your date of birth? Or maybe you prefer to choose the one related to the person important to you?<\/p>\n<p><\/p>","protected":false},"excerpt":{"rendered":"<p>The flower of those born in January is the Snowdrop. Due to their color, they symbolize innocence and purity. In addition, they are identified with hope and rebirth as they are the first flower announcing the end of winter. The engraved medal is made of 925 and gold-plated with a thick layer of 24-carat gold. [&hellip;]<\/p>\n","protected":false},"featured_media":5130,"comment_status":"open","ping_status":"closed","template":"","meta":{"_acf_changed":false,"inline_featured_image":false},"product_brand":[],"product_cat":[277,15,22,49,283,28,279],"product_tag":[115,104,100,94,284,125],"woo-feed-brand":[],"class_list":{"0":"post-5129","1":"product","2":"type-product","3":"status-publish","4":"has-post-thumbnail","6":"product_cat-birth-flowers","7":"product_cat-bizuteria","8":"product_cat-kolekcje","9":"product_cat-pozlacane-zawieszki","10":"product_cat-pozlacane-zawieszki-birth-flowers","11":"product_cat-zawieszki","12":"product_cat-zawieszki-birth-flowers","13":"product_tag-bizuteria","14":"product_tag-bizuteria-pozlacana","15":"product_tag-gold-plated-jewelry","16":"product_tag-minimalistic-jewelry","17":"product_tag-wisiorek","18":"product_tag-zawieszka","20":"first","21":"instock","22":"taxable","23":"shipping-taxable","24":"purchasable","25":"product-type-simple"},"acf":[],"yoast_head":"<!-- This site is optimized with the Yoast SEO plugin v27.3 - https:\/\/yoast.com\/product\/yoast-seo-wordpress\/ -->\n<title>JANUARY - SNOWDROP PENDANT GOLD - Vul\u00e9e<\/title>\n<meta name=\"robots\" content=\"index, follow, max-snippet:-1, max-image-preview:large, max-video-preview:-1\" \/>\n<link rel=\"canonical\" href=\"https:\/\/vulee.pl\/en\/produkt\/styczen-przebisnieg-zawieszka-pozlacana\/\" \/>\n<meta property=\"og:locale\" content=\"en_US\" \/>\n<meta property=\"og:type\" content=\"article\" \/>\n<meta property=\"og:title\" content=\"JANUARY - SNOWDROP PENDANT GOLD - Vul\u00e9e\" \/>\n<meta property=\"og:description\" content=\"The flower of those born in January is the Snowdrop. Due to their color, they symbolize innocence and purity. In addition, they are identified with hope and rebirth as they are the first flower announcing the end of winter. The engraved medal is made of 925 and gold-plated with a thick layer of 24-carat gold. [&hellip;]\" \/>\n<meta property=\"og:url\" content=\"https:\/\/vulee.pl\/en\/produkt\/styczen-przebisnieg-zawieszka-pozlacana\/\" \/>\n<meta property=\"og:site_name\" content=\"Vul\u00e9e\" \/>\n<meta property=\"article:modified_time\" content=\"2025-03-03T20:52:26+00:00\" \/>\n<meta property=\"og:image\" content=\"https:\/\/vulee.pl\/wp-content\/uploads\/2023\/05\/przebisnieg-zaw-zl-scaled.jpg\" \/>\n\t<meta property=\"og:image:width\" content=\"2543\" \/>\n\t<meta property=\"og:image:height\" content=\"2560\" \/>\n\t<meta property=\"og:image:type\" content=\"image\/jpeg\" \/>\n<meta name=\"twitter:card\" content=\"summary_large_image\" \/>\n<script type=\"application\/ld+json\" class=\"yoast-schema-graph\">{\"@context\":\"https:\\\/\\\/schema.org\",\"@graph\":[{\"@type\":\"WebPage\",\"@id\":\"https:\\\/\\\/vulee.pl\\\/en\\\/produkt\\\/styczen-przebisnieg-zawieszka-pozlacana\\\/\",\"url\":\"https:\\\/\\\/vulee.pl\\\/en\\\/produkt\\\/styczen-przebisnieg-zawieszka-pozlacana\\\/\",\"name\":\"JANUARY - SNOWDROP PENDANT GOLD - Vul\u00e9e\",\"isPartOf\":{\"@id\":\"https:\\\/\\\/vulee.pl\\\/en\\\/#website\"},\"primaryImageOfPage\":{\"@id\":\"https:\\\/\\\/vulee.pl\\\/en\\\/produkt\\\/styczen-przebisnieg-zawieszka-pozlacana\\\/#primaryimage\"},\"image\":{\"@id\":\"https:\\\/\\\/vulee.pl\\\/produkt\\\/styczen-przebisnieg-zawieszka-pozlacana\\\/#primaryimage\"},\"thumbnailUrl\":\"https:\\\/\\\/vulee.pl\\\/wp-content\\\/uploads\\\/2023\\\/05\\\/przebisnieg-zaw-zl-scaled.jpg\",\"datePublished\":\"2023-06-01T09:00:57+00:00\",\"dateModified\":\"2025-03-03T20:52:26+00:00\",\"breadcrumb\":{\"@id\":\"https:\\\/\\\/vulee.pl\\\/en\\\/produkt\\\/styczen-przebisnieg-zawieszka-pozlacana\\\/#breadcrumb\"},\"inLanguage\":\"en-US\",\"potentialAction\":[{\"@type\":\"ReadAction\",\"target\":[[\"https:\\\/\\\/vulee.pl\\\/en\\\/produkt\\\/styczen-przebisnieg-zawieszka-pozlacana\\\/\"]]}]},{\"@type\":\"ImageObject\",\"inLanguage\":\"en-US\",\"@id\":\"https:\\\/\\\/vulee.pl\\\/en\\\/produkt\\\/styczen-przebisnieg-zawieszka-pozlacana\\\/#primaryimage\",\"url\":\"https:\\\/\\\/vulee.pl\\\/wp-content\\\/uploads\\\/2023\\\/05\\\/przebisnieg-zaw-zl-scaled.jpg\",\"contentUrl\":\"https:\\\/\\\/vulee.pl\\\/wp-content\\\/uploads\\\/2023\\\/05\\\/przebisnieg-zaw-zl-scaled.jpg\",\"width\":2543,\"height\":2560},{\"@type\":\"BreadcrumbList\",\"@id\":\"https:\\\/\\\/vulee.pl\\\/en\\\/produkt\\\/styczen-przebisnieg-zawieszka-pozlacana\\\/#breadcrumb\",\"itemListElement\":[{\"@type\":\"ListItem\",\"position\":1,\"name\":\"VUL\u00c9E\",\"item\":\"https:\\\/\\\/vulee.pl\\\/en\\\/\"},{\"@type\":\"ListItem\",\"position\":2,\"name\":\"sklep\",\"item\":\"https:\\\/\\\/vulee.pl\\\/en\\\/shop\\\/\"},{\"@type\":\"ListItem\",\"position\":3,\"name\":\"STYCZE\u0143 &#8211; PRZEBI\u015aNIEG ZAWIESZKA POZ\u0141ACANA\"}]},{\"@type\":\"WebSite\",\"@id\":\"https:\\\/\\\/vulee.pl\\\/en\\\/#website\",\"url\":\"https:\\\/\\\/vulee.pl\\\/en\\\/\",\"name\":\"Vul\u00e9e zmys\u0142owa bi\u017cuteria dla os\u00f3b wra\u017cliwych\",\"description\":\"minimalistic, sensual jewelry made in Poland\",\"publisher\":{\"@id\":\"https:\\\/\\\/vulee.pl\\\/en\\\/#organization\"},\"alternateName\":\"Vul\u00e9e\",\"potentialAction\":[{\"@type\":\"SearchAction\",\"target\":{\"@type\":\"EntryPoint\",\"urlTemplate\":\"https:\\\/\\\/vulee.pl\\\/en\\\/?s={search_term_string}\"},\"query-input\":{\"@type\":\"PropertyValueSpecification\",\"valueRequired\":true,\"valueName\":\"search_term_string\"}}],\"inLanguage\":\"en-US\"},{\"@type\":\"Organization\",\"@id\":\"https:\\\/\\\/vulee.pl\\\/en\\\/#organization\",\"name\":\"VUL\u00c9E sp. z o.o.\",\"url\":\"https:\\\/\\\/vulee.pl\\\/en\\\/\",\"logo\":{\"@type\":\"ImageObject\",\"inLanguage\":\"en-US\",\"@id\":\"https:\\\/\\\/vulee.pl\\\/en\\\/#\\\/schema\\\/logo\\\/image\\\/\",\"url\":\"https:\\\/\\\/vulee.pl\\\/wp-content\\\/uploads\\\/2021\\\/05\\\/logo-vulee.svg\",\"contentUrl\":\"https:\\\/\\\/vulee.pl\\\/wp-content\\\/uploads\\\/2021\\\/05\\\/logo-vulee.svg\",\"width\":156,\"height\":209,\"caption\":\"VUL\u00c9E sp. z o.o.\"},\"image\":{\"@id\":\"https:\\\/\\\/vulee.pl\\\/en\\\/#\\\/schema\\\/logo\\\/image\\\/\"},\"sameAs\":[\"https:\\\/\\\/www.instagram.com\\\/vulee.jewelry\\\/\"]}]}<\/script>\n<!-- \/ Yoast SEO plugin. -->","yoast_head_json":{"title":"JANUARY - SNOWDROP PENDANT GOLD - Vul\u00e9e","robots":{"index":"index","follow":"follow","max-snippet":"max-snippet:-1","max-image-preview":"max-image-preview:large","max-video-preview":"max-video-preview:-1"},"canonical":"https:\/\/vulee.pl\/en\/produkt\/styczen-przebisnieg-zawieszka-pozlacana\/","og_locale":"en_US","og_type":"article","og_title":"JANUARY - SNOWDROP PENDANT GOLD - Vul\u00e9e","og_description":"The flower of those born in January is the Snowdrop. Due to their color, they symbolize innocence and purity. In addition, they are identified with hope and rebirth as they are the first flower announcing the end of winter. The engraved medal is made of 925 and gold-plated with a thick layer of 24-carat gold. [&hellip;]","og_url":"https:\/\/vulee.pl\/en\/produkt\/styczen-przebisnieg-zawieszka-pozlacana\/","og_site_name":"Vul\u00e9e","article_modified_time":"2025-03-03T20:52:26+00:00","og_image":[{"width":2543,"height":2560,"url":"https:\/\/vulee.pl\/wp-content\/uploads\/2023\/05\/przebisnieg-zaw-zl-scaled.jpg","type":"image\/jpeg"}],"twitter_card":"summary_large_image","schema":{"@context":"https:\/\/schema.org","@graph":[{"@type":"WebPage","@id":"https:\/\/vulee.pl\/en\/produkt\/styczen-przebisnieg-zawieszka-pozlacana\/","url":"https:\/\/vulee.pl\/en\/produkt\/styczen-przebisnieg-zawieszka-pozlacana\/","name":"JANUARY - SNOWDROP PENDANT GOLD - Vul\u00e9e","isPartOf":{"@id":"https:\/\/vulee.pl\/en\/#website"},"primaryImageOfPage":{"@id":"https:\/\/vulee.pl\/en\/produkt\/styczen-przebisnieg-zawieszka-pozlacana\/#primaryimage"},"image":{"@id":"https:\/\/vulee.pl\/produkt\/styczen-przebisnieg-zawieszka-pozlacana\/#primaryimage"},"thumbnailUrl":"https:\/\/vulee.pl\/wp-content\/uploads\/2023\/05\/przebisnieg-zaw-zl-scaled.jpg","datePublished":"2023-06-01T09:00:57+00:00","dateModified":"2025-03-03T20:52:26+00:00","breadcrumb":{"@id":"https:\/\/vulee.pl\/en\/produkt\/styczen-przebisnieg-zawieszka-pozlacana\/#breadcrumb"},"inLanguage":"en-US","potentialAction":[{"@type":"ReadAction","target":[["https:\/\/vulee.pl\/en\/produkt\/styczen-przebisnieg-zawieszka-pozlacana\/"]]}]},{"@type":"ImageObject","inLanguage":"en-US","@id":"https:\/\/vulee.pl\/en\/produkt\/styczen-przebisnieg-zawieszka-pozlacana\/#primaryimage","url":"https:\/\/vulee.pl\/wp-content\/uploads\/2023\/05\/przebisnieg-zaw-zl-scaled.jpg","contentUrl":"https:\/\/vulee.pl\/wp-content\/uploads\/2023\/05\/przebisnieg-zaw-zl-scaled.jpg","width":2543,"height":2560},{"@type":"BreadcrumbList","@id":"https:\/\/vulee.pl\/en\/produkt\/styczen-przebisnieg-zawieszka-pozlacana\/#breadcrumb","itemListElement":[{"@type":"ListItem","position":1,"name":"VUL\u00c9E","item":"https:\/\/vulee.pl\/en\/"},{"@type":"ListItem","position":2,"name":"sklep","item":"https:\/\/vulee.pl\/en\/shop\/"},{"@type":"ListItem","position":3,"name":"STYCZE\u0143 &#8211; PRZEBI\u015aNIEG ZAWIESZKA POZ\u0141ACANA"}]},{"@type":"WebSite","@id":"https:\/\/vulee.pl\/en\/#website","url":"https:\/\/vulee.pl\/en\/","name":"Vul\u00e9e zmys\u0142owa bi\u017cuteria dla os\u00f3b wra\u017cliwych","description":"minimalistic, sensual jewelry made in Poland","publisher":{"@id":"https:\/\/vulee.pl\/en\/#organization"},"alternateName":"Vul\u00e9e","potentialAction":[{"@type":"SearchAction","target":{"@type":"EntryPoint","urlTemplate":"https:\/\/vulee.pl\/en\/?s={search_term_string}"},"query-input":{"@type":"PropertyValueSpecification","valueRequired":true,"valueName":"search_term_string"}}],"inLanguage":"en-US"},{"@type":"Organization","@id":"https:\/\/vulee.pl\/en\/#organization","name":"VUL\u00c9E sp. z o.o.","url":"https:\/\/vulee.pl\/en\/","logo":{"@type":"ImageObject","inLanguage":"en-US","@id":"https:\/\/vulee.pl\/en\/#\/schema\/logo\/image\/","url":"https:\/\/vulee.pl\/wp-content\/uploads\/2021\/05\/logo-vulee.svg","contentUrl":"https:\/\/vulee.pl\/wp-content\/uploads\/2021\/05\/logo-vulee.svg","width":156,"height":209,"caption":"VUL\u00c9E sp. z o.o."},"image":{"@id":"https:\/\/vulee.pl\/en\/#\/schema\/logo\/image\/"},"sameAs":["https:\/\/www.instagram.com\/vulee.jewelry\/"]}]}},"_links":{"self":[{"href":"https:\/\/vulee.pl\/en\/wp-json\/wp\/v2\/product\/5129","targetHints":{"allow":["GET"]}}],"collection":[{"href":"https:\/\/vulee.pl\/en\/wp-json\/wp\/v2\/product"}],"about":[{"href":"https:\/\/vulee.pl\/en\/wp-json\/wp\/v2\/types\/product"}],"replies":[{"embeddable":true,"href":"https:\/\/vulee.pl\/en\/wp-json\/wp\/v2\/comments?post=5129"}],"version-history":[{"count":0,"href":"https:\/\/vulee.pl\/en\/wp-json\/wp\/v2\/product\/5129\/revisions"}],"wp:featuredmedia":[{"embeddable":true,"href":"https:\/\/vulee.pl\/en\/wp-json\/wp\/v2\/media\/5130"}],"wp:attachment":[{"href":"https:\/\/vulee.pl\/en\/wp-json\/wp\/v2\/media?parent=5129"}],"wp:term":[{"taxonomy":"product_brand","embeddable":true,"href":"https:\/\/vulee.pl\/en\/wp-json\/wp\/v2\/product_brand?post=5129"},{"taxonomy":"product_cat","embeddable":true,"href":"https:\/\/vulee.pl\/en\/wp-json\/wp\/v2\/product_cat?post=5129"},{"taxonomy":"product_tag","embeddable":true,"href":"https:\/\/vulee.pl\/en\/wp-json\/wp\/v2\/product_tag?post=5129"},{"taxonomy":"woo-feed-brand","embeddable":true,"href":"https:\/\/vulee.pl\/en\/wp-json\/wp\/v2\/woo-feed-brand?post=5129"}],"curies":[{"name":"wp","href":"https:\/\/api.w.org\/{rel}","templated":true}]}}