{"id":2460,"date":"2021-10-18T12:00:28","date_gmt":"2021-10-18T10:00:28","guid":{"rendered":"https:\/\/vulee.pl\/?post_type=product&#038;p=2460"},"modified":"2025-11-30T12:34:06","modified_gmt":"2025-11-30T11:34:06","slug":"eye-ring-silver","status":"publish","type":"product","link":"https:\/\/vulee.pl\/en\/produkt\/eye-ring-silver\/","title":{"rendered":"EYE RING SILVER"},"content":{"rendered":"<p><\/p>\n<p>Minimalistic ring in the eye shape from BODY collection.<span class=\"Apple-converted-space\">\u00a0<\/span>Made of silver 925. From EYE set you can also find earrings.\u00a0Every silver VUL\u00c9E product is rhodium plated which slows down natural process of patination.\u00a0<\/p>\n<p>Made in Poland.<\/p>\n<p>BODY is a sensual collection for those who value beauty of human being. It is mostly about sensitivity and emotions.<span class=\"Apple-converted-space\">\u00a0<\/span>Since the beginning of my designing, female body is a source of inspiration for me and most often subject of my work. This is why this collection is very important to me.<\/p>\n<p><a href=\"https:\/\/vulee.pl\/wp-content\/uploads\/2021\/11\/ring-size-chart.jpg\">Check the size chart<\/a><\/p>\n<p><\/p>","protected":false},"excerpt":{"rendered":"<p>Minimalistic ring in the eye shape from BODY collection.\u00a0Made of silver 925. From EYE set you can also find earrings.\u00a0Every silver VUL\u00c9E product is rhodium plated which slows down natural process of patination.\u00a0 Made in Poland. BODY is a sensual collection for those who value beauty of human being. It is mostly about sensitivity and [&hellip;]<\/p>\n","protected":false},"featured_media":2461,"comment_status":"open","ping_status":"closed","template":"","meta":{"_acf_changed":false,"inline_featured_image":false},"product_brand":[],"product_cat":[293,15,23,41,22,31,39],"product_tag":[149,143,144,111,148,110,147,276],"woo-feed-brand":[],"class_list":{"0":"post-2460","1":"product","2":"type-product","3":"status-publish","4":"has-post-thumbnail","6":"product_cat-archive-sale","7":"product_cat-bizuteria","8":"product_cat-body","9":"product_cat-srebrne-body","10":"product_cat-kolekcje","11":"product_cat-pierscionki","12":"product_cat-srebrne-pierscionki","13":"product_tag-minimalistyczny-pierscionek","14":"product_tag-pierscionek","15":"product_tag-ring","16":"product_tag-silver-jewelry","17":"product_tag-silver-ring","18":"product_tag-srebrna-bizuteria","19":"product_tag-srebrny-pierscionek","20":"product_tag-winter-sale","22":"first","23":"instock","24":"sale","25":"taxable","26":"shipping-taxable","27":"purchasable","28":"product-type-variable"},"acf":[],"yoast_head":"<!-- This site is optimized with the Yoast SEO plugin v27.3 - https:\/\/yoast.com\/product\/yoast-seo-wordpress\/ -->\n<title>EYE RING SILVER - Vul\u00e9e<\/title>\n<meta name=\"robots\" content=\"index, follow, max-snippet:-1, max-image-preview:large, max-video-preview:-1\" \/>\n<link rel=\"canonical\" href=\"https:\/\/vulee.pl\/en\/produkt\/eye-pierscionek-srebrny\/\" \/>\n<meta property=\"og:locale\" content=\"en_US\" \/>\n<meta property=\"og:type\" content=\"article\" \/>\n<meta property=\"og:title\" content=\"EYE RING SILVER - Vul\u00e9e\" \/>\n<meta property=\"og:description\" content=\"Minimalistic ring in the eye shape from BODY collection.\u00a0Made of silver 925. From EYE set you can also find earrings.\u00a0Every silver VUL\u00c9E product is rhodium plated which slows down natural process of patination.\u00a0 Made in Poland. BODY is a sensual collection for those who value beauty of human being. It is mostly about sensitivity and [&hellip;]\" \/>\n<meta property=\"og:url\" content=\"https:\/\/vulee.pl\/en\/produkt\/eye-pierscionek-srebrny\/\" \/>\n<meta property=\"og:site_name\" content=\"Vul\u00e9e\" \/>\n<meta property=\"article:modified_time\" content=\"2025-11-30T11:34:06+00:00\" \/>\n<meta property=\"og:image\" content=\"https:\/\/vulee.pl\/wp-content\/uploads\/2021\/10\/eye-ring-silver.jpg\" \/>\n\t<meta property=\"og:image:width\" content=\"1406\" \/>\n\t<meta property=\"og:image:height\" content=\"1406\" \/>\n\t<meta property=\"og:image:type\" content=\"image\/jpeg\" \/>\n<meta name=\"twitter:card\" content=\"summary_large_image\" \/>\n<script type=\"application\/ld+json\" class=\"yoast-schema-graph\">{\"@context\":\"https:\\\/\\\/schema.org\",\"@graph\":[{\"@type\":\"WebPage\",\"@id\":\"https:\\\/\\\/vulee.pl\\\/en\\\/produkt\\\/eye-pierscionek-srebrny\\\/\",\"url\":\"https:\\\/\\\/vulee.pl\\\/en\\\/produkt\\\/eye-pierscionek-srebrny\\\/\",\"name\":\"EYE RING SILVER - Vul\u00e9e\",\"isPartOf\":{\"@id\":\"https:\\\/\\\/vulee.pl\\\/en\\\/#website\"},\"primaryImageOfPage\":{\"@id\":\"https:\\\/\\\/vulee.pl\\\/en\\\/produkt\\\/eye-pierscionek-srebrny\\\/#primaryimage\"},\"image\":{\"@id\":\"https:\\\/\\\/vulee.pl\\\/produkt\\\/eye-pierscionek-srebrny\\\/#primaryimage\"},\"thumbnailUrl\":\"https:\\\/\\\/vulee.pl\\\/wp-content\\\/uploads\\\/2021\\\/10\\\/eye-ring-silver.jpg\",\"datePublished\":\"2021-10-18T10:00:28+00:00\",\"dateModified\":\"2025-11-30T11:34:06+00:00\",\"breadcrumb\":{\"@id\":\"https:\\\/\\\/vulee.pl\\\/en\\\/produkt\\\/eye-pierscionek-srebrny\\\/#breadcrumb\"},\"inLanguage\":\"en-US\",\"potentialAction\":[{\"@type\":\"ReadAction\",\"target\":[[\"https:\\\/\\\/vulee.pl\\\/en\\\/produkt\\\/eye-pierscionek-srebrny\\\/\"]]}]},{\"@type\":\"ImageObject\",\"inLanguage\":\"en-US\",\"@id\":\"https:\\\/\\\/vulee.pl\\\/en\\\/produkt\\\/eye-pierscionek-srebrny\\\/#primaryimage\",\"url\":\"https:\\\/\\\/vulee.pl\\\/wp-content\\\/uploads\\\/2021\\\/10\\\/eye-ring-silver.jpg\",\"contentUrl\":\"https:\\\/\\\/vulee.pl\\\/wp-content\\\/uploads\\\/2021\\\/10\\\/eye-ring-silver.jpg\",\"width\":1406,\"height\":1406},{\"@type\":\"BreadcrumbList\",\"@id\":\"https:\\\/\\\/vulee.pl\\\/en\\\/produkt\\\/eye-pierscionek-srebrny\\\/#breadcrumb\",\"itemListElement\":[{\"@type\":\"ListItem\",\"position\":1,\"name\":\"VUL\u00c9E\",\"item\":\"https:\\\/\\\/vulee.pl\\\/en\\\/\"},{\"@type\":\"ListItem\",\"position\":2,\"name\":\"sklep\",\"item\":\"https:\\\/\\\/vulee.pl\\\/en\\\/shop\\\/\"},{\"@type\":\"ListItem\",\"position\":3,\"name\":\"EYE PIER\u015aCIONEK SREBRNY\"}]},{\"@type\":\"WebSite\",\"@id\":\"https:\\\/\\\/vulee.pl\\\/en\\\/#website\",\"url\":\"https:\\\/\\\/vulee.pl\\\/en\\\/\",\"name\":\"Vul\u00e9e zmys\u0142owa bi\u017cuteria dla os\u00f3b wra\u017cliwych\",\"description\":\"minimalistic, sensual jewelry made in Poland\",\"publisher\":{\"@id\":\"https:\\\/\\\/vulee.pl\\\/en\\\/#organization\"},\"alternateName\":\"Vul\u00e9e\",\"potentialAction\":[{\"@type\":\"SearchAction\",\"target\":{\"@type\":\"EntryPoint\",\"urlTemplate\":\"https:\\\/\\\/vulee.pl\\\/en\\\/?s={search_term_string}\"},\"query-input\":{\"@type\":\"PropertyValueSpecification\",\"valueRequired\":true,\"valueName\":\"search_term_string\"}}],\"inLanguage\":\"en-US\"},{\"@type\":\"Organization\",\"@id\":\"https:\\\/\\\/vulee.pl\\\/en\\\/#organization\",\"name\":\"VUL\u00c9E sp. z o.o.\",\"url\":\"https:\\\/\\\/vulee.pl\\\/en\\\/\",\"logo\":{\"@type\":\"ImageObject\",\"inLanguage\":\"en-US\",\"@id\":\"https:\\\/\\\/vulee.pl\\\/en\\\/#\\\/schema\\\/logo\\\/image\\\/\",\"url\":\"https:\\\/\\\/vulee.pl\\\/wp-content\\\/uploads\\\/2021\\\/05\\\/logo-vulee.svg\",\"contentUrl\":\"https:\\\/\\\/vulee.pl\\\/wp-content\\\/uploads\\\/2021\\\/05\\\/logo-vulee.svg\",\"width\":156,\"height\":209,\"caption\":\"VUL\u00c9E sp. z o.o.\"},\"image\":{\"@id\":\"https:\\\/\\\/vulee.pl\\\/en\\\/#\\\/schema\\\/logo\\\/image\\\/\"},\"sameAs\":[\"https:\\\/\\\/www.instagram.com\\\/vulee.jewelry\\\/\"]}]}<\/script>\n<!-- \/ Yoast SEO plugin. -->","yoast_head_json":{"title":"EYE RING SILVER - Vul\u00e9e","robots":{"index":"index","follow":"follow","max-snippet":"max-snippet:-1","max-image-preview":"max-image-preview:large","max-video-preview":"max-video-preview:-1"},"canonical":"https:\/\/vulee.pl\/en\/produkt\/eye-pierscionek-srebrny\/","og_locale":"en_US","og_type":"article","og_title":"EYE RING SILVER - Vul\u00e9e","og_description":"Minimalistic ring in the eye shape from BODY collection.\u00a0Made of silver 925. From EYE set you can also find earrings.\u00a0Every silver VUL\u00c9E product is rhodium plated which slows down natural process of patination.\u00a0 Made in Poland. BODY is a sensual collection for those who value beauty of human being. It is mostly about sensitivity and [&hellip;]","og_url":"https:\/\/vulee.pl\/en\/produkt\/eye-pierscionek-srebrny\/","og_site_name":"Vul\u00e9e","article_modified_time":"2025-11-30T11:34:06+00:00","og_image":[{"width":1406,"height":1406,"url":"https:\/\/vulee.pl\/wp-content\/uploads\/2021\/10\/eye-ring-silver.jpg","type":"image\/jpeg"}],"twitter_card":"summary_large_image","schema":{"@context":"https:\/\/schema.org","@graph":[{"@type":"WebPage","@id":"https:\/\/vulee.pl\/en\/produkt\/eye-pierscionek-srebrny\/","url":"https:\/\/vulee.pl\/en\/produkt\/eye-pierscionek-srebrny\/","name":"EYE RING SILVER - Vul\u00e9e","isPartOf":{"@id":"https:\/\/vulee.pl\/en\/#website"},"primaryImageOfPage":{"@id":"https:\/\/vulee.pl\/en\/produkt\/eye-pierscionek-srebrny\/#primaryimage"},"image":{"@id":"https:\/\/vulee.pl\/produkt\/eye-pierscionek-srebrny\/#primaryimage"},"thumbnailUrl":"https:\/\/vulee.pl\/wp-content\/uploads\/2021\/10\/eye-ring-silver.jpg","datePublished":"2021-10-18T10:00:28+00:00","dateModified":"2025-11-30T11:34:06+00:00","breadcrumb":{"@id":"https:\/\/vulee.pl\/en\/produkt\/eye-pierscionek-srebrny\/#breadcrumb"},"inLanguage":"en-US","potentialAction":[{"@type":"ReadAction","target":[["https:\/\/vulee.pl\/en\/produkt\/eye-pierscionek-srebrny\/"]]}]},{"@type":"ImageObject","inLanguage":"en-US","@id":"https:\/\/vulee.pl\/en\/produkt\/eye-pierscionek-srebrny\/#primaryimage","url":"https:\/\/vulee.pl\/wp-content\/uploads\/2021\/10\/eye-ring-silver.jpg","contentUrl":"https:\/\/vulee.pl\/wp-content\/uploads\/2021\/10\/eye-ring-silver.jpg","width":1406,"height":1406},{"@type":"BreadcrumbList","@id":"https:\/\/vulee.pl\/en\/produkt\/eye-pierscionek-srebrny\/#breadcrumb","itemListElement":[{"@type":"ListItem","position":1,"name":"VUL\u00c9E","item":"https:\/\/vulee.pl\/en\/"},{"@type":"ListItem","position":2,"name":"sklep","item":"https:\/\/vulee.pl\/en\/shop\/"},{"@type":"ListItem","position":3,"name":"EYE PIER\u015aCIONEK SREBRNY"}]},{"@type":"WebSite","@id":"https:\/\/vulee.pl\/en\/#website","url":"https:\/\/vulee.pl\/en\/","name":"Vul\u00e9e zmys\u0142owa bi\u017cuteria dla os\u00f3b wra\u017cliwych","description":"minimalistic, sensual jewelry made in Poland","publisher":{"@id":"https:\/\/vulee.pl\/en\/#organization"},"alternateName":"Vul\u00e9e","potentialAction":[{"@type":"SearchAction","target":{"@type":"EntryPoint","urlTemplate":"https:\/\/vulee.pl\/en\/?s={search_term_string}"},"query-input":{"@type":"PropertyValueSpecification","valueRequired":true,"valueName":"search_term_string"}}],"inLanguage":"en-US"},{"@type":"Organization","@id":"https:\/\/vulee.pl\/en\/#organization","name":"VUL\u00c9E sp. z o.o.","url":"https:\/\/vulee.pl\/en\/","logo":{"@type":"ImageObject","inLanguage":"en-US","@id":"https:\/\/vulee.pl\/en\/#\/schema\/logo\/image\/","url":"https:\/\/vulee.pl\/wp-content\/uploads\/2021\/05\/logo-vulee.svg","contentUrl":"https:\/\/vulee.pl\/wp-content\/uploads\/2021\/05\/logo-vulee.svg","width":156,"height":209,"caption":"VUL\u00c9E sp. z o.o."},"image":{"@id":"https:\/\/vulee.pl\/en\/#\/schema\/logo\/image\/"},"sameAs":["https:\/\/www.instagram.com\/vulee.jewelry\/"]}]}},"_links":{"self":[{"href":"https:\/\/vulee.pl\/en\/wp-json\/wp\/v2\/product\/2460","targetHints":{"allow":["GET"]}}],"collection":[{"href":"https:\/\/vulee.pl\/en\/wp-json\/wp\/v2\/product"}],"about":[{"href":"https:\/\/vulee.pl\/en\/wp-json\/wp\/v2\/types\/product"}],"replies":[{"embeddable":true,"href":"https:\/\/vulee.pl\/en\/wp-json\/wp\/v2\/comments?post=2460"}],"version-history":[{"count":1,"href":"https:\/\/vulee.pl\/en\/wp-json\/wp\/v2\/product\/2460\/revisions"}],"predecessor-version":[{"id":7889,"href":"https:\/\/vulee.pl\/en\/wp-json\/wp\/v2\/product\/2460\/revisions\/7889"}],"wp:featuredmedia":[{"embeddable":true,"href":"https:\/\/vulee.pl\/en\/wp-json\/wp\/v2\/media\/2461"}],"wp:attachment":[{"href":"https:\/\/vulee.pl\/en\/wp-json\/wp\/v2\/media?parent=2460"}],"wp:term":[{"taxonomy":"product_brand","embeddable":true,"href":"https:\/\/vulee.pl\/en\/wp-json\/wp\/v2\/product_brand?post=2460"},{"taxonomy":"product_cat","embeddable":true,"href":"https:\/\/vulee.pl\/en\/wp-json\/wp\/v2\/product_cat?post=2460"},{"taxonomy":"product_tag","embeddable":true,"href":"https:\/\/vulee.pl\/en\/wp-json\/wp\/v2\/product_tag?post=2460"},{"taxonomy":"woo-feed-brand","embeddable":true,"href":"https:\/\/vulee.pl\/en\/wp-json\/wp\/v2\/woo-feed-brand?post=2460"}],"curies":[{"name":"wp","href":"https:\/\/api.w.org\/{rel}","templated":true}]}}