{"id":2216,"date":"2021-09-03T20:13:33","date_gmt":"2021-09-03T18:13:33","guid":{"rendered":"https:\/\/vulee.pl\/?post_type=product&#038;p=2216"},"modified":"2025-07-31T14:57:08","modified_gmt":"2025-07-31T12:57:08","slug":"elements-ring-silver","status":"publish","type":"product","link":"https:\/\/vulee.pl\/en\/produkt\/elements-ring-silver\/","title":{"rendered":"ELEMENTS RING SILVER"},"content":{"rendered":"<p><\/p>\n<p>Ring from SHAPES collection. Main form contains two joined identical elements. Made of silver 925.\u00a0Every silver VUL\u00c9E product is rhodium plated which slows down natural process of patination.\u00a0From ELEMENTS set, you can also find a bracelet.<\/p>\n<p>Made in Poland.<\/p>\n<p>In the SHAPES collection you will find minimalistic jewelry based on simple forms. This is a perfect collection for everyone who believes that less is more. Thanks to its universality, jewelry from SHAPES will wonderfully match every outfit. From classic hoops till more extraordinary geometric combinations, SHAPES products will win heart of every minimalist.<\/p>\n<p><a href=\"https:\/\/vulee.pl\/wp-content\/uploads\/2021\/11\/ring-size-chart.jpg\">Check the size chart<\/a><\/p>\n<p><\/p>","protected":false},"excerpt":{"rendered":"<p>Ring from SHAPES collection. Main form contains two joined identical elements. Made of silver 925.\u00a0Every silver VUL\u00c9E product is rhodium plated which slows down natural process of patination.\u00a0From ELEMENTS set, you can also find a bracelet. Made in Poland. In the SHAPES collection you will find minimalistic jewelry based on simple forms. This is a [&hellip;]<\/p>\n","protected":false},"featured_media":2218,"comment_status":"open","ping_status":"closed","template":"","meta":{"_acf_changed":false,"inline_featured_image":false},"product_brand":[],"product_cat":[293,15,25,43,22,31,39],"product_tag":[115,91,94,87,143,144,111,147,276],"woo-feed-brand":[],"class_list":{"0":"post-2216","1":"product","2":"type-product","3":"status-publish","4":"has-post-thumbnail","6":"product_cat-archive-sale","7":"product_cat-bizuteria","8":"product_cat-shapes","9":"product_cat-srebrne-shapes","10":"product_cat-kolekcje","11":"product_cat-pierscionki","12":"product_cat-srebrne-pierscionki","13":"product_tag-bizuteria","14":"product_tag-bizuteria-srebrna","15":"product_tag-minimalistic-jewelry","16":"product_tag-minimalistyczna-bizuteria","17":"product_tag-pierscionek","18":"product_tag-ring","19":"product_tag-silver-jewelry","20":"product_tag-srebrny-pierscionek","21":"product_tag-winter-sale","23":"first","24":"instock","25":"sale","26":"taxable","27":"shipping-taxable","28":"purchasable","29":"product-type-variable"},"acf":[],"yoast_head":"<!-- This site is optimized with the Yoast SEO plugin v27.2 - https:\/\/yoast.com\/product\/yoast-seo-wordpress\/ -->\n<title>ELEMENTS RING SILVER - Vul\u00e9e<\/title>\n<meta name=\"robots\" content=\"index, follow, max-snippet:-1, max-image-preview:large, max-video-preview:-1\" \/>\n<link rel=\"canonical\" href=\"https:\/\/vulee.pl\/en\/produkt\/elements-pierscionek-srebrny\/\" \/>\n<meta property=\"og:locale\" content=\"en_US\" \/>\n<meta property=\"og:type\" content=\"article\" \/>\n<meta property=\"og:title\" content=\"ELEMENTS RING SILVER - Vul\u00e9e\" \/>\n<meta property=\"og:description\" content=\"Ring from SHAPES collection. Main form contains two joined identical elements. Made of silver 925.\u00a0Every silver VUL\u00c9E product is rhodium plated which slows down natural process of patination.\u00a0From ELEMENTS set, you can also find a bracelet. Made in Poland. In the SHAPES collection you will find minimalistic jewelry based on simple forms. This is a [&hellip;]\" \/>\n<meta property=\"og:url\" content=\"https:\/\/vulee.pl\/en\/produkt\/elements-pierscionek-srebrny\/\" \/>\n<meta property=\"og:site_name\" content=\"Vul\u00e9e\" \/>\n<meta property=\"article:modified_time\" content=\"2025-07-31T12:57:08+00:00\" \/>\n<meta property=\"og:image\" content=\"https:\/\/vulee.pl\/wp-content\/uploads\/2021\/09\/elements-ring-silver.jpg\" \/>\n\t<meta property=\"og:image:width\" content=\"1455\" \/>\n\t<meta property=\"og:image:height\" content=\"1455\" \/>\n\t<meta property=\"og:image:type\" content=\"image\/jpeg\" \/>\n<meta name=\"twitter:card\" content=\"summary_large_image\" \/>\n<script type=\"application\/ld+json\" class=\"yoast-schema-graph\">{\"@context\":\"https:\/\/schema.org\",\"@graph\":[{\"@type\":\"WebPage\",\"@id\":\"https:\/\/vulee.pl\/en\/produkt\/elements-pierscionek-srebrny\/\",\"url\":\"https:\/\/vulee.pl\/en\/produkt\/elements-pierscionek-srebrny\/\",\"name\":\"ELEMENTS RING SILVER - Vul\u00e9e\",\"isPartOf\":{\"@id\":\"https:\/\/vulee.pl\/en\/#website\"},\"primaryImageOfPage\":{\"@id\":\"https:\/\/vulee.pl\/en\/produkt\/elements-pierscionek-srebrny\/#primaryimage\"},\"image\":{\"@id\":\"https:\/\/vulee.pl\/produkt\/elements-pierscionek-srebrny\/#primaryimage\"},\"thumbnailUrl\":\"https:\/\/vulee.pl\/wp-content\/uploads\/2021\/09\/elements-ring-silver.jpg\",\"datePublished\":\"2021-09-03T18:13:33+00:00\",\"dateModified\":\"2025-07-31T12:57:08+00:00\",\"breadcrumb\":{\"@id\":\"https:\/\/vulee.pl\/en\/produkt\/elements-pierscionek-srebrny\/#breadcrumb\"},\"inLanguage\":\"en-US\",\"potentialAction\":[{\"@type\":\"ReadAction\",\"target\":[[\"https:\/\/vulee.pl\/en\/produkt\/elements-pierscionek-srebrny\/\"]]}]},{\"@type\":\"ImageObject\",\"inLanguage\":\"en-US\",\"@id\":\"https:\/\/vulee.pl\/en\/produkt\/elements-pierscionek-srebrny\/#primaryimage\",\"url\":\"https:\/\/vulee.pl\/wp-content\/uploads\/2021\/09\/elements-ring-silver.jpg\",\"contentUrl\":\"https:\/\/vulee.pl\/wp-content\/uploads\/2021\/09\/elements-ring-silver.jpg\",\"width\":1455,\"height\":1455},{\"@type\":\"BreadcrumbList\",\"@id\":\"https:\/\/vulee.pl\/en\/produkt\/elements-pierscionek-srebrny\/#breadcrumb\",\"itemListElement\":[{\"@type\":\"ListItem\",\"position\":1,\"name\":\"VUL\u00c9E\",\"item\":\"https:\/\/vulee.pl\/en\/\"},{\"@type\":\"ListItem\",\"position\":2,\"name\":\"sklep\",\"item\":\"https:\/\/vulee.pl\/en\/shop\/\"},{\"@type\":\"ListItem\",\"position\":3,\"name\":\"ELEMENTS PIER\u015aCIONEK SREBRNY\"}]},{\"@type\":\"WebSite\",\"@id\":\"https:\/\/vulee.pl\/en\/#website\",\"url\":\"https:\/\/vulee.pl\/en\/\",\"name\":\"Vul\u00e9e zmys\u0142owa bi\u017cuteria dla os\u00f3b wra\u017cliwych\",\"description\":\"minimalistic, sensual jewelry made in Poland\",\"publisher\":{\"@id\":\"https:\/\/vulee.pl\/en\/#organization\"},\"alternateName\":\"Vul\u00e9e\",\"potentialAction\":[{\"@type\":\"SearchAction\",\"target\":{\"@type\":\"EntryPoint\",\"urlTemplate\":\"https:\/\/vulee.pl\/en\/?s={search_term_string}\"},\"query-input\":{\"@type\":\"PropertyValueSpecification\",\"valueRequired\":true,\"valueName\":\"search_term_string\"}}],\"inLanguage\":\"en-US\"},{\"@type\":\"Organization\",\"@id\":\"https:\/\/vulee.pl\/en\/#organization\",\"name\":\"VUL\u00c9E sp. z o.o.\",\"url\":\"https:\/\/vulee.pl\/en\/\",\"logo\":{\"@type\":\"ImageObject\",\"inLanguage\":\"en-US\",\"@id\":\"https:\/\/vulee.pl\/en\/#\/schema\/logo\/image\/\",\"url\":\"https:\/\/vulee.pl\/wp-content\/uploads\/2021\/05\/logo-vulee.svg\",\"contentUrl\":\"https:\/\/vulee.pl\/wp-content\/uploads\/2021\/05\/logo-vulee.svg\",\"width\":156,\"height\":209,\"caption\":\"VUL\u00c9E sp. z o.o.\"},\"image\":{\"@id\":\"https:\/\/vulee.pl\/en\/#\/schema\/logo\/image\/\"},\"sameAs\":[\"https:\/\/www.instagram.com\/vulee.jewelry\/\"]}]}<\/script>\n<!-- \/ Yoast SEO plugin. -->","yoast_head_json":{"title":"ELEMENTS RING SILVER - Vul\u00e9e","robots":{"index":"index","follow":"follow","max-snippet":"max-snippet:-1","max-image-preview":"max-image-preview:large","max-video-preview":"max-video-preview:-1"},"canonical":"https:\/\/vulee.pl\/en\/produkt\/elements-pierscionek-srebrny\/","og_locale":"en_US","og_type":"article","og_title":"ELEMENTS RING SILVER - Vul\u00e9e","og_description":"Ring from SHAPES collection. Main form contains two joined identical elements. Made of silver 925.\u00a0Every silver VUL\u00c9E product is rhodium plated which slows down natural process of patination.\u00a0From ELEMENTS set, you can also find a bracelet. Made in Poland. In the SHAPES collection you will find minimalistic jewelry based on simple forms. This is a [&hellip;]","og_url":"https:\/\/vulee.pl\/en\/produkt\/elements-pierscionek-srebrny\/","og_site_name":"Vul\u00e9e","article_modified_time":"2025-07-31T12:57:08+00:00","og_image":[{"width":1455,"height":1455,"url":"https:\/\/vulee.pl\/wp-content\/uploads\/2021\/09\/elements-ring-silver.jpg","type":"image\/jpeg"}],"twitter_card":"summary_large_image","schema":{"@context":"https:\/\/schema.org","@graph":[{"@type":"WebPage","@id":"https:\/\/vulee.pl\/en\/produkt\/elements-pierscionek-srebrny\/","url":"https:\/\/vulee.pl\/en\/produkt\/elements-pierscionek-srebrny\/","name":"ELEMENTS RING SILVER - Vul\u00e9e","isPartOf":{"@id":"https:\/\/vulee.pl\/en\/#website"},"primaryImageOfPage":{"@id":"https:\/\/vulee.pl\/en\/produkt\/elements-pierscionek-srebrny\/#primaryimage"},"image":{"@id":"https:\/\/vulee.pl\/produkt\/elements-pierscionek-srebrny\/#primaryimage"},"thumbnailUrl":"https:\/\/vulee.pl\/wp-content\/uploads\/2021\/09\/elements-ring-silver.jpg","datePublished":"2021-09-03T18:13:33+00:00","dateModified":"2025-07-31T12:57:08+00:00","breadcrumb":{"@id":"https:\/\/vulee.pl\/en\/produkt\/elements-pierscionek-srebrny\/#breadcrumb"},"inLanguage":"en-US","potentialAction":[{"@type":"ReadAction","target":[["https:\/\/vulee.pl\/en\/produkt\/elements-pierscionek-srebrny\/"]]}]},{"@type":"ImageObject","inLanguage":"en-US","@id":"https:\/\/vulee.pl\/en\/produkt\/elements-pierscionek-srebrny\/#primaryimage","url":"https:\/\/vulee.pl\/wp-content\/uploads\/2021\/09\/elements-ring-silver.jpg","contentUrl":"https:\/\/vulee.pl\/wp-content\/uploads\/2021\/09\/elements-ring-silver.jpg","width":1455,"height":1455},{"@type":"BreadcrumbList","@id":"https:\/\/vulee.pl\/en\/produkt\/elements-pierscionek-srebrny\/#breadcrumb","itemListElement":[{"@type":"ListItem","position":1,"name":"VUL\u00c9E","item":"https:\/\/vulee.pl\/en\/"},{"@type":"ListItem","position":2,"name":"sklep","item":"https:\/\/vulee.pl\/en\/shop\/"},{"@type":"ListItem","position":3,"name":"ELEMENTS PIER\u015aCIONEK SREBRNY"}]},{"@type":"WebSite","@id":"https:\/\/vulee.pl\/en\/#website","url":"https:\/\/vulee.pl\/en\/","name":"Vul\u00e9e zmys\u0142owa bi\u017cuteria dla os\u00f3b wra\u017cliwych","description":"minimalistic, sensual jewelry made in Poland","publisher":{"@id":"https:\/\/vulee.pl\/en\/#organization"},"alternateName":"Vul\u00e9e","potentialAction":[{"@type":"SearchAction","target":{"@type":"EntryPoint","urlTemplate":"https:\/\/vulee.pl\/en\/?s={search_term_string}"},"query-input":{"@type":"PropertyValueSpecification","valueRequired":true,"valueName":"search_term_string"}}],"inLanguage":"en-US"},{"@type":"Organization","@id":"https:\/\/vulee.pl\/en\/#organization","name":"VUL\u00c9E sp. z o.o.","url":"https:\/\/vulee.pl\/en\/","logo":{"@type":"ImageObject","inLanguage":"en-US","@id":"https:\/\/vulee.pl\/en\/#\/schema\/logo\/image\/","url":"https:\/\/vulee.pl\/wp-content\/uploads\/2021\/05\/logo-vulee.svg","contentUrl":"https:\/\/vulee.pl\/wp-content\/uploads\/2021\/05\/logo-vulee.svg","width":156,"height":209,"caption":"VUL\u00c9E sp. z o.o."},"image":{"@id":"https:\/\/vulee.pl\/en\/#\/schema\/logo\/image\/"},"sameAs":["https:\/\/www.instagram.com\/vulee.jewelry\/"]}]}},"_links":{"self":[{"href":"https:\/\/vulee.pl\/en\/wp-json\/wp\/v2\/product\/2216","targetHints":{"allow":["GET"]}}],"collection":[{"href":"https:\/\/vulee.pl\/en\/wp-json\/wp\/v2\/product"}],"about":[{"href":"https:\/\/vulee.pl\/en\/wp-json\/wp\/v2\/types\/product"}],"replies":[{"embeddable":true,"href":"https:\/\/vulee.pl\/en\/wp-json\/wp\/v2\/comments?post=2216"}],"version-history":[{"count":1,"href":"https:\/\/vulee.pl\/en\/wp-json\/wp\/v2\/product\/2216\/revisions"}],"predecessor-version":[{"id":7891,"href":"https:\/\/vulee.pl\/en\/wp-json\/wp\/v2\/product\/2216\/revisions\/7891"}],"wp:featuredmedia":[{"embeddable":true,"href":"https:\/\/vulee.pl\/en\/wp-json\/wp\/v2\/media\/2218"}],"wp:attachment":[{"href":"https:\/\/vulee.pl\/en\/wp-json\/wp\/v2\/media?parent=2216"}],"wp:term":[{"taxonomy":"product_brand","embeddable":true,"href":"https:\/\/vulee.pl\/en\/wp-json\/wp\/v2\/product_brand?post=2216"},{"taxonomy":"product_cat","embeddable":true,"href":"https:\/\/vulee.pl\/en\/wp-json\/wp\/v2\/product_cat?post=2216"},{"taxonomy":"product_tag","embeddable":true,"href":"https:\/\/vulee.pl\/en\/wp-json\/wp\/v2\/product_tag?post=2216"},{"taxonomy":"woo-feed-brand","embeddable":true,"href":"https:\/\/vulee.pl\/en\/wp-json\/wp\/v2\/woo-feed-brand?post=2216"}],"curies":[{"name":"wp","href":"https:\/\/api.w.org\/{rel}","templated":true}]}}