{"id":1983,"date":"2021-08-29T23:18:50","date_gmt":"2021-08-29T21:18:50","guid":{"rendered":"https:\/\/vulee.pl\/?post_type=product&#038;p=1983"},"modified":"2025-07-31T15:20:51","modified_gmt":"2025-07-31T13:20:51","slug":"circles-necklace-gold-2","status":"publish","type":"product","link":"https:\/\/vulee.pl\/en\/produkt\/circles-necklace-gold\/","title":{"rendered":"CIRCLES NECKLACE GOLD"},"content":{"rendered":"<p><\/p>\n<p>Pendant from SHAPES collection. Minimalistic form made of four identical circles. Made of silver 925, 24-carat gold-plated. Hanged on delicate chain with length adjustment, available in three sizes. From CIRCLES set, you can also find earrings and ring.<\/p>\n<p>Made in Poland.<\/p>\n<p>Pendant dimensions &#8211; 2,5 x 2,5 cm<\/p>\n<p>In the SHAPES collection you will find minimalistic jewelry based on simple forms. This is a perfect collection for everyone who believes that less is more. Thanks to its universality, jewelry from SHAPES will wonderfully match every outfit. From classic hoops till more extraordinary geometric combinations, SHAPES products will win heart of every minimalist.<\/p>\n<p>&nbsp;<\/p>\n<p><\/p>","protected":false},"excerpt":{"rendered":"<p>Pendant from SHAPES collection. Minimalistic form made of four identical circles. Made of silver 925, 24-carat gold-plated. Hanged on delicate chain with length adjustment, available in three sizes. From CIRCLES set, you can also find earrings and ring. Made in Poland. Pendant dimensions &#8211; 2,5 x 2,5 cm In the SHAPES collection you will find [&hellip;]<\/p>\n","protected":false},"featured_media":1987,"comment_status":"open","ping_status":"closed","template":"","meta":{"_acf_changed":false,"inline_featured_image":false},"product_brand":[],"product_cat":[293,15,25,52,22,27,47],"product_tag":[115,104,100,136,94,87,130,135,276],"woo-feed-brand":[],"class_list":{"0":"post-1983","1":"product","2":"type-product","3":"status-publish","4":"has-post-thumbnail","6":"product_cat-archive-sale","7":"product_cat-bizuteria","8":"product_cat-shapes","9":"product_cat-pozlacane-shapes","10":"product_cat-kolekcje","11":"product_cat-naszyjniki","12":"product_cat-pozlacane-naszyjniki","13":"product_tag-bizuteria","14":"product_tag-bizuteria-pozlacana","15":"product_tag-gold-plated-jewelry","16":"product_tag-gold-plated-necklace","17":"product_tag-minimalistic-jewelry","18":"product_tag-minimalistyczna-bizuteria","19":"product_tag-naszyjnik","20":"product_tag-necklace","21":"product_tag-winter-sale","23":"first","24":"instock","25":"sale","26":"taxable","27":"shipping-taxable","28":"purchasable","29":"product-type-variable"},"acf":[],"yoast_head":"<!-- This site is optimized with the Yoast SEO plugin v27.3 - https:\/\/yoast.com\/product\/yoast-seo-wordpress\/ -->\n<title>CIRCLES NECKLACE GOLD - Vul\u00e9e<\/title>\n<meta name=\"robots\" content=\"index, follow, max-snippet:-1, max-image-preview:large, max-video-preview:-1\" \/>\n<link rel=\"canonical\" href=\"https:\/\/vulee.pl\/en\/produkt\/circles-naszyjnik-pozlacany\/\" \/>\n<meta property=\"og:locale\" content=\"en_US\" \/>\n<meta property=\"og:type\" content=\"article\" \/>\n<meta property=\"og:title\" content=\"CIRCLES NECKLACE GOLD - Vul\u00e9e\" \/>\n<meta property=\"og:description\" content=\"Pendant from SHAPES collection. Minimalistic form made of four identical circles. Made of silver 925, 24-carat gold-plated. Hanged on delicate chain with length adjustment, available in three sizes. From CIRCLES set, you can also find earrings and ring. Made in Poland. Pendant dimensions &#8211; 2,5 x 2,5 cm In the SHAPES collection you will find [&hellip;]\" \/>\n<meta property=\"og:url\" content=\"https:\/\/vulee.pl\/en\/produkt\/circles-naszyjnik-pozlacany\/\" \/>\n<meta property=\"og:site_name\" content=\"Vul\u00e9e\" \/>\n<meta property=\"article:modified_time\" content=\"2025-07-31T13:20:51+00:00\" \/>\n<meta property=\"og:image\" content=\"https:\/\/vulee.pl\/wp-content\/uploads\/2021\/08\/circles-necklace-gold.jpg\" \/>\n\t<meta property=\"og:image:width\" content=\"1878\" \/>\n\t<meta property=\"og:image:height\" content=\"1878\" \/>\n\t<meta property=\"og:image:type\" content=\"image\/jpeg\" \/>\n<meta name=\"twitter:card\" content=\"summary_large_image\" \/>\n<script type=\"application\/ld+json\" class=\"yoast-schema-graph\">{\"@context\":\"https:\\\/\\\/schema.org\",\"@graph\":[{\"@type\":\"WebPage\",\"@id\":\"https:\\\/\\\/vulee.pl\\\/en\\\/produkt\\\/circles-naszyjnik-pozlacany\\\/\",\"url\":\"https:\\\/\\\/vulee.pl\\\/en\\\/produkt\\\/circles-naszyjnik-pozlacany\\\/\",\"name\":\"CIRCLES NECKLACE GOLD - Vul\u00e9e\",\"isPartOf\":{\"@id\":\"https:\\\/\\\/vulee.pl\\\/en\\\/#website\"},\"primaryImageOfPage\":{\"@id\":\"https:\\\/\\\/vulee.pl\\\/en\\\/produkt\\\/circles-naszyjnik-pozlacany\\\/#primaryimage\"},\"image\":{\"@id\":\"https:\\\/\\\/vulee.pl\\\/produkt\\\/circles-naszyjnik-pozlacany\\\/#primaryimage\"},\"thumbnailUrl\":\"https:\\\/\\\/vulee.pl\\\/wp-content\\\/uploads\\\/2021\\\/08\\\/circles-necklace-gold.jpg\",\"datePublished\":\"2021-08-29T21:18:50+00:00\",\"dateModified\":\"2025-07-31T13:20:51+00:00\",\"breadcrumb\":{\"@id\":\"https:\\\/\\\/vulee.pl\\\/en\\\/produkt\\\/circles-naszyjnik-pozlacany\\\/#breadcrumb\"},\"inLanguage\":\"en-US\",\"potentialAction\":[{\"@type\":\"ReadAction\",\"target\":[[\"https:\\\/\\\/vulee.pl\\\/en\\\/produkt\\\/circles-naszyjnik-pozlacany\\\/\"]]}]},{\"@type\":\"ImageObject\",\"inLanguage\":\"en-US\",\"@id\":\"https:\\\/\\\/vulee.pl\\\/en\\\/produkt\\\/circles-naszyjnik-pozlacany\\\/#primaryimage\",\"url\":\"https:\\\/\\\/vulee.pl\\\/wp-content\\\/uploads\\\/2021\\\/08\\\/circles-necklace-gold.jpg\",\"contentUrl\":\"https:\\\/\\\/vulee.pl\\\/wp-content\\\/uploads\\\/2021\\\/08\\\/circles-necklace-gold.jpg\",\"width\":1878,\"height\":1878},{\"@type\":\"BreadcrumbList\",\"@id\":\"https:\\\/\\\/vulee.pl\\\/en\\\/produkt\\\/circles-naszyjnik-pozlacany\\\/#breadcrumb\",\"itemListElement\":[{\"@type\":\"ListItem\",\"position\":1,\"name\":\"VUL\u00c9E\",\"item\":\"https:\\\/\\\/vulee.pl\\\/en\\\/\"},{\"@type\":\"ListItem\",\"position\":2,\"name\":\"sklep\",\"item\":\"https:\\\/\\\/vulee.pl\\\/en\\\/shop\\\/\"},{\"@type\":\"ListItem\",\"position\":3,\"name\":\"CIRCLES NASZYJNIK POZ\u0141ACANY\"}]},{\"@type\":\"WebSite\",\"@id\":\"https:\\\/\\\/vulee.pl\\\/en\\\/#website\",\"url\":\"https:\\\/\\\/vulee.pl\\\/en\\\/\",\"name\":\"Vul\u00e9e zmys\u0142owa bi\u017cuteria dla os\u00f3b wra\u017cliwych\",\"description\":\"minimalistic, sensual jewelry made in Poland\",\"publisher\":{\"@id\":\"https:\\\/\\\/vulee.pl\\\/en\\\/#organization\"},\"alternateName\":\"Vul\u00e9e\",\"potentialAction\":[{\"@type\":\"SearchAction\",\"target\":{\"@type\":\"EntryPoint\",\"urlTemplate\":\"https:\\\/\\\/vulee.pl\\\/en\\\/?s={search_term_string}\"},\"query-input\":{\"@type\":\"PropertyValueSpecification\",\"valueRequired\":true,\"valueName\":\"search_term_string\"}}],\"inLanguage\":\"en-US\"},{\"@type\":\"Organization\",\"@id\":\"https:\\\/\\\/vulee.pl\\\/en\\\/#organization\",\"name\":\"VUL\u00c9E sp. z o.o.\",\"url\":\"https:\\\/\\\/vulee.pl\\\/en\\\/\",\"logo\":{\"@type\":\"ImageObject\",\"inLanguage\":\"en-US\",\"@id\":\"https:\\\/\\\/vulee.pl\\\/en\\\/#\\\/schema\\\/logo\\\/image\\\/\",\"url\":\"https:\\\/\\\/vulee.pl\\\/wp-content\\\/uploads\\\/2021\\\/05\\\/logo-vulee.svg\",\"contentUrl\":\"https:\\\/\\\/vulee.pl\\\/wp-content\\\/uploads\\\/2021\\\/05\\\/logo-vulee.svg\",\"width\":156,\"height\":209,\"caption\":\"VUL\u00c9E sp. z o.o.\"},\"image\":{\"@id\":\"https:\\\/\\\/vulee.pl\\\/en\\\/#\\\/schema\\\/logo\\\/image\\\/\"},\"sameAs\":[\"https:\\\/\\\/www.instagram.com\\\/vulee.jewelry\\\/\"]}]}<\/script>\n<!-- \/ Yoast SEO plugin. -->","yoast_head_json":{"title":"CIRCLES NECKLACE GOLD - Vul\u00e9e","robots":{"index":"index","follow":"follow","max-snippet":"max-snippet:-1","max-image-preview":"max-image-preview:large","max-video-preview":"max-video-preview:-1"},"canonical":"https:\/\/vulee.pl\/en\/produkt\/circles-naszyjnik-pozlacany\/","og_locale":"en_US","og_type":"article","og_title":"CIRCLES NECKLACE GOLD - Vul\u00e9e","og_description":"Pendant from SHAPES collection. Minimalistic form made of four identical circles. Made of silver 925, 24-carat gold-plated. Hanged on delicate chain with length adjustment, available in three sizes. From CIRCLES set, you can also find earrings and ring. Made in Poland. Pendant dimensions &#8211; 2,5 x 2,5 cm In the SHAPES collection you will find [&hellip;]","og_url":"https:\/\/vulee.pl\/en\/produkt\/circles-naszyjnik-pozlacany\/","og_site_name":"Vul\u00e9e","article_modified_time":"2025-07-31T13:20:51+00:00","og_image":[{"width":1878,"height":1878,"url":"https:\/\/vulee.pl\/wp-content\/uploads\/2021\/08\/circles-necklace-gold.jpg","type":"image\/jpeg"}],"twitter_card":"summary_large_image","schema":{"@context":"https:\/\/schema.org","@graph":[{"@type":"WebPage","@id":"https:\/\/vulee.pl\/en\/produkt\/circles-naszyjnik-pozlacany\/","url":"https:\/\/vulee.pl\/en\/produkt\/circles-naszyjnik-pozlacany\/","name":"CIRCLES NECKLACE GOLD - Vul\u00e9e","isPartOf":{"@id":"https:\/\/vulee.pl\/en\/#website"},"primaryImageOfPage":{"@id":"https:\/\/vulee.pl\/en\/produkt\/circles-naszyjnik-pozlacany\/#primaryimage"},"image":{"@id":"https:\/\/vulee.pl\/produkt\/circles-naszyjnik-pozlacany\/#primaryimage"},"thumbnailUrl":"https:\/\/vulee.pl\/wp-content\/uploads\/2021\/08\/circles-necklace-gold.jpg","datePublished":"2021-08-29T21:18:50+00:00","dateModified":"2025-07-31T13:20:51+00:00","breadcrumb":{"@id":"https:\/\/vulee.pl\/en\/produkt\/circles-naszyjnik-pozlacany\/#breadcrumb"},"inLanguage":"en-US","potentialAction":[{"@type":"ReadAction","target":[["https:\/\/vulee.pl\/en\/produkt\/circles-naszyjnik-pozlacany\/"]]}]},{"@type":"ImageObject","inLanguage":"en-US","@id":"https:\/\/vulee.pl\/en\/produkt\/circles-naszyjnik-pozlacany\/#primaryimage","url":"https:\/\/vulee.pl\/wp-content\/uploads\/2021\/08\/circles-necklace-gold.jpg","contentUrl":"https:\/\/vulee.pl\/wp-content\/uploads\/2021\/08\/circles-necklace-gold.jpg","width":1878,"height":1878},{"@type":"BreadcrumbList","@id":"https:\/\/vulee.pl\/en\/produkt\/circles-naszyjnik-pozlacany\/#breadcrumb","itemListElement":[{"@type":"ListItem","position":1,"name":"VUL\u00c9E","item":"https:\/\/vulee.pl\/en\/"},{"@type":"ListItem","position":2,"name":"sklep","item":"https:\/\/vulee.pl\/en\/shop\/"},{"@type":"ListItem","position":3,"name":"CIRCLES NASZYJNIK POZ\u0141ACANY"}]},{"@type":"WebSite","@id":"https:\/\/vulee.pl\/en\/#website","url":"https:\/\/vulee.pl\/en\/","name":"Vul\u00e9e zmys\u0142owa bi\u017cuteria dla os\u00f3b wra\u017cliwych","description":"minimalistic, sensual jewelry made in Poland","publisher":{"@id":"https:\/\/vulee.pl\/en\/#organization"},"alternateName":"Vul\u00e9e","potentialAction":[{"@type":"SearchAction","target":{"@type":"EntryPoint","urlTemplate":"https:\/\/vulee.pl\/en\/?s={search_term_string}"},"query-input":{"@type":"PropertyValueSpecification","valueRequired":true,"valueName":"search_term_string"}}],"inLanguage":"en-US"},{"@type":"Organization","@id":"https:\/\/vulee.pl\/en\/#organization","name":"VUL\u00c9E sp. z o.o.","url":"https:\/\/vulee.pl\/en\/","logo":{"@type":"ImageObject","inLanguage":"en-US","@id":"https:\/\/vulee.pl\/en\/#\/schema\/logo\/image\/","url":"https:\/\/vulee.pl\/wp-content\/uploads\/2021\/05\/logo-vulee.svg","contentUrl":"https:\/\/vulee.pl\/wp-content\/uploads\/2021\/05\/logo-vulee.svg","width":156,"height":209,"caption":"VUL\u00c9E sp. z o.o."},"image":{"@id":"https:\/\/vulee.pl\/en\/#\/schema\/logo\/image\/"},"sameAs":["https:\/\/www.instagram.com\/vulee.jewelry\/"]}]}},"_links":{"self":[{"href":"https:\/\/vulee.pl\/en\/wp-json\/wp\/v2\/product\/1983","targetHints":{"allow":["GET"]}}],"collection":[{"href":"https:\/\/vulee.pl\/en\/wp-json\/wp\/v2\/product"}],"about":[{"href":"https:\/\/vulee.pl\/en\/wp-json\/wp\/v2\/types\/product"}],"replies":[{"embeddable":true,"href":"https:\/\/vulee.pl\/en\/wp-json\/wp\/v2\/comments?post=1983"}],"version-history":[{"count":1,"href":"https:\/\/vulee.pl\/en\/wp-json\/wp\/v2\/product\/1983\/revisions"}],"predecessor-version":[{"id":7899,"href":"https:\/\/vulee.pl\/en\/wp-json\/wp\/v2\/product\/1983\/revisions\/7899"}],"wp:featuredmedia":[{"embeddable":true,"href":"https:\/\/vulee.pl\/en\/wp-json\/wp\/v2\/media\/1987"}],"wp:attachment":[{"href":"https:\/\/vulee.pl\/en\/wp-json\/wp\/v2\/media?parent=1983"}],"wp:term":[{"taxonomy":"product_brand","embeddable":true,"href":"https:\/\/vulee.pl\/en\/wp-json\/wp\/v2\/product_brand?post=1983"},{"taxonomy":"product_cat","embeddable":true,"href":"https:\/\/vulee.pl\/en\/wp-json\/wp\/v2\/product_cat?post=1983"},{"taxonomy":"product_tag","embeddable":true,"href":"https:\/\/vulee.pl\/en\/wp-json\/wp\/v2\/product_tag?post=1983"},{"taxonomy":"woo-feed-brand","embeddable":true,"href":"https:\/\/vulee.pl\/en\/wp-json\/wp\/v2\/woo-feed-brand?post=1983"}],"curies":[{"name":"wp","href":"https:\/\/api.w.org\/{rel}","templated":true}]}}