{"id":1941,"date":"2021-08-29T12:54:24","date_gmt":"2021-08-29T10:54:24","guid":{"rendered":"https:\/\/vulee.pl\/?post_type=product&#038;p=1941"},"modified":"2026-04-01T00:47:34","modified_gmt":"2026-03-31T22:47:34","slug":"rose-necklace-silver-2","status":"publish","type":"product","link":"https:\/\/vulee.pl\/en\/produkt\/rose-necklace-silver\/","title":{"rendered":"ROSE NECKLACE SILVER"},"content":{"rendered":"<p><\/p>\n<p>Pendant from NATURE collection showing single rose. Minimalistic design was drawn by single, continuous line. Hanged on a delicate chain with length adjustment, available in three sizes. Made of silver 925.\u00a0Every silver VUL\u00c9E product is rhodium plated which slows down natural process of patination. From ROSE set you can also find earrings.<\/p>\n<p>Made in Poland.<span class=\"Apple-converted-space\">\u00a0<\/span><\/p>\n<p>Pendant dimensions &#8211; 4,5x 1,5 cm<\/p>\n<p>NATURE is a collection mostly referring to flora. Inspired by shapes found in nature, in original minimalistic interpretation. Designed for those who enjoy feeling connection with the world and value simplicity.<\/p>\n<p><\/p>","protected":false},"excerpt":{"rendered":"<p>Pendant from NATURE collection showing single rose. Minimalistic design was drawn by single, continuous line. Hanged on a delicate chain with length adjustment, available in three sizes. Made of silver 925.\u00a0Every silver VUL\u00c9E product is rhodium plated which slows down natural process of patination. From ROSE set you can also find earrings. Made in Poland.\u00a0 [&hellip;]<\/p>\n","protected":false},"featured_media":1945,"comment_status":"open","ping_status":"closed","template":"","meta":{"_acf_changed":false,"inline_featured_image":false},"product_brand":[],"product_cat":[15,24,42,22,27,38],"product_tag":[115,94,87,131,130,202,135,111,110,132],"woo-feed-brand":[],"class_list":{"0":"post-1941","1":"product","2":"type-product","3":"status-publish","4":"has-post-thumbnail","6":"product_cat-bizuteria","7":"product_cat-nature","8":"product_cat-srebrne-nature","9":"product_cat-kolekcje","10":"product_cat-naszyjniki","11":"product_cat-srebrne-naszyjniki","12":"product_tag-bizuteria","13":"product_tag-minimalistic-jewelry","14":"product_tag-minimalistyczna-bizuteria","15":"product_tag-minimalistyczny-naszyjnik","16":"product_tag-naszyjnik","17":"product_tag-naszyjnik-roza","18":"product_tag-necklace","19":"product_tag-silver-jewelry","20":"product_tag-srebrna-bizuteria","21":"product_tag-srebrny-naszyjnik","23":"first","24":"instock","25":"taxable","26":"shipping-taxable","27":"purchasable","28":"product-type-variable"},"acf":[],"yoast_head":"<!-- This site is optimized with the Yoast SEO plugin v27.3 - https:\/\/yoast.com\/product\/yoast-seo-wordpress\/ -->\n<title>ROSE NECKLACE SILVER - Vul\u00e9e<\/title>\n<meta name=\"robots\" content=\"index, follow, max-snippet:-1, max-image-preview:large, max-video-preview:-1\" \/>\n<link rel=\"canonical\" href=\"https:\/\/vulee.pl\/en\/produkt\/rose-naszyjnik-srebrny\/\" \/>\n<meta property=\"og:locale\" content=\"en_US\" \/>\n<meta property=\"og:type\" content=\"article\" \/>\n<meta property=\"og:title\" content=\"ROSE NECKLACE SILVER - Vul\u00e9e\" \/>\n<meta property=\"og:description\" content=\"Pendant from NATURE collection showing single rose. Minimalistic design was drawn by single, continuous line. Hanged on a delicate chain with length adjustment, available in three sizes. Made of silver 925.\u00a0Every silver VUL\u00c9E product is rhodium plated which slows down natural process of patination. From ROSE set you can also find earrings. Made in Poland.\u00a0 [&hellip;]\" \/>\n<meta property=\"og:url\" content=\"https:\/\/vulee.pl\/en\/produkt\/rose-naszyjnik-srebrny\/\" \/>\n<meta property=\"og:site_name\" content=\"Vul\u00e9e\" \/>\n<meta property=\"article:modified_time\" content=\"2026-03-31T22:47:34+00:00\" \/>\n<meta property=\"og:image\" content=\"https:\/\/vulee.pl\/wp-content\/uploads\/2021\/08\/ROSE-NECKLACE-SILVER.jpg\" \/>\n\t<meta property=\"og:image:width\" content=\"1978\" \/>\n\t<meta property=\"og:image:height\" content=\"1978\" \/>\n\t<meta property=\"og:image:type\" content=\"image\/jpeg\" \/>\n<meta name=\"twitter:card\" content=\"summary_large_image\" \/>\n<script type=\"application\/ld+json\" class=\"yoast-schema-graph\">{\"@context\":\"https:\\\/\\\/schema.org\",\"@graph\":[{\"@type\":\"WebPage\",\"@id\":\"https:\\\/\\\/vulee.pl\\\/en\\\/produkt\\\/rose-naszyjnik-srebrny\\\/\",\"url\":\"https:\\\/\\\/vulee.pl\\\/en\\\/produkt\\\/rose-naszyjnik-srebrny\\\/\",\"name\":\"ROSE NECKLACE SILVER - Vul\u00e9e\",\"isPartOf\":{\"@id\":\"https:\\\/\\\/vulee.pl\\\/en\\\/#website\"},\"primaryImageOfPage\":{\"@id\":\"https:\\\/\\\/vulee.pl\\\/en\\\/produkt\\\/rose-naszyjnik-srebrny\\\/#primaryimage\"},\"image\":{\"@id\":\"https:\\\/\\\/vulee.pl\\\/produkt\\\/rose-naszyjnik-srebrny\\\/#primaryimage\"},\"thumbnailUrl\":\"https:\\\/\\\/vulee.pl\\\/wp-content\\\/uploads\\\/2021\\\/08\\\/ROSE-NECKLACE-SILVER.jpg\",\"datePublished\":\"2021-08-29T10:54:24+00:00\",\"dateModified\":\"2026-03-31T22:47:34+00:00\",\"breadcrumb\":{\"@id\":\"https:\\\/\\\/vulee.pl\\\/en\\\/produkt\\\/rose-naszyjnik-srebrny\\\/#breadcrumb\"},\"inLanguage\":\"en-US\",\"potentialAction\":[{\"@type\":\"ReadAction\",\"target\":[[\"https:\\\/\\\/vulee.pl\\\/en\\\/produkt\\\/rose-naszyjnik-srebrny\\\/\"]]}]},{\"@type\":\"ImageObject\",\"inLanguage\":\"en-US\",\"@id\":\"https:\\\/\\\/vulee.pl\\\/en\\\/produkt\\\/rose-naszyjnik-srebrny\\\/#primaryimage\",\"url\":\"https:\\\/\\\/vulee.pl\\\/wp-content\\\/uploads\\\/2021\\\/08\\\/ROSE-NECKLACE-SILVER.jpg\",\"contentUrl\":\"https:\\\/\\\/vulee.pl\\\/wp-content\\\/uploads\\\/2021\\\/08\\\/ROSE-NECKLACE-SILVER.jpg\",\"width\":1978,\"height\":1978},{\"@type\":\"BreadcrumbList\",\"@id\":\"https:\\\/\\\/vulee.pl\\\/en\\\/produkt\\\/rose-naszyjnik-srebrny\\\/#breadcrumb\",\"itemListElement\":[{\"@type\":\"ListItem\",\"position\":1,\"name\":\"VUL\u00c9E\",\"item\":\"https:\\\/\\\/vulee.pl\\\/en\\\/\"},{\"@type\":\"ListItem\",\"position\":2,\"name\":\"sklep\",\"item\":\"https:\\\/\\\/vulee.pl\\\/en\\\/shop\\\/\"},{\"@type\":\"ListItem\",\"position\":3,\"name\":\"ROSE NASZYJNIK SREBRNY\"}]},{\"@type\":\"WebSite\",\"@id\":\"https:\\\/\\\/vulee.pl\\\/en\\\/#website\",\"url\":\"https:\\\/\\\/vulee.pl\\\/en\\\/\",\"name\":\"Vul\u00e9e zmys\u0142owa bi\u017cuteria dla os\u00f3b wra\u017cliwych\",\"description\":\"minimalistic, sensual jewelry made in Poland\",\"publisher\":{\"@id\":\"https:\\\/\\\/vulee.pl\\\/en\\\/#organization\"},\"alternateName\":\"Vul\u00e9e\",\"potentialAction\":[{\"@type\":\"SearchAction\",\"target\":{\"@type\":\"EntryPoint\",\"urlTemplate\":\"https:\\\/\\\/vulee.pl\\\/en\\\/?s={search_term_string}\"},\"query-input\":{\"@type\":\"PropertyValueSpecification\",\"valueRequired\":true,\"valueName\":\"search_term_string\"}}],\"inLanguage\":\"en-US\"},{\"@type\":\"Organization\",\"@id\":\"https:\\\/\\\/vulee.pl\\\/en\\\/#organization\",\"name\":\"VUL\u00c9E sp. z o.o.\",\"url\":\"https:\\\/\\\/vulee.pl\\\/en\\\/\",\"logo\":{\"@type\":\"ImageObject\",\"inLanguage\":\"en-US\",\"@id\":\"https:\\\/\\\/vulee.pl\\\/en\\\/#\\\/schema\\\/logo\\\/image\\\/\",\"url\":\"https:\\\/\\\/vulee.pl\\\/wp-content\\\/uploads\\\/2021\\\/05\\\/logo-vulee.svg\",\"contentUrl\":\"https:\\\/\\\/vulee.pl\\\/wp-content\\\/uploads\\\/2021\\\/05\\\/logo-vulee.svg\",\"width\":156,\"height\":209,\"caption\":\"VUL\u00c9E sp. z o.o.\"},\"image\":{\"@id\":\"https:\\\/\\\/vulee.pl\\\/en\\\/#\\\/schema\\\/logo\\\/image\\\/\"},\"sameAs\":[\"https:\\\/\\\/www.instagram.com\\\/vulee.jewelry\\\/\"]}]}<\/script>\n<!-- \/ Yoast SEO plugin. -->","yoast_head_json":{"title":"ROSE NECKLACE SILVER - Vul\u00e9e","robots":{"index":"index","follow":"follow","max-snippet":"max-snippet:-1","max-image-preview":"max-image-preview:large","max-video-preview":"max-video-preview:-1"},"canonical":"https:\/\/vulee.pl\/en\/produkt\/rose-naszyjnik-srebrny\/","og_locale":"en_US","og_type":"article","og_title":"ROSE NECKLACE SILVER - Vul\u00e9e","og_description":"Pendant from NATURE collection showing single rose. Minimalistic design was drawn by single, continuous line. Hanged on a delicate chain with length adjustment, available in three sizes. Made of silver 925.\u00a0Every silver VUL\u00c9E product is rhodium plated which slows down natural process of patination. From ROSE set you can also find earrings. Made in Poland.\u00a0 [&hellip;]","og_url":"https:\/\/vulee.pl\/en\/produkt\/rose-naszyjnik-srebrny\/","og_site_name":"Vul\u00e9e","article_modified_time":"2026-03-31T22:47:34+00:00","og_image":[{"width":1978,"height":1978,"url":"https:\/\/vulee.pl\/wp-content\/uploads\/2021\/08\/ROSE-NECKLACE-SILVER.jpg","type":"image\/jpeg"}],"twitter_card":"summary_large_image","schema":{"@context":"https:\/\/schema.org","@graph":[{"@type":"WebPage","@id":"https:\/\/vulee.pl\/en\/produkt\/rose-naszyjnik-srebrny\/","url":"https:\/\/vulee.pl\/en\/produkt\/rose-naszyjnik-srebrny\/","name":"ROSE NECKLACE SILVER - Vul\u00e9e","isPartOf":{"@id":"https:\/\/vulee.pl\/en\/#website"},"primaryImageOfPage":{"@id":"https:\/\/vulee.pl\/en\/produkt\/rose-naszyjnik-srebrny\/#primaryimage"},"image":{"@id":"https:\/\/vulee.pl\/produkt\/rose-naszyjnik-srebrny\/#primaryimage"},"thumbnailUrl":"https:\/\/vulee.pl\/wp-content\/uploads\/2021\/08\/ROSE-NECKLACE-SILVER.jpg","datePublished":"2021-08-29T10:54:24+00:00","dateModified":"2026-03-31T22:47:34+00:00","breadcrumb":{"@id":"https:\/\/vulee.pl\/en\/produkt\/rose-naszyjnik-srebrny\/#breadcrumb"},"inLanguage":"en-US","potentialAction":[{"@type":"ReadAction","target":[["https:\/\/vulee.pl\/en\/produkt\/rose-naszyjnik-srebrny\/"]]}]},{"@type":"ImageObject","inLanguage":"en-US","@id":"https:\/\/vulee.pl\/en\/produkt\/rose-naszyjnik-srebrny\/#primaryimage","url":"https:\/\/vulee.pl\/wp-content\/uploads\/2021\/08\/ROSE-NECKLACE-SILVER.jpg","contentUrl":"https:\/\/vulee.pl\/wp-content\/uploads\/2021\/08\/ROSE-NECKLACE-SILVER.jpg","width":1978,"height":1978},{"@type":"BreadcrumbList","@id":"https:\/\/vulee.pl\/en\/produkt\/rose-naszyjnik-srebrny\/#breadcrumb","itemListElement":[{"@type":"ListItem","position":1,"name":"VUL\u00c9E","item":"https:\/\/vulee.pl\/en\/"},{"@type":"ListItem","position":2,"name":"sklep","item":"https:\/\/vulee.pl\/en\/shop\/"},{"@type":"ListItem","position":3,"name":"ROSE NASZYJNIK SREBRNY"}]},{"@type":"WebSite","@id":"https:\/\/vulee.pl\/en\/#website","url":"https:\/\/vulee.pl\/en\/","name":"Vul\u00e9e zmys\u0142owa bi\u017cuteria dla os\u00f3b wra\u017cliwych","description":"minimalistic, sensual jewelry made in Poland","publisher":{"@id":"https:\/\/vulee.pl\/en\/#organization"},"alternateName":"Vul\u00e9e","potentialAction":[{"@type":"SearchAction","target":{"@type":"EntryPoint","urlTemplate":"https:\/\/vulee.pl\/en\/?s={search_term_string}"},"query-input":{"@type":"PropertyValueSpecification","valueRequired":true,"valueName":"search_term_string"}}],"inLanguage":"en-US"},{"@type":"Organization","@id":"https:\/\/vulee.pl\/en\/#organization","name":"VUL\u00c9E sp. z o.o.","url":"https:\/\/vulee.pl\/en\/","logo":{"@type":"ImageObject","inLanguage":"en-US","@id":"https:\/\/vulee.pl\/en\/#\/schema\/logo\/image\/","url":"https:\/\/vulee.pl\/wp-content\/uploads\/2021\/05\/logo-vulee.svg","contentUrl":"https:\/\/vulee.pl\/wp-content\/uploads\/2021\/05\/logo-vulee.svg","width":156,"height":209,"caption":"VUL\u00c9E sp. z o.o."},"image":{"@id":"https:\/\/vulee.pl\/en\/#\/schema\/logo\/image\/"},"sameAs":["https:\/\/www.instagram.com\/vulee.jewelry\/"]}]}},"_links":{"self":[{"href":"https:\/\/vulee.pl\/en\/wp-json\/wp\/v2\/product\/1941","targetHints":{"allow":["GET"]}}],"collection":[{"href":"https:\/\/vulee.pl\/en\/wp-json\/wp\/v2\/product"}],"about":[{"href":"https:\/\/vulee.pl\/en\/wp-json\/wp\/v2\/types\/product"}],"replies":[{"embeddable":true,"href":"https:\/\/vulee.pl\/en\/wp-json\/wp\/v2\/comments?post=1941"}],"version-history":[{"count":1,"href":"https:\/\/vulee.pl\/en\/wp-json\/wp\/v2\/product\/1941\/revisions"}],"predecessor-version":[{"id":9000,"href":"https:\/\/vulee.pl\/en\/wp-json\/wp\/v2\/product\/1941\/revisions\/9000"}],"wp:featuredmedia":[{"embeddable":true,"href":"https:\/\/vulee.pl\/en\/wp-json\/wp\/v2\/media\/1945"}],"wp:attachment":[{"href":"https:\/\/vulee.pl\/en\/wp-json\/wp\/v2\/media?parent=1941"}],"wp:term":[{"taxonomy":"product_brand","embeddable":true,"href":"https:\/\/vulee.pl\/en\/wp-json\/wp\/v2\/product_brand?post=1941"},{"taxonomy":"product_cat","embeddable":true,"href":"https:\/\/vulee.pl\/en\/wp-json\/wp\/v2\/product_cat?post=1941"},{"taxonomy":"product_tag","embeddable":true,"href":"https:\/\/vulee.pl\/en\/wp-json\/wp\/v2\/product_tag?post=1941"},{"taxonomy":"woo-feed-brand","embeddable":true,"href":"https:\/\/vulee.pl\/en\/wp-json\/wp\/v2\/woo-feed-brand?post=1941"}],"curies":[{"name":"wp","href":"https:\/\/api.w.org\/{rel}","templated":true}]}}