{"id":1770,"date":"2021-08-21T23:59:34","date_gmt":"2021-08-21T21:59:34","guid":{"rendered":"https:\/\/vulee.pl\/?post_type=product&#038;p=1770"},"modified":"2026-04-01T00:58:49","modified_gmt":"2026-03-31T22:58:49","slug":"rose-pendant-silver-2","status":"publish","type":"product","link":"https:\/\/vulee.pl\/en\/produkt\/rose-pendant-silver\/","title":{"rendered":"ROSE PENDANT SILVER"},"content":{"rendered":"<p><\/p>\n<p>Pendant from NATURE collection showing single rose. Minimalistic design was drawn as single, continuous line. \u00a0Made of silver 925.\u00a0Every silver VUL\u00c9E product is rhodium plated which slows down natural process of patination.\u00a0From ROSE set \u00a0you can also find earrings.<\/p>\n<p>Made in Poland.<\/p>\n<p>Pendant dimensions &#8211; 4,5 x 1,5 cm<\/p>\n<p>NATURE is a collection mostly referring to flora. Inspired by shapes found in nature, in original minimalistic interpretation. Designed for those who enjoy feeling connection with the world and value simplicity.<\/p>\n<p><\/p>","protected":false},"excerpt":{"rendered":"<p>Pendant from NATURE collection showing single rose. Minimalistic design was drawn as single, continuous line. \u00a0Made of silver 925.\u00a0Every silver VUL\u00c9E product is rhodium plated which slows down natural process of patination.\u00a0From ROSE set \u00a0you can also find earrings. Made in Poland. Pendant dimensions &#8211; 4,5 x 1,5 cm NATURE is a collection mostly referring [&hellip;]<\/p>\n","protected":false},"featured_media":1758,"comment_status":"open","ping_status":"closed","template":"","meta":{"_acf_changed":false,"inline_featured_image":false},"product_brand":[],"product_cat":[15,24,42,22,40,28],"product_tag":[115,91,114,94,87,202,111,110,190,210],"woo-feed-brand":[],"class_list":{"0":"post-1770","1":"product","2":"type-product","3":"status-publish","4":"has-post-thumbnail","6":"product_cat-bizuteria","7":"product_cat-nature","8":"product_cat-srebrne-nature","9":"product_cat-kolekcje","10":"product_cat-srebrne-zawieszki","11":"product_cat-zawieszki","12":"product_tag-bizuteria","13":"product_tag-bizuteria-srebrna","14":"product_tag-elegancka-bizuteria","15":"product_tag-minimalistic-jewelry","16":"product_tag-minimalistyczna-bizuteria","17":"product_tag-naszyjnik-roza","18":"product_tag-silver-jewelry","19":"product_tag-srebrna-bizuteria","20":"product_tag-srebrna-zawieszka","21":"product_tag-zawieszka-roza","23":"first","24":"instock","25":"taxable","26":"shipping-taxable","27":"purchasable","28":"product-type-simple"},"acf":[],"yoast_head":"<!-- This site is optimized with the Yoast SEO plugin v27.3 - https:\/\/yoast.com\/product\/yoast-seo-wordpress\/ -->\n<title>ROSE PENDANT SILVER - Vul\u00e9e<\/title>\n<meta name=\"robots\" content=\"index, follow, max-snippet:-1, max-image-preview:large, max-video-preview:-1\" \/>\n<link rel=\"canonical\" href=\"https:\/\/vulee.pl\/en\/produkt\/rose-zawieszka-srebrna\/\" \/>\n<meta property=\"og:locale\" content=\"en_US\" \/>\n<meta property=\"og:type\" content=\"article\" \/>\n<meta property=\"og:title\" content=\"ROSE PENDANT SILVER - Vul\u00e9e\" \/>\n<meta property=\"og:description\" content=\"Pendant from NATURE collection showing single rose. Minimalistic design was drawn as single, continuous line. \u00a0Made of silver 925.\u00a0Every silver VUL\u00c9E product is rhodium plated which slows down natural process of patination.\u00a0From ROSE set \u00a0you can also find earrings. Made in Poland. Pendant dimensions &#8211; 4,5 x 1,5 cm NATURE is a collection mostly referring [&hellip;]\" \/>\n<meta property=\"og:url\" content=\"https:\/\/vulee.pl\/en\/produkt\/rose-zawieszka-srebrna\/\" \/>\n<meta property=\"og:site_name\" content=\"Vul\u00e9e\" \/>\n<meta property=\"article:modified_time\" content=\"2026-03-31T22:58:49+00:00\" \/>\n<meta property=\"og:image\" content=\"https:\/\/vulee.pl\/wp-content\/uploads\/2021\/08\/rose-pendant-silver.jpg\" \/>\n\t<meta property=\"og:image:width\" content=\"1426\" \/>\n\t<meta property=\"og:image:height\" content=\"1426\" \/>\n\t<meta property=\"og:image:type\" content=\"image\/jpeg\" \/>\n<meta name=\"twitter:card\" content=\"summary_large_image\" \/>\n<script type=\"application\/ld+json\" class=\"yoast-schema-graph\">{\"@context\":\"https:\\\/\\\/schema.org\",\"@graph\":[{\"@type\":\"WebPage\",\"@id\":\"https:\\\/\\\/vulee.pl\\\/en\\\/produkt\\\/rose-zawieszka-srebrna\\\/\",\"url\":\"https:\\\/\\\/vulee.pl\\\/en\\\/produkt\\\/rose-zawieszka-srebrna\\\/\",\"name\":\"ROSE PENDANT SILVER - Vul\u00e9e\",\"isPartOf\":{\"@id\":\"https:\\\/\\\/vulee.pl\\\/en\\\/#website\"},\"primaryImageOfPage\":{\"@id\":\"https:\\\/\\\/vulee.pl\\\/en\\\/produkt\\\/rose-zawieszka-srebrna\\\/#primaryimage\"},\"image\":{\"@id\":\"https:\\\/\\\/vulee.pl\\\/produkt\\\/rose-zawieszka-srebrna\\\/#primaryimage\"},\"thumbnailUrl\":\"https:\\\/\\\/vulee.pl\\\/wp-content\\\/uploads\\\/2021\\\/08\\\/rose-pendant-silver.jpg\",\"datePublished\":\"2021-08-21T21:59:34+00:00\",\"dateModified\":\"2026-03-31T22:58:49+00:00\",\"breadcrumb\":{\"@id\":\"https:\\\/\\\/vulee.pl\\\/en\\\/produkt\\\/rose-zawieszka-srebrna\\\/#breadcrumb\"},\"inLanguage\":\"en-US\",\"potentialAction\":[{\"@type\":\"ReadAction\",\"target\":[[\"https:\\\/\\\/vulee.pl\\\/en\\\/produkt\\\/rose-zawieszka-srebrna\\\/\"]]}]},{\"@type\":\"ImageObject\",\"inLanguage\":\"en-US\",\"@id\":\"https:\\\/\\\/vulee.pl\\\/en\\\/produkt\\\/rose-zawieszka-srebrna\\\/#primaryimage\",\"url\":\"https:\\\/\\\/vulee.pl\\\/wp-content\\\/uploads\\\/2021\\\/08\\\/rose-pendant-silver.jpg\",\"contentUrl\":\"https:\\\/\\\/vulee.pl\\\/wp-content\\\/uploads\\\/2021\\\/08\\\/rose-pendant-silver.jpg\",\"width\":1426,\"height\":1426},{\"@type\":\"BreadcrumbList\",\"@id\":\"https:\\\/\\\/vulee.pl\\\/en\\\/produkt\\\/rose-zawieszka-srebrna\\\/#breadcrumb\",\"itemListElement\":[{\"@type\":\"ListItem\",\"position\":1,\"name\":\"VUL\u00c9E\",\"item\":\"https:\\\/\\\/vulee.pl\\\/en\\\/\"},{\"@type\":\"ListItem\",\"position\":2,\"name\":\"sklep\",\"item\":\"https:\\\/\\\/vulee.pl\\\/en\\\/shop\\\/\"},{\"@type\":\"ListItem\",\"position\":3,\"name\":\"ROSE ZAWIESZKA SREBRNA\"}]},{\"@type\":\"WebSite\",\"@id\":\"https:\\\/\\\/vulee.pl\\\/en\\\/#website\",\"url\":\"https:\\\/\\\/vulee.pl\\\/en\\\/\",\"name\":\"Vul\u00e9e zmys\u0142owa bi\u017cuteria dla os\u00f3b wra\u017cliwych\",\"description\":\"minimalistic, sensual jewelry made in Poland\",\"publisher\":{\"@id\":\"https:\\\/\\\/vulee.pl\\\/en\\\/#organization\"},\"alternateName\":\"Vul\u00e9e\",\"potentialAction\":[{\"@type\":\"SearchAction\",\"target\":{\"@type\":\"EntryPoint\",\"urlTemplate\":\"https:\\\/\\\/vulee.pl\\\/en\\\/?s={search_term_string}\"},\"query-input\":{\"@type\":\"PropertyValueSpecification\",\"valueRequired\":true,\"valueName\":\"search_term_string\"}}],\"inLanguage\":\"en-US\"},{\"@type\":\"Organization\",\"@id\":\"https:\\\/\\\/vulee.pl\\\/en\\\/#organization\",\"name\":\"VUL\u00c9E sp. z o.o.\",\"url\":\"https:\\\/\\\/vulee.pl\\\/en\\\/\",\"logo\":{\"@type\":\"ImageObject\",\"inLanguage\":\"en-US\",\"@id\":\"https:\\\/\\\/vulee.pl\\\/en\\\/#\\\/schema\\\/logo\\\/image\\\/\",\"url\":\"https:\\\/\\\/vulee.pl\\\/wp-content\\\/uploads\\\/2021\\\/05\\\/logo-vulee.svg\",\"contentUrl\":\"https:\\\/\\\/vulee.pl\\\/wp-content\\\/uploads\\\/2021\\\/05\\\/logo-vulee.svg\",\"width\":156,\"height\":209,\"caption\":\"VUL\u00c9E sp. z o.o.\"},\"image\":{\"@id\":\"https:\\\/\\\/vulee.pl\\\/en\\\/#\\\/schema\\\/logo\\\/image\\\/\"},\"sameAs\":[\"https:\\\/\\\/www.instagram.com\\\/vulee.jewelry\\\/\"]}]}<\/script>\n<!-- \/ Yoast SEO plugin. -->","yoast_head_json":{"title":"ROSE PENDANT SILVER - Vul\u00e9e","robots":{"index":"index","follow":"follow","max-snippet":"max-snippet:-1","max-image-preview":"max-image-preview:large","max-video-preview":"max-video-preview:-1"},"canonical":"https:\/\/vulee.pl\/en\/produkt\/rose-zawieszka-srebrna\/","og_locale":"en_US","og_type":"article","og_title":"ROSE PENDANT SILVER - Vul\u00e9e","og_description":"Pendant from NATURE collection showing single rose. Minimalistic design was drawn as single, continuous line. \u00a0Made of silver 925.\u00a0Every silver VUL\u00c9E product is rhodium plated which slows down natural process of patination.\u00a0From ROSE set \u00a0you can also find earrings. Made in Poland. Pendant dimensions &#8211; 4,5 x 1,5 cm NATURE is a collection mostly referring [&hellip;]","og_url":"https:\/\/vulee.pl\/en\/produkt\/rose-zawieszka-srebrna\/","og_site_name":"Vul\u00e9e","article_modified_time":"2026-03-31T22:58:49+00:00","og_image":[{"width":1426,"height":1426,"url":"https:\/\/vulee.pl\/wp-content\/uploads\/2021\/08\/rose-pendant-silver.jpg","type":"image\/jpeg"}],"twitter_card":"summary_large_image","schema":{"@context":"https:\/\/schema.org","@graph":[{"@type":"WebPage","@id":"https:\/\/vulee.pl\/en\/produkt\/rose-zawieszka-srebrna\/","url":"https:\/\/vulee.pl\/en\/produkt\/rose-zawieszka-srebrna\/","name":"ROSE PENDANT SILVER - Vul\u00e9e","isPartOf":{"@id":"https:\/\/vulee.pl\/en\/#website"},"primaryImageOfPage":{"@id":"https:\/\/vulee.pl\/en\/produkt\/rose-zawieszka-srebrna\/#primaryimage"},"image":{"@id":"https:\/\/vulee.pl\/produkt\/rose-zawieszka-srebrna\/#primaryimage"},"thumbnailUrl":"https:\/\/vulee.pl\/wp-content\/uploads\/2021\/08\/rose-pendant-silver.jpg","datePublished":"2021-08-21T21:59:34+00:00","dateModified":"2026-03-31T22:58:49+00:00","breadcrumb":{"@id":"https:\/\/vulee.pl\/en\/produkt\/rose-zawieszka-srebrna\/#breadcrumb"},"inLanguage":"en-US","potentialAction":[{"@type":"ReadAction","target":[["https:\/\/vulee.pl\/en\/produkt\/rose-zawieszka-srebrna\/"]]}]},{"@type":"ImageObject","inLanguage":"en-US","@id":"https:\/\/vulee.pl\/en\/produkt\/rose-zawieszka-srebrna\/#primaryimage","url":"https:\/\/vulee.pl\/wp-content\/uploads\/2021\/08\/rose-pendant-silver.jpg","contentUrl":"https:\/\/vulee.pl\/wp-content\/uploads\/2021\/08\/rose-pendant-silver.jpg","width":1426,"height":1426},{"@type":"BreadcrumbList","@id":"https:\/\/vulee.pl\/en\/produkt\/rose-zawieszka-srebrna\/#breadcrumb","itemListElement":[{"@type":"ListItem","position":1,"name":"VUL\u00c9E","item":"https:\/\/vulee.pl\/en\/"},{"@type":"ListItem","position":2,"name":"sklep","item":"https:\/\/vulee.pl\/en\/shop\/"},{"@type":"ListItem","position":3,"name":"ROSE ZAWIESZKA SREBRNA"}]},{"@type":"WebSite","@id":"https:\/\/vulee.pl\/en\/#website","url":"https:\/\/vulee.pl\/en\/","name":"Vul\u00e9e zmys\u0142owa bi\u017cuteria dla os\u00f3b wra\u017cliwych","description":"minimalistic, sensual jewelry made in Poland","publisher":{"@id":"https:\/\/vulee.pl\/en\/#organization"},"alternateName":"Vul\u00e9e","potentialAction":[{"@type":"SearchAction","target":{"@type":"EntryPoint","urlTemplate":"https:\/\/vulee.pl\/en\/?s={search_term_string}"},"query-input":{"@type":"PropertyValueSpecification","valueRequired":true,"valueName":"search_term_string"}}],"inLanguage":"en-US"},{"@type":"Organization","@id":"https:\/\/vulee.pl\/en\/#organization","name":"VUL\u00c9E sp. z o.o.","url":"https:\/\/vulee.pl\/en\/","logo":{"@type":"ImageObject","inLanguage":"en-US","@id":"https:\/\/vulee.pl\/en\/#\/schema\/logo\/image\/","url":"https:\/\/vulee.pl\/wp-content\/uploads\/2021\/05\/logo-vulee.svg","contentUrl":"https:\/\/vulee.pl\/wp-content\/uploads\/2021\/05\/logo-vulee.svg","width":156,"height":209,"caption":"VUL\u00c9E sp. z o.o."},"image":{"@id":"https:\/\/vulee.pl\/en\/#\/schema\/logo\/image\/"},"sameAs":["https:\/\/www.instagram.com\/vulee.jewelry\/"]}]}},"_links":{"self":[{"href":"https:\/\/vulee.pl\/en\/wp-json\/wp\/v2\/product\/1770","targetHints":{"allow":["GET"]}}],"collection":[{"href":"https:\/\/vulee.pl\/en\/wp-json\/wp\/v2\/product"}],"about":[{"href":"https:\/\/vulee.pl\/en\/wp-json\/wp\/v2\/types\/product"}],"replies":[{"embeddable":true,"href":"https:\/\/vulee.pl\/en\/wp-json\/wp\/v2\/comments?post=1770"}],"version-history":[{"count":1,"href":"https:\/\/vulee.pl\/en\/wp-json\/wp\/v2\/product\/1770\/revisions"}],"predecessor-version":[{"id":9092,"href":"https:\/\/vulee.pl\/en\/wp-json\/wp\/v2\/product\/1770\/revisions\/9092"}],"wp:featuredmedia":[{"embeddable":true,"href":"https:\/\/vulee.pl\/en\/wp-json\/wp\/v2\/media\/1758"}],"wp:attachment":[{"href":"https:\/\/vulee.pl\/en\/wp-json\/wp\/v2\/media?parent=1770"}],"wp:term":[{"taxonomy":"product_brand","embeddable":true,"href":"https:\/\/vulee.pl\/en\/wp-json\/wp\/v2\/product_brand?post=1770"},{"taxonomy":"product_cat","embeddable":true,"href":"https:\/\/vulee.pl\/en\/wp-json\/wp\/v2\/product_cat?post=1770"},{"taxonomy":"product_tag","embeddable":true,"href":"https:\/\/vulee.pl\/en\/wp-json\/wp\/v2\/product_tag?post=1770"},{"taxonomy":"woo-feed-brand","embeddable":true,"href":"https:\/\/vulee.pl\/en\/wp-json\/wp\/v2\/woo-feed-brand?post=1770"}],"curies":[{"name":"wp","href":"https:\/\/api.w.org\/{rel}","templated":true}]}}