{"id":1747,"date":"2021-08-21T23:39:18","date_gmt":"2021-08-21T21:39:18","guid":{"rendered":"https:\/\/vulee.pl\/?post_type=product&#038;p=1747"},"modified":"2026-04-01T00:59:11","modified_gmt":"2026-03-31T22:59:11","slug":"petals-necklace-gold","status":"publish","type":"product","link":"https:\/\/vulee.pl\/en\/produkt\/petals-necklace-gold\/","title":{"rendered":"PETALS NECKLACE GOLD"},"content":{"rendered":"<p><\/p>\n<p>Necklace from NATURE collection inspired by flower petals. Main element has matte texture on the one side and it is smooth and shiny on the other one. Necklace has a clasp and has additional regulation in the front. Made of silver 925, 24-carat gold-plated. From PETALS set, you can also find earrings.<\/p>\n<p>Made in Poland.<span class=\"Apple-converted-space\">\u00a0<\/span><\/p>\n<p>Main element dimensions &#8211; 1,7 x 1,2 cm<\/p>\n<p>NATURE is a collection mostly referring to flora. Inspired by shapes found in nature, in original minimalistic interpretation. Designed for those who enjoy feeling connection with the world and value simplicity.<\/p>\n<p><\/p>","protected":false},"excerpt":{"rendered":"<p>Necklace from NATURE collection inspired by flower petals. Main element has matte texture on the one side and it is smooth and shiny on the other one. Necklace has a clasp and has additional regulation in the front. Made of silver 925, 24-carat gold-plated. From PETALS set, you can also find earrings. Made in Poland.\u00a0 [&hellip;]<\/p>\n","protected":false},"featured_media":1748,"comment_status":"open","ping_status":"closed","template":"","meta":{"_acf_changed":false,"inline_featured_image":false},"product_brand":[],"product_cat":[15,24,51,22,27,47],"product_tag":[115,104,100,136,94,87,131,130,135,129,276],"woo-feed-brand":[],"class_list":{"0":"post-1747","1":"product","2":"type-product","3":"status-publish","4":"has-post-thumbnail","6":"product_cat-bizuteria","7":"product_cat-nature","8":"product_cat-pozlacane-nature","9":"product_cat-kolekcje","10":"product_cat-naszyjniki","11":"product_cat-pozlacane-naszyjniki","12":"product_tag-bizuteria","13":"product_tag-bizuteria-pozlacana","14":"product_tag-gold-plated-jewelry","15":"product_tag-gold-plated-necklace","16":"product_tag-minimalistic-jewelry","17":"product_tag-minimalistyczna-bizuteria","18":"product_tag-minimalistyczny-naszyjnik","19":"product_tag-naszyjnik","20":"product_tag-necklace","21":"product_tag-pozlacany-naszyjnik","22":"product_tag-winter-sale","24":"first","25":"instock","26":"taxable","27":"shipping-taxable","28":"purchasable","29":"product-type-simple"},"acf":[],"yoast_head":"<!-- This site is optimized with the Yoast SEO plugin v27.3 - https:\/\/yoast.com\/product\/yoast-seo-wordpress\/ -->\n<title>PETALS NECKLACE GOLD - Vul\u00e9e<\/title>\n<meta name=\"robots\" content=\"index, follow, max-snippet:-1, max-image-preview:large, max-video-preview:-1\" \/>\n<link rel=\"canonical\" href=\"https:\/\/vulee.pl\/en\/produkt\/petals-naszyjnik-pozlacany\/\" \/>\n<meta property=\"og:locale\" content=\"en_US\" \/>\n<meta property=\"og:type\" content=\"article\" \/>\n<meta property=\"og:title\" content=\"PETALS NECKLACE GOLD - Vul\u00e9e\" \/>\n<meta property=\"og:description\" content=\"Necklace from NATURE collection inspired by flower petals. Main element has matte texture on the one side and it is smooth and shiny on the other one. Necklace has a clasp and has additional regulation in the front. Made of silver 925, 24-carat gold-plated. From PETALS set, you can also find earrings. Made in Poland.\u00a0 [&hellip;]\" \/>\n<meta property=\"og:url\" content=\"https:\/\/vulee.pl\/en\/produkt\/petals-naszyjnik-pozlacany\/\" \/>\n<meta property=\"og:site_name\" content=\"Vul\u00e9e\" \/>\n<meta property=\"article:modified_time\" content=\"2026-03-31T22:59:11+00:00\" \/>\n<meta property=\"og:image\" content=\"https:\/\/vulee.pl\/wp-content\/uploads\/2021\/08\/petals-necklace-gold.jpg\" \/>\n\t<meta property=\"og:image:width\" content=\"1866\" \/>\n\t<meta property=\"og:image:height\" content=\"1867\" \/>\n\t<meta property=\"og:image:type\" content=\"image\/jpeg\" \/>\n<meta name=\"twitter:card\" content=\"summary_large_image\" \/>\n<script type=\"application\/ld+json\" class=\"yoast-schema-graph\">{\"@context\":\"https:\\\/\\\/schema.org\",\"@graph\":[{\"@type\":\"WebPage\",\"@id\":\"https:\\\/\\\/vulee.pl\\\/en\\\/produkt\\\/petals-naszyjnik-pozlacany\\\/\",\"url\":\"https:\\\/\\\/vulee.pl\\\/en\\\/produkt\\\/petals-naszyjnik-pozlacany\\\/\",\"name\":\"PETALS NECKLACE GOLD - Vul\u00e9e\",\"isPartOf\":{\"@id\":\"https:\\\/\\\/vulee.pl\\\/en\\\/#website\"},\"primaryImageOfPage\":{\"@id\":\"https:\\\/\\\/vulee.pl\\\/en\\\/produkt\\\/petals-naszyjnik-pozlacany\\\/#primaryimage\"},\"image\":{\"@id\":\"https:\\\/\\\/vulee.pl\\\/produkt\\\/petals-naszyjnik-pozlacany\\\/#primaryimage\"},\"thumbnailUrl\":\"https:\\\/\\\/vulee.pl\\\/wp-content\\\/uploads\\\/2021\\\/08\\\/petals-necklace-gold.jpg\",\"datePublished\":\"2021-08-21T21:39:18+00:00\",\"dateModified\":\"2026-03-31T22:59:11+00:00\",\"breadcrumb\":{\"@id\":\"https:\\\/\\\/vulee.pl\\\/en\\\/produkt\\\/petals-naszyjnik-pozlacany\\\/#breadcrumb\"},\"inLanguage\":\"en-US\",\"potentialAction\":[{\"@type\":\"ReadAction\",\"target\":[[\"https:\\\/\\\/vulee.pl\\\/en\\\/produkt\\\/petals-naszyjnik-pozlacany\\\/\"]]}]},{\"@type\":\"ImageObject\",\"inLanguage\":\"en-US\",\"@id\":\"https:\\\/\\\/vulee.pl\\\/en\\\/produkt\\\/petals-naszyjnik-pozlacany\\\/#primaryimage\",\"url\":\"https:\\\/\\\/vulee.pl\\\/wp-content\\\/uploads\\\/2021\\\/08\\\/petals-necklace-gold.jpg\",\"contentUrl\":\"https:\\\/\\\/vulee.pl\\\/wp-content\\\/uploads\\\/2021\\\/08\\\/petals-necklace-gold.jpg\",\"width\":1866,\"height\":1867},{\"@type\":\"BreadcrumbList\",\"@id\":\"https:\\\/\\\/vulee.pl\\\/en\\\/produkt\\\/petals-naszyjnik-pozlacany\\\/#breadcrumb\",\"itemListElement\":[{\"@type\":\"ListItem\",\"position\":1,\"name\":\"VUL\u00c9E\",\"item\":\"https:\\\/\\\/vulee.pl\\\/en\\\/\"},{\"@type\":\"ListItem\",\"position\":2,\"name\":\"sklep\",\"item\":\"https:\\\/\\\/vulee.pl\\\/en\\\/shop\\\/\"},{\"@type\":\"ListItem\",\"position\":3,\"name\":\"PETALS NASZYJNIK POZ\u0141ACANY\"}]},{\"@type\":\"WebSite\",\"@id\":\"https:\\\/\\\/vulee.pl\\\/en\\\/#website\",\"url\":\"https:\\\/\\\/vulee.pl\\\/en\\\/\",\"name\":\"Vul\u00e9e zmys\u0142owa bi\u017cuteria dla os\u00f3b wra\u017cliwych\",\"description\":\"minimalistic, sensual jewelry made in Poland\",\"publisher\":{\"@id\":\"https:\\\/\\\/vulee.pl\\\/en\\\/#organization\"},\"alternateName\":\"Vul\u00e9e\",\"potentialAction\":[{\"@type\":\"SearchAction\",\"target\":{\"@type\":\"EntryPoint\",\"urlTemplate\":\"https:\\\/\\\/vulee.pl\\\/en\\\/?s={search_term_string}\"},\"query-input\":{\"@type\":\"PropertyValueSpecification\",\"valueRequired\":true,\"valueName\":\"search_term_string\"}}],\"inLanguage\":\"en-US\"},{\"@type\":\"Organization\",\"@id\":\"https:\\\/\\\/vulee.pl\\\/en\\\/#organization\",\"name\":\"VUL\u00c9E sp. z o.o.\",\"url\":\"https:\\\/\\\/vulee.pl\\\/en\\\/\",\"logo\":{\"@type\":\"ImageObject\",\"inLanguage\":\"en-US\",\"@id\":\"https:\\\/\\\/vulee.pl\\\/en\\\/#\\\/schema\\\/logo\\\/image\\\/\",\"url\":\"https:\\\/\\\/vulee.pl\\\/wp-content\\\/uploads\\\/2021\\\/05\\\/logo-vulee.svg\",\"contentUrl\":\"https:\\\/\\\/vulee.pl\\\/wp-content\\\/uploads\\\/2021\\\/05\\\/logo-vulee.svg\",\"width\":156,\"height\":209,\"caption\":\"VUL\u00c9E sp. z o.o.\"},\"image\":{\"@id\":\"https:\\\/\\\/vulee.pl\\\/en\\\/#\\\/schema\\\/logo\\\/image\\\/\"},\"sameAs\":[\"https:\\\/\\\/www.instagram.com\\\/vulee.jewelry\\\/\"]}]}<\/script>\n<!-- \/ Yoast SEO plugin. -->","yoast_head_json":{"title":"PETALS NECKLACE GOLD - Vul\u00e9e","robots":{"index":"index","follow":"follow","max-snippet":"max-snippet:-1","max-image-preview":"max-image-preview:large","max-video-preview":"max-video-preview:-1"},"canonical":"https:\/\/vulee.pl\/en\/produkt\/petals-naszyjnik-pozlacany\/","og_locale":"en_US","og_type":"article","og_title":"PETALS NECKLACE GOLD - Vul\u00e9e","og_description":"Necklace from NATURE collection inspired by flower petals. Main element has matte texture on the one side and it is smooth and shiny on the other one. Necklace has a clasp and has additional regulation in the front. Made of silver 925, 24-carat gold-plated. From PETALS set, you can also find earrings. Made in Poland.\u00a0 [&hellip;]","og_url":"https:\/\/vulee.pl\/en\/produkt\/petals-naszyjnik-pozlacany\/","og_site_name":"Vul\u00e9e","article_modified_time":"2026-03-31T22:59:11+00:00","og_image":[{"width":1866,"height":1867,"url":"https:\/\/vulee.pl\/wp-content\/uploads\/2021\/08\/petals-necklace-gold.jpg","type":"image\/jpeg"}],"twitter_card":"summary_large_image","schema":{"@context":"https:\/\/schema.org","@graph":[{"@type":"WebPage","@id":"https:\/\/vulee.pl\/en\/produkt\/petals-naszyjnik-pozlacany\/","url":"https:\/\/vulee.pl\/en\/produkt\/petals-naszyjnik-pozlacany\/","name":"PETALS NECKLACE GOLD - Vul\u00e9e","isPartOf":{"@id":"https:\/\/vulee.pl\/en\/#website"},"primaryImageOfPage":{"@id":"https:\/\/vulee.pl\/en\/produkt\/petals-naszyjnik-pozlacany\/#primaryimage"},"image":{"@id":"https:\/\/vulee.pl\/produkt\/petals-naszyjnik-pozlacany\/#primaryimage"},"thumbnailUrl":"https:\/\/vulee.pl\/wp-content\/uploads\/2021\/08\/petals-necklace-gold.jpg","datePublished":"2021-08-21T21:39:18+00:00","dateModified":"2026-03-31T22:59:11+00:00","breadcrumb":{"@id":"https:\/\/vulee.pl\/en\/produkt\/petals-naszyjnik-pozlacany\/#breadcrumb"},"inLanguage":"en-US","potentialAction":[{"@type":"ReadAction","target":[["https:\/\/vulee.pl\/en\/produkt\/petals-naszyjnik-pozlacany\/"]]}]},{"@type":"ImageObject","inLanguage":"en-US","@id":"https:\/\/vulee.pl\/en\/produkt\/petals-naszyjnik-pozlacany\/#primaryimage","url":"https:\/\/vulee.pl\/wp-content\/uploads\/2021\/08\/petals-necklace-gold.jpg","contentUrl":"https:\/\/vulee.pl\/wp-content\/uploads\/2021\/08\/petals-necklace-gold.jpg","width":1866,"height":1867},{"@type":"BreadcrumbList","@id":"https:\/\/vulee.pl\/en\/produkt\/petals-naszyjnik-pozlacany\/#breadcrumb","itemListElement":[{"@type":"ListItem","position":1,"name":"VUL\u00c9E","item":"https:\/\/vulee.pl\/en\/"},{"@type":"ListItem","position":2,"name":"sklep","item":"https:\/\/vulee.pl\/en\/shop\/"},{"@type":"ListItem","position":3,"name":"PETALS NASZYJNIK POZ\u0141ACANY"}]},{"@type":"WebSite","@id":"https:\/\/vulee.pl\/en\/#website","url":"https:\/\/vulee.pl\/en\/","name":"Vul\u00e9e zmys\u0142owa bi\u017cuteria dla os\u00f3b wra\u017cliwych","description":"minimalistic, sensual jewelry made in Poland","publisher":{"@id":"https:\/\/vulee.pl\/en\/#organization"},"alternateName":"Vul\u00e9e","potentialAction":[{"@type":"SearchAction","target":{"@type":"EntryPoint","urlTemplate":"https:\/\/vulee.pl\/en\/?s={search_term_string}"},"query-input":{"@type":"PropertyValueSpecification","valueRequired":true,"valueName":"search_term_string"}}],"inLanguage":"en-US"},{"@type":"Organization","@id":"https:\/\/vulee.pl\/en\/#organization","name":"VUL\u00c9E sp. z o.o.","url":"https:\/\/vulee.pl\/en\/","logo":{"@type":"ImageObject","inLanguage":"en-US","@id":"https:\/\/vulee.pl\/en\/#\/schema\/logo\/image\/","url":"https:\/\/vulee.pl\/wp-content\/uploads\/2021\/05\/logo-vulee.svg","contentUrl":"https:\/\/vulee.pl\/wp-content\/uploads\/2021\/05\/logo-vulee.svg","width":156,"height":209,"caption":"VUL\u00c9E sp. z o.o."},"image":{"@id":"https:\/\/vulee.pl\/en\/#\/schema\/logo\/image\/"},"sameAs":["https:\/\/www.instagram.com\/vulee.jewelry\/"]}]}},"_links":{"self":[{"href":"https:\/\/vulee.pl\/en\/wp-json\/wp\/v2\/product\/1747","targetHints":{"allow":["GET"]}}],"collection":[{"href":"https:\/\/vulee.pl\/en\/wp-json\/wp\/v2\/product"}],"about":[{"href":"https:\/\/vulee.pl\/en\/wp-json\/wp\/v2\/types\/product"}],"replies":[{"embeddable":true,"href":"https:\/\/vulee.pl\/en\/wp-json\/wp\/v2\/comments?post=1747"}],"version-history":[{"count":1,"href":"https:\/\/vulee.pl\/en\/wp-json\/wp\/v2\/product\/1747\/revisions"}],"predecessor-version":[{"id":7852,"href":"https:\/\/vulee.pl\/en\/wp-json\/wp\/v2\/product\/1747\/revisions\/7852"}],"wp:featuredmedia":[{"embeddable":true,"href":"https:\/\/vulee.pl\/en\/wp-json\/wp\/v2\/media\/1748"}],"wp:attachment":[{"href":"https:\/\/vulee.pl\/en\/wp-json\/wp\/v2\/media?parent=1747"}],"wp:term":[{"taxonomy":"product_brand","embeddable":true,"href":"https:\/\/vulee.pl\/en\/wp-json\/wp\/v2\/product_brand?post=1747"},{"taxonomy":"product_cat","embeddable":true,"href":"https:\/\/vulee.pl\/en\/wp-json\/wp\/v2\/product_cat?post=1747"},{"taxonomy":"product_tag","embeddable":true,"href":"https:\/\/vulee.pl\/en\/wp-json\/wp\/v2\/product_tag?post=1747"},{"taxonomy":"woo-feed-brand","embeddable":true,"href":"https:\/\/vulee.pl\/en\/wp-json\/wp\/v2\/woo-feed-brand?post=1747"}],"curies":[{"name":"wp","href":"https:\/\/api.w.org\/{rel}","templated":true}]}}