{"id":1702,"date":"2021-08-20T21:30:30","date_gmt":"2021-08-20T19:30:30","guid":{"rendered":"https:\/\/vulee.pl\/?post_type=product&#038;p=1702"},"modified":"2025-11-28T09:20:44","modified_gmt":"2025-11-28T08:20:44","slug":"hand-pendant-silver","status":"publish","type":"product","link":"https:\/\/vulee.pl\/en\/produkt\/hand-pendant-silver\/","title":{"rendered":"HAND PENDANT SILVER"},"content":{"rendered":"<p><\/p>\n<p>Pendant in the shape of hand from BODY collection. \u00a0Made of silver 925.\u00a0Every silver VUL\u00c9E product is rhodium plated which slows down natural process of patination.<\/p>\n<p>Made in Poland.<span class=\"Apple-converted-space\">\u00a0<\/span><\/p>\n<p>Pendant height &#8211; 2,5 cm<\/p>\n<p>BODY is a sensual collection for those who value beauty of human being. It is mostly about sensitivity and emotions.<span class=\"Apple-converted-space\">\u00a0<\/span>Since the beginning of my designing, female body is a source of inspiration for me and most often subject of my work. This is why this collection is very important to me.<\/p>\n<p>&nbsp;<\/p>\n<p><\/p>","protected":false},"excerpt":{"rendered":"<p>Pendant in the shape of hand from BODY collection. \u00a0Made of silver 925.\u00a0Every silver VUL\u00c9E product is rhodium plated which slows down natural process of patination. Made in Poland.\u00a0 Pendant height &#8211; 2,5 cm BODY is a sensual collection for those who value beauty of human being. It is mostly about sensitivity and emotions.\u00a0Since the [&hellip;]<\/p>\n","protected":false},"featured_media":1704,"comment_status":"open","ping_status":"closed","template":"","meta":{"_acf_changed":false,"inline_featured_image":false},"product_brand":[],"product_cat":[15,23,41,22,40,28],"product_tag":[115,91,114,94,87,111],"woo-feed-brand":[],"class_list":{"0":"post-1702","1":"product","2":"type-product","3":"status-publish","4":"has-post-thumbnail","6":"product_cat-bizuteria","7":"product_cat-body","8":"product_cat-srebrne-body","9":"product_cat-kolekcje","10":"product_cat-srebrne-zawieszki","11":"product_cat-zawieszki","12":"product_tag-bizuteria","13":"product_tag-bizuteria-srebrna","14":"product_tag-elegancka-bizuteria","15":"product_tag-minimalistic-jewelry","16":"product_tag-minimalistyczna-bizuteria","17":"product_tag-silver-jewelry","19":"first","20":"instock","21":"taxable","22":"shipping-taxable","23":"purchasable","24":"product-type-simple"},"acf":[],"yoast_head":"<!-- This site is optimized with the Yoast SEO plugin v27.3 - https:\/\/yoast.com\/product\/yoast-seo-wordpress\/ -->\n<title>HAND PENDANT SILVER - Vul\u00e9e<\/title>\n<meta name=\"robots\" content=\"index, follow, max-snippet:-1, max-image-preview:large, max-video-preview:-1\" \/>\n<link rel=\"canonical\" href=\"https:\/\/vulee.pl\/en\/produkt\/hand-pendant-silver\/\" \/>\n<meta property=\"og:locale\" content=\"en_US\" \/>\n<meta property=\"og:type\" content=\"article\" \/>\n<meta property=\"og:title\" content=\"HAND PENDANT SILVER - Vul\u00e9e\" \/>\n<meta property=\"og:description\" content=\"Pendant in the shape of hand from BODY collection. \u00a0Made of silver 925.\u00a0Every silver VUL\u00c9E product is rhodium plated which slows down natural process of patination. Made in Poland.\u00a0 Pendant height &#8211; 2,5 cm BODY is a sensual collection for those who value beauty of human being. It is mostly about sensitivity and emotions.\u00a0Since the [&hellip;]\" \/>\n<meta property=\"og:url\" content=\"https:\/\/vulee.pl\/en\/produkt\/hand-pendant-silver\/\" \/>\n<meta property=\"og:site_name\" content=\"Vul\u00e9e\" \/>\n<meta property=\"article:modified_time\" content=\"2025-11-28T08:20:44+00:00\" \/>\n<meta property=\"og:image\" content=\"https:\/\/vulee.pl\/wp-content\/uploads\/2021\/08\/HAND-PENDANT-SILVER.jpg\" \/>\n\t<meta property=\"og:image:width\" content=\"1271\" \/>\n\t<meta property=\"og:image:height\" content=\"1271\" \/>\n\t<meta property=\"og:image:type\" content=\"image\/jpeg\" \/>\n<meta name=\"twitter:card\" content=\"summary_large_image\" \/>\n<script type=\"application\/ld+json\" class=\"yoast-schema-graph\">{\"@context\":\"https:\\\/\\\/schema.org\",\"@graph\":[{\"@type\":\"WebPage\",\"@id\":\"https:\\\/\\\/vulee.pl\\\/en\\\/produkt\\\/hand-pendant-silver\\\/\",\"url\":\"https:\\\/\\\/vulee.pl\\\/en\\\/produkt\\\/hand-pendant-silver\\\/\",\"name\":\"HAND PENDANT SILVER - Vul\u00e9e\",\"isPartOf\":{\"@id\":\"https:\\\/\\\/vulee.pl\\\/en\\\/#website\"},\"primaryImageOfPage\":{\"@id\":\"https:\\\/\\\/vulee.pl\\\/en\\\/produkt\\\/hand-pendant-silver\\\/#primaryimage\"},\"image\":{\"@id\":\"https:\\\/\\\/vulee.pl\\\/produkt\\\/hand-pendant-silver\\\/#primaryimage\"},\"thumbnailUrl\":\"https:\\\/\\\/vulee.pl\\\/wp-content\\\/uploads\\\/2021\\\/08\\\/HAND-PENDANT-SILVER.jpg\",\"datePublished\":\"2021-08-20T19:30:30+00:00\",\"dateModified\":\"2025-11-28T08:20:44+00:00\",\"breadcrumb\":{\"@id\":\"https:\\\/\\\/vulee.pl\\\/en\\\/produkt\\\/hand-pendant-silver\\\/#breadcrumb\"},\"inLanguage\":\"en-US\",\"potentialAction\":[{\"@type\":\"ReadAction\",\"target\":[[\"https:\\\/\\\/vulee.pl\\\/en\\\/produkt\\\/hand-pendant-silver\\\/\"]]}]},{\"@type\":\"ImageObject\",\"inLanguage\":\"en-US\",\"@id\":\"https:\\\/\\\/vulee.pl\\\/en\\\/produkt\\\/hand-pendant-silver\\\/#primaryimage\",\"url\":\"https:\\\/\\\/vulee.pl\\\/wp-content\\\/uploads\\\/2021\\\/08\\\/HAND-PENDANT-SILVER.jpg\",\"contentUrl\":\"https:\\\/\\\/vulee.pl\\\/wp-content\\\/uploads\\\/2021\\\/08\\\/HAND-PENDANT-SILVER.jpg\",\"width\":1271,\"height\":1271},{\"@type\":\"BreadcrumbList\",\"@id\":\"https:\\\/\\\/vulee.pl\\\/en\\\/produkt\\\/hand-pendant-silver\\\/#breadcrumb\",\"itemListElement\":[{\"@type\":\"ListItem\",\"position\":1,\"name\":\"VUL\u00c9E\",\"item\":\"https:\\\/\\\/vulee.pl\\\/en\\\/\"},{\"@type\":\"ListItem\",\"position\":2,\"name\":\"sklep\",\"item\":\"https:\\\/\\\/vulee.pl\\\/en\\\/shop\\\/\"},{\"@type\":\"ListItem\",\"position\":3,\"name\":\"HAND ZAWIESZKA SREBRNA\"}]},{\"@type\":\"WebSite\",\"@id\":\"https:\\\/\\\/vulee.pl\\\/en\\\/#website\",\"url\":\"https:\\\/\\\/vulee.pl\\\/en\\\/\",\"name\":\"Vul\u00e9e zmys\u0142owa bi\u017cuteria dla os\u00f3b wra\u017cliwych\",\"description\":\"minimalistic, sensual jewelry made in Poland\",\"publisher\":{\"@id\":\"https:\\\/\\\/vulee.pl\\\/en\\\/#organization\"},\"alternateName\":\"Vul\u00e9e\",\"potentialAction\":[{\"@type\":\"SearchAction\",\"target\":{\"@type\":\"EntryPoint\",\"urlTemplate\":\"https:\\\/\\\/vulee.pl\\\/en\\\/?s={search_term_string}\"},\"query-input\":{\"@type\":\"PropertyValueSpecification\",\"valueRequired\":true,\"valueName\":\"search_term_string\"}}],\"inLanguage\":\"en-US\"},{\"@type\":\"Organization\",\"@id\":\"https:\\\/\\\/vulee.pl\\\/en\\\/#organization\",\"name\":\"VUL\u00c9E sp. z o.o.\",\"url\":\"https:\\\/\\\/vulee.pl\\\/en\\\/\",\"logo\":{\"@type\":\"ImageObject\",\"inLanguage\":\"en-US\",\"@id\":\"https:\\\/\\\/vulee.pl\\\/en\\\/#\\\/schema\\\/logo\\\/image\\\/\",\"url\":\"https:\\\/\\\/vulee.pl\\\/wp-content\\\/uploads\\\/2021\\\/05\\\/logo-vulee.svg\",\"contentUrl\":\"https:\\\/\\\/vulee.pl\\\/wp-content\\\/uploads\\\/2021\\\/05\\\/logo-vulee.svg\",\"width\":156,\"height\":209,\"caption\":\"VUL\u00c9E sp. z o.o.\"},\"image\":{\"@id\":\"https:\\\/\\\/vulee.pl\\\/en\\\/#\\\/schema\\\/logo\\\/image\\\/\"},\"sameAs\":[\"https:\\\/\\\/www.instagram.com\\\/vulee.jewelry\\\/\"]}]}<\/script>\n<!-- \/ Yoast SEO plugin. -->","yoast_head_json":{"title":"HAND PENDANT SILVER - Vul\u00e9e","robots":{"index":"index","follow":"follow","max-snippet":"max-snippet:-1","max-image-preview":"max-image-preview:large","max-video-preview":"max-video-preview:-1"},"canonical":"https:\/\/vulee.pl\/en\/produkt\/hand-pendant-silver\/","og_locale":"en_US","og_type":"article","og_title":"HAND PENDANT SILVER - Vul\u00e9e","og_description":"Pendant in the shape of hand from BODY collection. \u00a0Made of silver 925.\u00a0Every silver VUL\u00c9E product is rhodium plated which slows down natural process of patination. Made in Poland.\u00a0 Pendant height &#8211; 2,5 cm BODY is a sensual collection for those who value beauty of human being. It is mostly about sensitivity and emotions.\u00a0Since the [&hellip;]","og_url":"https:\/\/vulee.pl\/en\/produkt\/hand-pendant-silver\/","og_site_name":"Vul\u00e9e","article_modified_time":"2025-11-28T08:20:44+00:00","og_image":[{"width":1271,"height":1271,"url":"https:\/\/vulee.pl\/wp-content\/uploads\/2021\/08\/HAND-PENDANT-SILVER.jpg","type":"image\/jpeg"}],"twitter_card":"summary_large_image","schema":{"@context":"https:\/\/schema.org","@graph":[{"@type":"WebPage","@id":"https:\/\/vulee.pl\/en\/produkt\/hand-pendant-silver\/","url":"https:\/\/vulee.pl\/en\/produkt\/hand-pendant-silver\/","name":"HAND PENDANT SILVER - Vul\u00e9e","isPartOf":{"@id":"https:\/\/vulee.pl\/en\/#website"},"primaryImageOfPage":{"@id":"https:\/\/vulee.pl\/en\/produkt\/hand-pendant-silver\/#primaryimage"},"image":{"@id":"https:\/\/vulee.pl\/produkt\/hand-pendant-silver\/#primaryimage"},"thumbnailUrl":"https:\/\/vulee.pl\/wp-content\/uploads\/2021\/08\/HAND-PENDANT-SILVER.jpg","datePublished":"2021-08-20T19:30:30+00:00","dateModified":"2025-11-28T08:20:44+00:00","breadcrumb":{"@id":"https:\/\/vulee.pl\/en\/produkt\/hand-pendant-silver\/#breadcrumb"},"inLanguage":"en-US","potentialAction":[{"@type":"ReadAction","target":[["https:\/\/vulee.pl\/en\/produkt\/hand-pendant-silver\/"]]}]},{"@type":"ImageObject","inLanguage":"en-US","@id":"https:\/\/vulee.pl\/en\/produkt\/hand-pendant-silver\/#primaryimage","url":"https:\/\/vulee.pl\/wp-content\/uploads\/2021\/08\/HAND-PENDANT-SILVER.jpg","contentUrl":"https:\/\/vulee.pl\/wp-content\/uploads\/2021\/08\/HAND-PENDANT-SILVER.jpg","width":1271,"height":1271},{"@type":"BreadcrumbList","@id":"https:\/\/vulee.pl\/en\/produkt\/hand-pendant-silver\/#breadcrumb","itemListElement":[{"@type":"ListItem","position":1,"name":"VUL\u00c9E","item":"https:\/\/vulee.pl\/en\/"},{"@type":"ListItem","position":2,"name":"sklep","item":"https:\/\/vulee.pl\/en\/shop\/"},{"@type":"ListItem","position":3,"name":"HAND ZAWIESZKA SREBRNA"}]},{"@type":"WebSite","@id":"https:\/\/vulee.pl\/en\/#website","url":"https:\/\/vulee.pl\/en\/","name":"Vul\u00e9e zmys\u0142owa bi\u017cuteria dla os\u00f3b wra\u017cliwych","description":"minimalistic, sensual jewelry made in Poland","publisher":{"@id":"https:\/\/vulee.pl\/en\/#organization"},"alternateName":"Vul\u00e9e","potentialAction":[{"@type":"SearchAction","target":{"@type":"EntryPoint","urlTemplate":"https:\/\/vulee.pl\/en\/?s={search_term_string}"},"query-input":{"@type":"PropertyValueSpecification","valueRequired":true,"valueName":"search_term_string"}}],"inLanguage":"en-US"},{"@type":"Organization","@id":"https:\/\/vulee.pl\/en\/#organization","name":"VUL\u00c9E sp. z o.o.","url":"https:\/\/vulee.pl\/en\/","logo":{"@type":"ImageObject","inLanguage":"en-US","@id":"https:\/\/vulee.pl\/en\/#\/schema\/logo\/image\/","url":"https:\/\/vulee.pl\/wp-content\/uploads\/2021\/05\/logo-vulee.svg","contentUrl":"https:\/\/vulee.pl\/wp-content\/uploads\/2021\/05\/logo-vulee.svg","width":156,"height":209,"caption":"VUL\u00c9E sp. z o.o."},"image":{"@id":"https:\/\/vulee.pl\/en\/#\/schema\/logo\/image\/"},"sameAs":["https:\/\/www.instagram.com\/vulee.jewelry\/"]}]}},"_links":{"self":[{"href":"https:\/\/vulee.pl\/en\/wp-json\/wp\/v2\/product\/1702","targetHints":{"allow":["GET"]}}],"collection":[{"href":"https:\/\/vulee.pl\/en\/wp-json\/wp\/v2\/product"}],"about":[{"href":"https:\/\/vulee.pl\/en\/wp-json\/wp\/v2\/types\/product"}],"replies":[{"embeddable":true,"href":"https:\/\/vulee.pl\/en\/wp-json\/wp\/v2\/comments?post=1702"}],"version-history":[{"count":1,"href":"https:\/\/vulee.pl\/en\/wp-json\/wp\/v2\/product\/1702\/revisions"}],"predecessor-version":[{"id":8143,"href":"https:\/\/vulee.pl\/en\/wp-json\/wp\/v2\/product\/1702\/revisions\/8143"}],"wp:featuredmedia":[{"embeddable":true,"href":"https:\/\/vulee.pl\/en\/wp-json\/wp\/v2\/media\/1704"}],"wp:attachment":[{"href":"https:\/\/vulee.pl\/en\/wp-json\/wp\/v2\/media?parent=1702"}],"wp:term":[{"taxonomy":"product_brand","embeddable":true,"href":"https:\/\/vulee.pl\/en\/wp-json\/wp\/v2\/product_brand?post=1702"},{"taxonomy":"product_cat","embeddable":true,"href":"https:\/\/vulee.pl\/en\/wp-json\/wp\/v2\/product_cat?post=1702"},{"taxonomy":"product_tag","embeddable":true,"href":"https:\/\/vulee.pl\/en\/wp-json\/wp\/v2\/product_tag?post=1702"},{"taxonomy":"woo-feed-brand","embeddable":true,"href":"https:\/\/vulee.pl\/en\/wp-json\/wp\/v2\/woo-feed-brand?post=1702"}],"curies":[{"name":"wp","href":"https:\/\/api.w.org\/{rel}","templated":true}]}}