{"id":1614,"date":"2021-07-27T22:19:45","date_gmt":"2021-07-27T20:19:45","guid":{"rendered":"https:\/\/vulee.pl\/?post_type=product&#038;p=1614"},"modified":"2026-05-07T00:11:45","modified_gmt":"2026-05-06T22:11:45","slug":"simple-earrings-silver","status":"publish","type":"product","link":"https:\/\/vulee.pl\/en\/produkt\/simple-earrings-silver\/","title":{"rendered":"SIMPLE EARRINGS SILVER"},"content":{"rendered":"<p><\/p>\n<p>Minimalistic earrings from SHAPES collection in circle form. Made of silver 925.Every silver VUL\u00c9E product is rhodium plated which slows down natural process of patination. From SIMPLE set you can also find ring.<\/p>\n<p>Made in Poland.<\/p>\n<p>Circle diameter &#8211; 1,3 cm<\/p>\n<p>In the SHAPES collection you will find minimalistic jewelry based on simple forms. This is a perfect collection for everyone who believes that less is more. Thanks to its universality, jewelry from SHAPES will wonderfully match every outfit. From classic hoops till more extraordinary geometric combinations, SHAPES products will win heart of every minimalist.<\/p>\n<p><\/p>","protected":false},"excerpt":{"rendered":"<p>Minimalistic earrings from SHAPES collection in circle form. Made of silver 925.Every silver VUL\u00c9E product is rhodium plated which slows down natural process of patination. From SIMPLE set you can also find ring. Made in Poland. Circle diameter &#8211; 1,3 cm In the SHAPES collection you will find minimalistic jewelry based on simple forms. This [&hellip;]<\/p>\n","protected":false},"featured_media":1616,"comment_status":"open","ping_status":"closed","template":"","meta":{"_acf_changed":false,"inline_featured_image":false},"product_brand":[],"product_cat":[15,26,25,43,22,33],"product_tag":[115,91,105,101,114,54,89,107,94,87,85,116,93,92],"woo-feed-brand":[],"class_list":{"0":"post-1614","1":"product","2":"type-product","3":"status-publish","4":"has-post-thumbnail","6":"product_cat-bizuteria","7":"product_cat-kolczyki","8":"product_cat-shapes","9":"product_cat-srebrne-shapes","10":"product_cat-kolekcje","11":"product_cat-srebrne-kolczyki","12":"product_tag-bizuteria","13":"product_tag-bizuteria-srebrna","14":"product_tag-delikatne-kolczyki","15":"product_tag-earrings","16":"product_tag-elegancka-bizuteria","17":"product_tag-kolczyki","18":"product_tag-kolczyki-kola","19":"product_tag-minimalistic-earrings","20":"product_tag-minimalistic-jewelry","21":"product_tag-minimalistyczna-bizuteria","22":"product_tag-minimalistyczne-kolczyki","23":"product_tag-polska-bizuteria","24":"product_tag-silver-earrings","25":"product_tag-srebrne-kolczyki","27":"first","28":"outofstock","29":"taxable","30":"shipping-taxable","31":"purchasable","32":"product-type-simple"},"acf":[],"yoast_head":"<!-- This site is optimized with the Yoast SEO plugin v27.5 - https:\/\/yoast.com\/product\/yoast-seo-wordpress\/ -->\n<title>SIMPLE EARRINGS SILVER - Vul\u00e9e<\/title>\n<meta name=\"robots\" content=\"index, follow, max-snippet:-1, max-image-preview:large, max-video-preview:-1\" \/>\n<link rel=\"canonical\" href=\"https:\/\/vulee.pl\/en\/produkt\/simple-earrings-silver\/\" \/>\n<meta property=\"og:locale\" content=\"en_US\" \/>\n<meta property=\"og:type\" content=\"article\" \/>\n<meta property=\"og:title\" content=\"SIMPLE EARRINGS SILVER - Vul\u00e9e\" \/>\n<meta property=\"og:description\" content=\"Minimalistic earrings from SHAPES collection in circle form. Made of silver 925.Every silver VUL\u00c9E product is rhodium plated which slows down natural process of patination. From SIMPLE set you can also find ring. Made in Poland. Circle diameter &#8211; 1,3 cm In the SHAPES collection you will find minimalistic jewelry based on simple forms. This [&hellip;]\" \/>\n<meta property=\"og:url\" content=\"https:\/\/vulee.pl\/en\/produkt\/simple-earrings-silver\/\" \/>\n<meta property=\"og:site_name\" content=\"Vul\u00e9e\" \/>\n<meta property=\"article:modified_time\" content=\"2026-05-06T22:11:45+00:00\" \/>\n<meta property=\"og:image\" content=\"https:\/\/vulee.pl\/wp-content\/uploads\/2021\/07\/simple-earrings-silver.jpg\" \/>\n\t<meta property=\"og:image:width\" content=\"2000\" \/>\n\t<meta property=\"og:image:height\" content=\"2001\" \/>\n\t<meta property=\"og:image:type\" content=\"image\/jpeg\" \/>\n<meta name=\"twitter:card\" content=\"summary_large_image\" \/>\n<script type=\"application\/ld+json\" class=\"yoast-schema-graph\">{\"@context\":\"https:\\\/\\\/schema.org\",\"@graph\":[{\"@type\":\"WebPage\",\"@id\":\"https:\\\/\\\/vulee.pl\\\/en\\\/produkt\\\/simple-earrings-silver\\\/\",\"url\":\"https:\\\/\\\/vulee.pl\\\/en\\\/produkt\\\/simple-earrings-silver\\\/\",\"name\":\"SIMPLE EARRINGS SILVER - Vul\u00e9e\",\"isPartOf\":{\"@id\":\"https:\\\/\\\/vulee.pl\\\/en\\\/#website\"},\"primaryImageOfPage\":{\"@id\":\"https:\\\/\\\/vulee.pl\\\/en\\\/produkt\\\/simple-earrings-silver\\\/#primaryimage\"},\"image\":{\"@id\":\"https:\\\/\\\/vulee.pl\\\/produkt\\\/simple-earrings-silver\\\/#primaryimage\"},\"thumbnailUrl\":\"https:\\\/\\\/vulee.pl\\\/wp-content\\\/uploads\\\/2021\\\/07\\\/simple-earrings-silver.jpg\",\"datePublished\":\"2021-07-27T20:19:45+00:00\",\"dateModified\":\"2026-05-06T22:11:45+00:00\",\"breadcrumb\":{\"@id\":\"https:\\\/\\\/vulee.pl\\\/en\\\/produkt\\\/simple-earrings-silver\\\/#breadcrumb\"},\"inLanguage\":\"en-US\",\"potentialAction\":[{\"@type\":\"ReadAction\",\"target\":[[\"https:\\\/\\\/vulee.pl\\\/en\\\/produkt\\\/simple-earrings-silver\\\/\"]]}]},{\"@type\":\"ImageObject\",\"inLanguage\":\"en-US\",\"@id\":\"https:\\\/\\\/vulee.pl\\\/en\\\/produkt\\\/simple-earrings-silver\\\/#primaryimage\",\"url\":\"https:\\\/\\\/vulee.pl\\\/wp-content\\\/uploads\\\/2021\\\/07\\\/simple-earrings-silver.jpg\",\"contentUrl\":\"https:\\\/\\\/vulee.pl\\\/wp-content\\\/uploads\\\/2021\\\/07\\\/simple-earrings-silver.jpg\",\"width\":2000,\"height\":2001},{\"@type\":\"BreadcrumbList\",\"@id\":\"https:\\\/\\\/vulee.pl\\\/en\\\/produkt\\\/simple-earrings-silver\\\/#breadcrumb\",\"itemListElement\":[{\"@type\":\"ListItem\",\"position\":1,\"name\":\"VUL\u00c9E\",\"item\":\"https:\\\/\\\/vulee.pl\\\/en\\\/\"},{\"@type\":\"ListItem\",\"position\":2,\"name\":\"sklep\",\"item\":\"https:\\\/\\\/vulee.pl\\\/en\\\/shop\\\/\"},{\"@type\":\"ListItem\",\"position\":3,\"name\":\"SIMPLE KOLCZYKI SREBRNE\"}]},{\"@type\":\"WebSite\",\"@id\":\"https:\\\/\\\/vulee.pl\\\/en\\\/#website\",\"url\":\"https:\\\/\\\/vulee.pl\\\/en\\\/\",\"name\":\"Vul\u00e9e zmys\u0142owa bi\u017cuteria dla os\u00f3b wra\u017cliwych\",\"description\":\"minimalistic, sensual jewelry made in Poland\",\"publisher\":{\"@id\":\"https:\\\/\\\/vulee.pl\\\/en\\\/#organization\"},\"alternateName\":\"Vul\u00e9e\",\"potentialAction\":[{\"@type\":\"SearchAction\",\"target\":{\"@type\":\"EntryPoint\",\"urlTemplate\":\"https:\\\/\\\/vulee.pl\\\/en\\\/?s={search_term_string}\"},\"query-input\":{\"@type\":\"PropertyValueSpecification\",\"valueRequired\":true,\"valueName\":\"search_term_string\"}}],\"inLanguage\":\"en-US\"},{\"@type\":\"Organization\",\"@id\":\"https:\\\/\\\/vulee.pl\\\/en\\\/#organization\",\"name\":\"VUL\u00c9E sp. z o.o.\",\"url\":\"https:\\\/\\\/vulee.pl\\\/en\\\/\",\"logo\":{\"@type\":\"ImageObject\",\"inLanguage\":\"en-US\",\"@id\":\"https:\\\/\\\/vulee.pl\\\/en\\\/#\\\/schema\\\/logo\\\/image\\\/\",\"url\":\"https:\\\/\\\/vulee.pl\\\/wp-content\\\/uploads\\\/2021\\\/05\\\/logo-vulee.svg\",\"contentUrl\":\"https:\\\/\\\/vulee.pl\\\/wp-content\\\/uploads\\\/2021\\\/05\\\/logo-vulee.svg\",\"width\":156,\"height\":209,\"caption\":\"VUL\u00c9E sp. z o.o.\"},\"image\":{\"@id\":\"https:\\\/\\\/vulee.pl\\\/en\\\/#\\\/schema\\\/logo\\\/image\\\/\"},\"sameAs\":[\"https:\\\/\\\/www.instagram.com\\\/vulee.jewelry\\\/\"]}]}<\/script>\n<!-- \/ Yoast SEO plugin. -->","yoast_head_json":{"title":"SIMPLE EARRINGS SILVER - Vul\u00e9e","robots":{"index":"index","follow":"follow","max-snippet":"max-snippet:-1","max-image-preview":"max-image-preview:large","max-video-preview":"max-video-preview:-1"},"canonical":"https:\/\/vulee.pl\/en\/produkt\/simple-earrings-silver\/","og_locale":"en_US","og_type":"article","og_title":"SIMPLE EARRINGS SILVER - Vul\u00e9e","og_description":"Minimalistic earrings from SHAPES collection in circle form. Made of silver 925.Every silver VUL\u00c9E product is rhodium plated which slows down natural process of patination. From SIMPLE set you can also find ring. Made in Poland. Circle diameter &#8211; 1,3 cm In the SHAPES collection you will find minimalistic jewelry based on simple forms. This [&hellip;]","og_url":"https:\/\/vulee.pl\/en\/produkt\/simple-earrings-silver\/","og_site_name":"Vul\u00e9e","article_modified_time":"2026-05-06T22:11:45+00:00","og_image":[{"width":2000,"height":2001,"url":"https:\/\/vulee.pl\/wp-content\/uploads\/2021\/07\/simple-earrings-silver.jpg","type":"image\/jpeg"}],"twitter_card":"summary_large_image","schema":{"@context":"https:\/\/schema.org","@graph":[{"@type":"WebPage","@id":"https:\/\/vulee.pl\/en\/produkt\/simple-earrings-silver\/","url":"https:\/\/vulee.pl\/en\/produkt\/simple-earrings-silver\/","name":"SIMPLE EARRINGS SILVER - Vul\u00e9e","isPartOf":{"@id":"https:\/\/vulee.pl\/en\/#website"},"primaryImageOfPage":{"@id":"https:\/\/vulee.pl\/en\/produkt\/simple-earrings-silver\/#primaryimage"},"image":{"@id":"https:\/\/vulee.pl\/produkt\/simple-earrings-silver\/#primaryimage"},"thumbnailUrl":"https:\/\/vulee.pl\/wp-content\/uploads\/2021\/07\/simple-earrings-silver.jpg","datePublished":"2021-07-27T20:19:45+00:00","dateModified":"2026-05-06T22:11:45+00:00","breadcrumb":{"@id":"https:\/\/vulee.pl\/en\/produkt\/simple-earrings-silver\/#breadcrumb"},"inLanguage":"en-US","potentialAction":[{"@type":"ReadAction","target":[["https:\/\/vulee.pl\/en\/produkt\/simple-earrings-silver\/"]]}]},{"@type":"ImageObject","inLanguage":"en-US","@id":"https:\/\/vulee.pl\/en\/produkt\/simple-earrings-silver\/#primaryimage","url":"https:\/\/vulee.pl\/wp-content\/uploads\/2021\/07\/simple-earrings-silver.jpg","contentUrl":"https:\/\/vulee.pl\/wp-content\/uploads\/2021\/07\/simple-earrings-silver.jpg","width":2000,"height":2001},{"@type":"BreadcrumbList","@id":"https:\/\/vulee.pl\/en\/produkt\/simple-earrings-silver\/#breadcrumb","itemListElement":[{"@type":"ListItem","position":1,"name":"VUL\u00c9E","item":"https:\/\/vulee.pl\/en\/"},{"@type":"ListItem","position":2,"name":"sklep","item":"https:\/\/vulee.pl\/en\/shop\/"},{"@type":"ListItem","position":3,"name":"SIMPLE KOLCZYKI SREBRNE"}]},{"@type":"WebSite","@id":"https:\/\/vulee.pl\/en\/#website","url":"https:\/\/vulee.pl\/en\/","name":"Vul\u00e9e zmys\u0142owa bi\u017cuteria dla os\u00f3b wra\u017cliwych","description":"minimalistic, sensual jewelry made in Poland","publisher":{"@id":"https:\/\/vulee.pl\/en\/#organization"},"alternateName":"Vul\u00e9e","potentialAction":[{"@type":"SearchAction","target":{"@type":"EntryPoint","urlTemplate":"https:\/\/vulee.pl\/en\/?s={search_term_string}"},"query-input":{"@type":"PropertyValueSpecification","valueRequired":true,"valueName":"search_term_string"}}],"inLanguage":"en-US"},{"@type":"Organization","@id":"https:\/\/vulee.pl\/en\/#organization","name":"VUL\u00c9E sp. z o.o.","url":"https:\/\/vulee.pl\/en\/","logo":{"@type":"ImageObject","inLanguage":"en-US","@id":"https:\/\/vulee.pl\/en\/#\/schema\/logo\/image\/","url":"https:\/\/vulee.pl\/wp-content\/uploads\/2021\/05\/logo-vulee.svg","contentUrl":"https:\/\/vulee.pl\/wp-content\/uploads\/2021\/05\/logo-vulee.svg","width":156,"height":209,"caption":"VUL\u00c9E sp. z o.o."},"image":{"@id":"https:\/\/vulee.pl\/en\/#\/schema\/logo\/image\/"},"sameAs":["https:\/\/www.instagram.com\/vulee.jewelry\/"]}]}},"_links":{"self":[{"href":"https:\/\/vulee.pl\/en\/wp-json\/wp\/v2\/product\/1614","targetHints":{"allow":["GET"]}}],"collection":[{"href":"https:\/\/vulee.pl\/en\/wp-json\/wp\/v2\/product"}],"about":[{"href":"https:\/\/vulee.pl\/en\/wp-json\/wp\/v2\/types\/product"}],"replies":[{"embeddable":true,"href":"https:\/\/vulee.pl\/en\/wp-json\/wp\/v2\/comments?post=1614"}],"version-history":[{"count":1,"href":"https:\/\/vulee.pl\/en\/wp-json\/wp\/v2\/product\/1614\/revisions"}],"predecessor-version":[{"id":9358,"href":"https:\/\/vulee.pl\/en\/wp-json\/wp\/v2\/product\/1614\/revisions\/9358"}],"wp:featuredmedia":[{"embeddable":true,"href":"https:\/\/vulee.pl\/en\/wp-json\/wp\/v2\/media\/1616"}],"wp:attachment":[{"href":"https:\/\/vulee.pl\/en\/wp-json\/wp\/v2\/media?parent=1614"}],"wp:term":[{"taxonomy":"product_brand","embeddable":true,"href":"https:\/\/vulee.pl\/en\/wp-json\/wp\/v2\/product_brand?post=1614"},{"taxonomy":"product_cat","embeddable":true,"href":"https:\/\/vulee.pl\/en\/wp-json\/wp\/v2\/product_cat?post=1614"},{"taxonomy":"product_tag","embeddable":true,"href":"https:\/\/vulee.pl\/en\/wp-json\/wp\/v2\/product_tag?post=1614"},{"taxonomy":"woo-feed-brand","embeddable":true,"href":"https:\/\/vulee.pl\/en\/wp-json\/wp\/v2\/woo-feed-brand?post=1614"}],"curies":[{"name":"wp","href":"https:\/\/api.w.org\/{rel}","templated":true}]}}