{"id":1606,"date":"2021-07-27T22:04:30","date_gmt":"2021-07-27T20:04:30","guid":{"rendered":"https:\/\/vulee.pl\/?post_type=product&#038;p=1606"},"modified":"2025-11-28T09:21:53","modified_gmt":"2025-11-28T08:21:53","slug":"rose-earrings-silver","status":"publish","type":"product","link":"https:\/\/vulee.pl\/en\/produkt\/rose-earrings-silver\/","title":{"rendered":"ROSE EARRINGS SILVER"},"content":{"rendered":"<p><\/p>\n<p>Earrings from NATURE collection showing rose head. Minimalistic design was drawn by single, continuous line. Made of silver 925.\u00a0Every silver VUL\u00c9E product is rhodium plated which slows down natural process of patination.<\/p>\n<p>Made in Poland.<span class=\"Apple-converted-space\">\u00a0<\/span><\/p>\n<p>Earring dimensions &#8211; 1,5 x 1,3 cm<\/p>\n<p>NATURE is a collection mostly referring to flora. Inspired by shapes found in nature, in original minimalistic interpretation. Designed for those who enjoy feeling connection with the world and value simplicity.<\/p>\n<p><\/p>","protected":false},"excerpt":{"rendered":"<p>Earrings from NATURE collection showing rose head. Minimalistic design was drawn by single, continuous line. Made of silver 925.\u00a0Every silver VUL\u00c9E product is rhodium plated which slows down natural process of patination. Made in Poland.\u00a0 Earring dimensions &#8211; 1,5 x 1,3 cm NATURE is a collection mostly referring to flora. Inspired by shapes found in [&hellip;]<\/p>\n","protected":false},"featured_media":1608,"comment_status":"open","ping_status":"closed","template":"","meta":{"_acf_changed":false,"inline_featured_image":false},"product_brand":[],"product_cat":[293,15,26,24,42,22,33],"product_tag":[115,91,101,54,227,107,94,87,119,93,92],"woo-feed-brand":[],"class_list":{"0":"post-1606","1":"product","2":"type-product","3":"status-publish","4":"has-post-thumbnail","6":"product_cat-archive-sale","7":"product_cat-bizuteria","8":"product_cat-kolczyki","9":"product_cat-nature","10":"product_cat-srebrne-nature","11":"product_cat-kolekcje","12":"product_cat-srebrne-kolczyki","13":"product_tag-bizuteria","14":"product_tag-bizuteria-srebrna","15":"product_tag-earrings","16":"product_tag-kolczyki","17":"product_tag-kolczyki-roze","18":"product_tag-minimalistic-earrings","19":"product_tag-minimalistic-jewelry","20":"product_tag-minimalistyczna-bizuteria","21":"product_tag-rose-earrings","22":"product_tag-silver-earrings","23":"product_tag-srebrne-kolczyki","25":"first","26":"instock","27":"sale","28":"taxable","29":"shipping-taxable","30":"purchasable","31":"product-type-simple"},"acf":[],"yoast_head":"<!-- This site is optimized with the Yoast SEO plugin v27.3 - https:\/\/yoast.com\/product\/yoast-seo-wordpress\/ -->\n<title>ROSE EARRINGS SILVER - Vul\u00e9e<\/title>\n<meta name=\"robots\" content=\"index, follow, max-snippet:-1, max-image-preview:large, max-video-preview:-1\" \/>\n<link rel=\"canonical\" href=\"https:\/\/vulee.pl\/en\/produkt\/rose-kolczyki-srebrne\/\" \/>\n<meta property=\"og:locale\" content=\"en_US\" \/>\n<meta property=\"og:type\" content=\"article\" \/>\n<meta property=\"og:title\" content=\"ROSE EARRINGS SILVER - Vul\u00e9e\" \/>\n<meta property=\"og:description\" content=\"Earrings from NATURE collection showing rose head. Minimalistic design was drawn by single, continuous line. Made of silver 925.\u00a0Every silver VUL\u00c9E product is rhodium plated which slows down natural process of patination. Made in Poland.\u00a0 Earring dimensions &#8211; 1,5 x 1,3 cm NATURE is a collection mostly referring to flora. Inspired by shapes found in [&hellip;]\" \/>\n<meta property=\"og:url\" content=\"https:\/\/vulee.pl\/en\/produkt\/rose-kolczyki-srebrne\/\" \/>\n<meta property=\"og:site_name\" content=\"Vul\u00e9e\" \/>\n<meta property=\"article:modified_time\" content=\"2025-11-28T08:21:53+00:00\" \/>\n<meta property=\"og:image\" content=\"https:\/\/vulee.pl\/wp-content\/uploads\/2021\/07\/rose-earrings-silver.jpg\" \/>\n\t<meta property=\"og:image:width\" content=\"2000\" \/>\n\t<meta property=\"og:image:height\" content=\"2000\" \/>\n\t<meta property=\"og:image:type\" content=\"image\/jpeg\" \/>\n<meta name=\"twitter:card\" content=\"summary_large_image\" \/>\n<script type=\"application\/ld+json\" class=\"yoast-schema-graph\">{\"@context\":\"https:\\\/\\\/schema.org\",\"@graph\":[{\"@type\":\"WebPage\",\"@id\":\"https:\\\/\\\/vulee.pl\\\/en\\\/produkt\\\/rose-kolczyki-srebrne\\\/\",\"url\":\"https:\\\/\\\/vulee.pl\\\/en\\\/produkt\\\/rose-kolczyki-srebrne\\\/\",\"name\":\"ROSE EARRINGS SILVER - Vul\u00e9e\",\"isPartOf\":{\"@id\":\"https:\\\/\\\/vulee.pl\\\/en\\\/#website\"},\"primaryImageOfPage\":{\"@id\":\"https:\\\/\\\/vulee.pl\\\/en\\\/produkt\\\/rose-kolczyki-srebrne\\\/#primaryimage\"},\"image\":{\"@id\":\"https:\\\/\\\/vulee.pl\\\/produkt\\\/rose-kolczyki-srebrne\\\/#primaryimage\"},\"thumbnailUrl\":\"https:\\\/\\\/vulee.pl\\\/wp-content\\\/uploads\\\/2021\\\/07\\\/rose-earrings-silver.jpg\",\"datePublished\":\"2021-07-27T20:04:30+00:00\",\"dateModified\":\"2025-11-28T08:21:53+00:00\",\"breadcrumb\":{\"@id\":\"https:\\\/\\\/vulee.pl\\\/en\\\/produkt\\\/rose-kolczyki-srebrne\\\/#breadcrumb\"},\"inLanguage\":\"en-US\",\"potentialAction\":[{\"@type\":\"ReadAction\",\"target\":[[\"https:\\\/\\\/vulee.pl\\\/en\\\/produkt\\\/rose-kolczyki-srebrne\\\/\"]]}]},{\"@type\":\"ImageObject\",\"inLanguage\":\"en-US\",\"@id\":\"https:\\\/\\\/vulee.pl\\\/en\\\/produkt\\\/rose-kolczyki-srebrne\\\/#primaryimage\",\"url\":\"https:\\\/\\\/vulee.pl\\\/wp-content\\\/uploads\\\/2021\\\/07\\\/rose-earrings-silver.jpg\",\"contentUrl\":\"https:\\\/\\\/vulee.pl\\\/wp-content\\\/uploads\\\/2021\\\/07\\\/rose-earrings-silver.jpg\",\"width\":2000,\"height\":2000},{\"@type\":\"BreadcrumbList\",\"@id\":\"https:\\\/\\\/vulee.pl\\\/en\\\/produkt\\\/rose-kolczyki-srebrne\\\/#breadcrumb\",\"itemListElement\":[{\"@type\":\"ListItem\",\"position\":1,\"name\":\"VUL\u00c9E\",\"item\":\"https:\\\/\\\/vulee.pl\\\/en\\\/\"},{\"@type\":\"ListItem\",\"position\":2,\"name\":\"sklep\",\"item\":\"https:\\\/\\\/vulee.pl\\\/en\\\/shop\\\/\"},{\"@type\":\"ListItem\",\"position\":3,\"name\":\"ROSE KOLCZYKI SREBRNE\"}]},{\"@type\":\"WebSite\",\"@id\":\"https:\\\/\\\/vulee.pl\\\/en\\\/#website\",\"url\":\"https:\\\/\\\/vulee.pl\\\/en\\\/\",\"name\":\"Vul\u00e9e zmys\u0142owa bi\u017cuteria dla os\u00f3b wra\u017cliwych\",\"description\":\"minimalistic, sensual jewelry made in Poland\",\"publisher\":{\"@id\":\"https:\\\/\\\/vulee.pl\\\/en\\\/#organization\"},\"alternateName\":\"Vul\u00e9e\",\"potentialAction\":[{\"@type\":\"SearchAction\",\"target\":{\"@type\":\"EntryPoint\",\"urlTemplate\":\"https:\\\/\\\/vulee.pl\\\/en\\\/?s={search_term_string}\"},\"query-input\":{\"@type\":\"PropertyValueSpecification\",\"valueRequired\":true,\"valueName\":\"search_term_string\"}}],\"inLanguage\":\"en-US\"},{\"@type\":\"Organization\",\"@id\":\"https:\\\/\\\/vulee.pl\\\/en\\\/#organization\",\"name\":\"VUL\u00c9E sp. z o.o.\",\"url\":\"https:\\\/\\\/vulee.pl\\\/en\\\/\",\"logo\":{\"@type\":\"ImageObject\",\"inLanguage\":\"en-US\",\"@id\":\"https:\\\/\\\/vulee.pl\\\/en\\\/#\\\/schema\\\/logo\\\/image\\\/\",\"url\":\"https:\\\/\\\/vulee.pl\\\/wp-content\\\/uploads\\\/2021\\\/05\\\/logo-vulee.svg\",\"contentUrl\":\"https:\\\/\\\/vulee.pl\\\/wp-content\\\/uploads\\\/2021\\\/05\\\/logo-vulee.svg\",\"width\":156,\"height\":209,\"caption\":\"VUL\u00c9E sp. z o.o.\"},\"image\":{\"@id\":\"https:\\\/\\\/vulee.pl\\\/en\\\/#\\\/schema\\\/logo\\\/image\\\/\"},\"sameAs\":[\"https:\\\/\\\/www.instagram.com\\\/vulee.jewelry\\\/\"]}]}<\/script>\n<!-- \/ Yoast SEO plugin. -->","yoast_head_json":{"title":"ROSE EARRINGS SILVER - Vul\u00e9e","robots":{"index":"index","follow":"follow","max-snippet":"max-snippet:-1","max-image-preview":"max-image-preview:large","max-video-preview":"max-video-preview:-1"},"canonical":"https:\/\/vulee.pl\/en\/produkt\/rose-kolczyki-srebrne\/","og_locale":"en_US","og_type":"article","og_title":"ROSE EARRINGS SILVER - Vul\u00e9e","og_description":"Earrings from NATURE collection showing rose head. Minimalistic design was drawn by single, continuous line. Made of silver 925.\u00a0Every silver VUL\u00c9E product is rhodium plated which slows down natural process of patination. Made in Poland.\u00a0 Earring dimensions &#8211; 1,5 x 1,3 cm NATURE is a collection mostly referring to flora. Inspired by shapes found in [&hellip;]","og_url":"https:\/\/vulee.pl\/en\/produkt\/rose-kolczyki-srebrne\/","og_site_name":"Vul\u00e9e","article_modified_time":"2025-11-28T08:21:53+00:00","og_image":[{"width":2000,"height":2000,"url":"https:\/\/vulee.pl\/wp-content\/uploads\/2021\/07\/rose-earrings-silver.jpg","type":"image\/jpeg"}],"twitter_card":"summary_large_image","schema":{"@context":"https:\/\/schema.org","@graph":[{"@type":"WebPage","@id":"https:\/\/vulee.pl\/en\/produkt\/rose-kolczyki-srebrne\/","url":"https:\/\/vulee.pl\/en\/produkt\/rose-kolczyki-srebrne\/","name":"ROSE EARRINGS SILVER - Vul\u00e9e","isPartOf":{"@id":"https:\/\/vulee.pl\/en\/#website"},"primaryImageOfPage":{"@id":"https:\/\/vulee.pl\/en\/produkt\/rose-kolczyki-srebrne\/#primaryimage"},"image":{"@id":"https:\/\/vulee.pl\/produkt\/rose-kolczyki-srebrne\/#primaryimage"},"thumbnailUrl":"https:\/\/vulee.pl\/wp-content\/uploads\/2021\/07\/rose-earrings-silver.jpg","datePublished":"2021-07-27T20:04:30+00:00","dateModified":"2025-11-28T08:21:53+00:00","breadcrumb":{"@id":"https:\/\/vulee.pl\/en\/produkt\/rose-kolczyki-srebrne\/#breadcrumb"},"inLanguage":"en-US","potentialAction":[{"@type":"ReadAction","target":[["https:\/\/vulee.pl\/en\/produkt\/rose-kolczyki-srebrne\/"]]}]},{"@type":"ImageObject","inLanguage":"en-US","@id":"https:\/\/vulee.pl\/en\/produkt\/rose-kolczyki-srebrne\/#primaryimage","url":"https:\/\/vulee.pl\/wp-content\/uploads\/2021\/07\/rose-earrings-silver.jpg","contentUrl":"https:\/\/vulee.pl\/wp-content\/uploads\/2021\/07\/rose-earrings-silver.jpg","width":2000,"height":2000},{"@type":"BreadcrumbList","@id":"https:\/\/vulee.pl\/en\/produkt\/rose-kolczyki-srebrne\/#breadcrumb","itemListElement":[{"@type":"ListItem","position":1,"name":"VUL\u00c9E","item":"https:\/\/vulee.pl\/en\/"},{"@type":"ListItem","position":2,"name":"sklep","item":"https:\/\/vulee.pl\/en\/shop\/"},{"@type":"ListItem","position":3,"name":"ROSE KOLCZYKI SREBRNE"}]},{"@type":"WebSite","@id":"https:\/\/vulee.pl\/en\/#website","url":"https:\/\/vulee.pl\/en\/","name":"Vul\u00e9e zmys\u0142owa bi\u017cuteria dla os\u00f3b wra\u017cliwych","description":"minimalistic, sensual jewelry made in Poland","publisher":{"@id":"https:\/\/vulee.pl\/en\/#organization"},"alternateName":"Vul\u00e9e","potentialAction":[{"@type":"SearchAction","target":{"@type":"EntryPoint","urlTemplate":"https:\/\/vulee.pl\/en\/?s={search_term_string}"},"query-input":{"@type":"PropertyValueSpecification","valueRequired":true,"valueName":"search_term_string"}}],"inLanguage":"en-US"},{"@type":"Organization","@id":"https:\/\/vulee.pl\/en\/#organization","name":"VUL\u00c9E sp. z o.o.","url":"https:\/\/vulee.pl\/en\/","logo":{"@type":"ImageObject","inLanguage":"en-US","@id":"https:\/\/vulee.pl\/en\/#\/schema\/logo\/image\/","url":"https:\/\/vulee.pl\/wp-content\/uploads\/2021\/05\/logo-vulee.svg","contentUrl":"https:\/\/vulee.pl\/wp-content\/uploads\/2021\/05\/logo-vulee.svg","width":156,"height":209,"caption":"VUL\u00c9E sp. z o.o."},"image":{"@id":"https:\/\/vulee.pl\/en\/#\/schema\/logo\/image\/"},"sameAs":["https:\/\/www.instagram.com\/vulee.jewelry\/"]}]}},"_links":{"self":[{"href":"https:\/\/vulee.pl\/en\/wp-json\/wp\/v2\/product\/1606","targetHints":{"allow":["GET"]}}],"collection":[{"href":"https:\/\/vulee.pl\/en\/wp-json\/wp\/v2\/product"}],"about":[{"href":"https:\/\/vulee.pl\/en\/wp-json\/wp\/v2\/types\/product"}],"replies":[{"embeddable":true,"href":"https:\/\/vulee.pl\/en\/wp-json\/wp\/v2\/comments?post=1606"}],"version-history":[{"count":1,"href":"https:\/\/vulee.pl\/en\/wp-json\/wp\/v2\/product\/1606\/revisions"}],"predecessor-version":[{"id":8145,"href":"https:\/\/vulee.pl\/en\/wp-json\/wp\/v2\/product\/1606\/revisions\/8145"}],"wp:featuredmedia":[{"embeddable":true,"href":"https:\/\/vulee.pl\/en\/wp-json\/wp\/v2\/media\/1608"}],"wp:attachment":[{"href":"https:\/\/vulee.pl\/en\/wp-json\/wp\/v2\/media?parent=1606"}],"wp:term":[{"taxonomy":"product_brand","embeddable":true,"href":"https:\/\/vulee.pl\/en\/wp-json\/wp\/v2\/product_brand?post=1606"},{"taxonomy":"product_cat","embeddable":true,"href":"https:\/\/vulee.pl\/en\/wp-json\/wp\/v2\/product_cat?post=1606"},{"taxonomy":"product_tag","embeddable":true,"href":"https:\/\/vulee.pl\/en\/wp-json\/wp\/v2\/product_tag?post=1606"},{"taxonomy":"woo-feed-brand","embeddable":true,"href":"https:\/\/vulee.pl\/en\/wp-json\/wp\/v2\/woo-feed-brand?post=1606"}],"curies":[{"name":"wp","href":"https:\/\/api.w.org\/{rel}","templated":true}]}}