{"id":1565,"date":"2021-07-24T23:15:43","date_gmt":"2021-07-24T21:15:43","guid":{"rendered":"https:\/\/vulee.pl\/?post_type=product&#038;p=1565"},"modified":"2025-03-04T00:18:11","modified_gmt":"2025-03-03T23:18:11","slug":"tulip-big-earrings-silver","status":"publish","type":"product","link":"https:\/\/vulee.pl\/en\/produkt\/tulip-big-earrings-silver\/","title":{"rendered":"TULIP BIG EARRINGS SILVER"},"content":{"rendered":"<p><\/p>\n<p>Earrings from NATURE collection inspired by the shape of the tulip. You can wear it in two ways &#8211; upright or facing to the side. Made of silver 925. Every silver VUL\u00c9E product is rhodium plated which slows down natural process of patination. Available also in SMALL size. From TULIP set you can also find a pendant and necklace.<\/p>\n<p>Made in Poland.<\/p>\n<p>Earring dimensions &#8211; 2,2 x 2,2 cm<\/p>\n<p>NATURE is a collection mostly referring to flora.\u00a0Inspired by shapes found in nature, in original minimalistic interpretation. Designed for those who enjoy feeling connection with the world and value simplicity.<\/p>\n<p><\/p>","protected":false},"excerpt":{"rendered":"<p>Earrings from NATURE collection inspired by the shape of the tulip. You can wear it in two ways &#8211; upright or facing to the side. Made of silver 925. Every silver VUL\u00c9E product is rhodium plated which slows down natural process of patination. Available also in SMALL size. From TULIP set you can also find [&hellip;]<\/p>\n","protected":false},"featured_media":1567,"comment_status":"open","ping_status":"closed","template":"","meta":{"_acf_changed":false,"inline_featured_image":false},"product_brand":[],"product_cat":[15,26,24,42,22,33],"product_tag":[115,91,113,117,101,114,86,54,231,230,94,87,85,55,93,111,92,276],"woo-feed-brand":[],"class_list":{"0":"post-1565","1":"product","2":"type-product","3":"status-publish","4":"has-post-thumbnail","6":"product_cat-bizuteria","7":"product_cat-kolczyki","8":"product_cat-nature","9":"product_cat-srebrne-nature","10":"product_cat-kolekcje","11":"product_cat-srebrne-kolczyki","12":"product_tag-bizuteria","13":"product_tag-bizuteria-srebrna","14":"product_tag-duze-kolczyki","15":"product_tag-earring","16":"product_tag-earrings","17":"product_tag-elegancka-bizuteria","18":"product_tag-eleganckie-kolczyki","19":"product_tag-kolczyki","20":"product_tag-kolczyki-kwiaty","21":"product_tag-kolczyki-tulipany","22":"product_tag-minimalistic-jewelry","23":"product_tag-minimalistyczna-bizuteria","24":"product_tag-minimalistyczne-kolczyki","25":"product_tag-silver","26":"product_tag-silver-earrings","27":"product_tag-silver-jewelry","28":"product_tag-srebrne-kolczyki","29":"product_tag-winter-sale","31":"first","32":"instock","33":"taxable","34":"shipping-taxable","35":"purchasable","36":"product-type-simple"},"acf":[],"yoast_head":"<!-- This site is optimized with the Yoast SEO plugin v27.5 - https:\/\/yoast.com\/product\/yoast-seo-wordpress\/ -->\n<title>TULIP BIG EARRINGS SILVER - Vul\u00e9e<\/title>\n<meta name=\"robots\" content=\"index, follow, max-snippet:-1, max-image-preview:large, max-video-preview:-1\" \/>\n<link rel=\"canonical\" href=\"https:\/\/vulee.pl\/en\/produkt\/tulip-big-earrings-silver\/\" \/>\n<meta property=\"og:locale\" content=\"en_US\" \/>\n<meta property=\"og:type\" content=\"article\" \/>\n<meta property=\"og:title\" content=\"TULIP BIG EARRINGS SILVER - Vul\u00e9e\" \/>\n<meta property=\"og:description\" content=\"Earrings from NATURE collection inspired by the shape of the tulip. You can wear it in two ways &#8211; upright or facing to the side. Made of silver 925. Every silver VUL\u00c9E product is rhodium plated which slows down natural process of patination. Available also in SMALL size. From TULIP set you can also find [&hellip;]\" \/>\n<meta property=\"og:url\" content=\"https:\/\/vulee.pl\/en\/produkt\/tulip-big-earrings-silver\/\" \/>\n<meta property=\"og:site_name\" content=\"Vul\u00e9e\" \/>\n<meta property=\"article:modified_time\" content=\"2025-03-03T23:18:11+00:00\" \/>\n<meta property=\"og:image\" content=\"https:\/\/vulee.pl\/wp-content\/uploads\/2021\/07\/tulip-big-earrings-silver.jpg\" \/>\n\t<meta property=\"og:image:width\" content=\"2000\" \/>\n\t<meta property=\"og:image:height\" content=\"2001\" \/>\n\t<meta property=\"og:image:type\" content=\"image\/jpeg\" \/>\n<meta name=\"twitter:card\" content=\"summary_large_image\" \/>\n<script type=\"application\/ld+json\" class=\"yoast-schema-graph\">{\"@context\":\"https:\\\/\\\/schema.org\",\"@graph\":[{\"@type\":\"WebPage\",\"@id\":\"https:\\\/\\\/vulee.pl\\\/en\\\/produkt\\\/tulip-big-earrings-silver\\\/\",\"url\":\"https:\\\/\\\/vulee.pl\\\/en\\\/produkt\\\/tulip-big-earrings-silver\\\/\",\"name\":\"TULIP BIG EARRINGS SILVER - Vul\u00e9e\",\"isPartOf\":{\"@id\":\"https:\\\/\\\/vulee.pl\\\/en\\\/#website\"},\"primaryImageOfPage\":{\"@id\":\"https:\\\/\\\/vulee.pl\\\/en\\\/produkt\\\/tulip-big-earrings-silver\\\/#primaryimage\"},\"image\":{\"@id\":\"https:\\\/\\\/vulee.pl\\\/produkt\\\/tulip-big-earrings-silver\\\/#primaryimage\"},\"thumbnailUrl\":\"https:\\\/\\\/vulee.pl\\\/wp-content\\\/uploads\\\/2021\\\/07\\\/tulip-big-earrings-silver.jpg\",\"datePublished\":\"2021-07-24T21:15:43+00:00\",\"dateModified\":\"2025-03-03T23:18:11+00:00\",\"breadcrumb\":{\"@id\":\"https:\\\/\\\/vulee.pl\\\/en\\\/produkt\\\/tulip-big-earrings-silver\\\/#breadcrumb\"},\"inLanguage\":\"en-US\",\"potentialAction\":[{\"@type\":\"ReadAction\",\"target\":[[\"https:\\\/\\\/vulee.pl\\\/en\\\/produkt\\\/tulip-big-earrings-silver\\\/\"]]}]},{\"@type\":\"ImageObject\",\"inLanguage\":\"en-US\",\"@id\":\"https:\\\/\\\/vulee.pl\\\/en\\\/produkt\\\/tulip-big-earrings-silver\\\/#primaryimage\",\"url\":\"https:\\\/\\\/vulee.pl\\\/wp-content\\\/uploads\\\/2021\\\/07\\\/tulip-big-earrings-silver.jpg\",\"contentUrl\":\"https:\\\/\\\/vulee.pl\\\/wp-content\\\/uploads\\\/2021\\\/07\\\/tulip-big-earrings-silver.jpg\",\"width\":2000,\"height\":2001},{\"@type\":\"BreadcrumbList\",\"@id\":\"https:\\\/\\\/vulee.pl\\\/en\\\/produkt\\\/tulip-big-earrings-silver\\\/#breadcrumb\",\"itemListElement\":[{\"@type\":\"ListItem\",\"position\":1,\"name\":\"VUL\u00c9E\",\"item\":\"https:\\\/\\\/vulee.pl\\\/en\\\/\"},{\"@type\":\"ListItem\",\"position\":2,\"name\":\"sklep\",\"item\":\"https:\\\/\\\/vulee.pl\\\/en\\\/shop\\\/\"},{\"@type\":\"ListItem\",\"position\":3,\"name\":\"TULIP BIG KOLCZYKI SREBRNE\"}]},{\"@type\":\"WebSite\",\"@id\":\"https:\\\/\\\/vulee.pl\\\/en\\\/#website\",\"url\":\"https:\\\/\\\/vulee.pl\\\/en\\\/\",\"name\":\"Vul\u00e9e zmys\u0142owa bi\u017cuteria dla os\u00f3b wra\u017cliwych\",\"description\":\"minimalistic, sensual jewelry made in Poland\",\"publisher\":{\"@id\":\"https:\\\/\\\/vulee.pl\\\/en\\\/#organization\"},\"alternateName\":\"Vul\u00e9e\",\"potentialAction\":[{\"@type\":\"SearchAction\",\"target\":{\"@type\":\"EntryPoint\",\"urlTemplate\":\"https:\\\/\\\/vulee.pl\\\/en\\\/?s={search_term_string}\"},\"query-input\":{\"@type\":\"PropertyValueSpecification\",\"valueRequired\":true,\"valueName\":\"search_term_string\"}}],\"inLanguage\":\"en-US\"},{\"@type\":\"Organization\",\"@id\":\"https:\\\/\\\/vulee.pl\\\/en\\\/#organization\",\"name\":\"VUL\u00c9E sp. z o.o.\",\"url\":\"https:\\\/\\\/vulee.pl\\\/en\\\/\",\"logo\":{\"@type\":\"ImageObject\",\"inLanguage\":\"en-US\",\"@id\":\"https:\\\/\\\/vulee.pl\\\/en\\\/#\\\/schema\\\/logo\\\/image\\\/\",\"url\":\"https:\\\/\\\/vulee.pl\\\/wp-content\\\/uploads\\\/2021\\\/05\\\/logo-vulee.svg\",\"contentUrl\":\"https:\\\/\\\/vulee.pl\\\/wp-content\\\/uploads\\\/2021\\\/05\\\/logo-vulee.svg\",\"width\":156,\"height\":209,\"caption\":\"VUL\u00c9E sp. z o.o.\"},\"image\":{\"@id\":\"https:\\\/\\\/vulee.pl\\\/en\\\/#\\\/schema\\\/logo\\\/image\\\/\"},\"sameAs\":[\"https:\\\/\\\/www.instagram.com\\\/vulee.jewelry\\\/\"]}]}<\/script>\n<!-- \/ Yoast SEO plugin. -->","yoast_head_json":{"title":"TULIP BIG EARRINGS SILVER - Vul\u00e9e","robots":{"index":"index","follow":"follow","max-snippet":"max-snippet:-1","max-image-preview":"max-image-preview:large","max-video-preview":"max-video-preview:-1"},"canonical":"https:\/\/vulee.pl\/en\/produkt\/tulip-big-earrings-silver\/","og_locale":"en_US","og_type":"article","og_title":"TULIP BIG EARRINGS SILVER - Vul\u00e9e","og_description":"Earrings from NATURE collection inspired by the shape of the tulip. You can wear it in two ways &#8211; upright or facing to the side. Made of silver 925. Every silver VUL\u00c9E product is rhodium plated which slows down natural process of patination. Available also in SMALL size. From TULIP set you can also find [&hellip;]","og_url":"https:\/\/vulee.pl\/en\/produkt\/tulip-big-earrings-silver\/","og_site_name":"Vul\u00e9e","article_modified_time":"2025-03-03T23:18:11+00:00","og_image":[{"width":2000,"height":2001,"url":"https:\/\/vulee.pl\/wp-content\/uploads\/2021\/07\/tulip-big-earrings-silver.jpg","type":"image\/jpeg"}],"twitter_card":"summary_large_image","schema":{"@context":"https:\/\/schema.org","@graph":[{"@type":"WebPage","@id":"https:\/\/vulee.pl\/en\/produkt\/tulip-big-earrings-silver\/","url":"https:\/\/vulee.pl\/en\/produkt\/tulip-big-earrings-silver\/","name":"TULIP BIG EARRINGS SILVER - Vul\u00e9e","isPartOf":{"@id":"https:\/\/vulee.pl\/en\/#website"},"primaryImageOfPage":{"@id":"https:\/\/vulee.pl\/en\/produkt\/tulip-big-earrings-silver\/#primaryimage"},"image":{"@id":"https:\/\/vulee.pl\/produkt\/tulip-big-earrings-silver\/#primaryimage"},"thumbnailUrl":"https:\/\/vulee.pl\/wp-content\/uploads\/2021\/07\/tulip-big-earrings-silver.jpg","datePublished":"2021-07-24T21:15:43+00:00","dateModified":"2025-03-03T23:18:11+00:00","breadcrumb":{"@id":"https:\/\/vulee.pl\/en\/produkt\/tulip-big-earrings-silver\/#breadcrumb"},"inLanguage":"en-US","potentialAction":[{"@type":"ReadAction","target":[["https:\/\/vulee.pl\/en\/produkt\/tulip-big-earrings-silver\/"]]}]},{"@type":"ImageObject","inLanguage":"en-US","@id":"https:\/\/vulee.pl\/en\/produkt\/tulip-big-earrings-silver\/#primaryimage","url":"https:\/\/vulee.pl\/wp-content\/uploads\/2021\/07\/tulip-big-earrings-silver.jpg","contentUrl":"https:\/\/vulee.pl\/wp-content\/uploads\/2021\/07\/tulip-big-earrings-silver.jpg","width":2000,"height":2001},{"@type":"BreadcrumbList","@id":"https:\/\/vulee.pl\/en\/produkt\/tulip-big-earrings-silver\/#breadcrumb","itemListElement":[{"@type":"ListItem","position":1,"name":"VUL\u00c9E","item":"https:\/\/vulee.pl\/en\/"},{"@type":"ListItem","position":2,"name":"sklep","item":"https:\/\/vulee.pl\/en\/shop\/"},{"@type":"ListItem","position":3,"name":"TULIP BIG KOLCZYKI SREBRNE"}]},{"@type":"WebSite","@id":"https:\/\/vulee.pl\/en\/#website","url":"https:\/\/vulee.pl\/en\/","name":"Vul\u00e9e zmys\u0142owa bi\u017cuteria dla os\u00f3b wra\u017cliwych","description":"minimalistic, sensual jewelry made in Poland","publisher":{"@id":"https:\/\/vulee.pl\/en\/#organization"},"alternateName":"Vul\u00e9e","potentialAction":[{"@type":"SearchAction","target":{"@type":"EntryPoint","urlTemplate":"https:\/\/vulee.pl\/en\/?s={search_term_string}"},"query-input":{"@type":"PropertyValueSpecification","valueRequired":true,"valueName":"search_term_string"}}],"inLanguage":"en-US"},{"@type":"Organization","@id":"https:\/\/vulee.pl\/en\/#organization","name":"VUL\u00c9E sp. z o.o.","url":"https:\/\/vulee.pl\/en\/","logo":{"@type":"ImageObject","inLanguage":"en-US","@id":"https:\/\/vulee.pl\/en\/#\/schema\/logo\/image\/","url":"https:\/\/vulee.pl\/wp-content\/uploads\/2021\/05\/logo-vulee.svg","contentUrl":"https:\/\/vulee.pl\/wp-content\/uploads\/2021\/05\/logo-vulee.svg","width":156,"height":209,"caption":"VUL\u00c9E sp. z o.o."},"image":{"@id":"https:\/\/vulee.pl\/en\/#\/schema\/logo\/image\/"},"sameAs":["https:\/\/www.instagram.com\/vulee.jewelry\/"]}]}},"_links":{"self":[{"href":"https:\/\/vulee.pl\/en\/wp-json\/wp\/v2\/product\/1565","targetHints":{"allow":["GET"]}}],"collection":[{"href":"https:\/\/vulee.pl\/en\/wp-json\/wp\/v2\/product"}],"about":[{"href":"https:\/\/vulee.pl\/en\/wp-json\/wp\/v2\/types\/product"}],"replies":[{"embeddable":true,"href":"https:\/\/vulee.pl\/en\/wp-json\/wp\/v2\/comments?post=1565"}],"version-history":[{"count":0,"href":"https:\/\/vulee.pl\/en\/wp-json\/wp\/v2\/product\/1565\/revisions"}],"wp:featuredmedia":[{"embeddable":true,"href":"https:\/\/vulee.pl\/en\/wp-json\/wp\/v2\/media\/1567"}],"wp:attachment":[{"href":"https:\/\/vulee.pl\/en\/wp-json\/wp\/v2\/media?parent=1565"}],"wp:term":[{"taxonomy":"product_brand","embeddable":true,"href":"https:\/\/vulee.pl\/en\/wp-json\/wp\/v2\/product_brand?post=1565"},{"taxonomy":"product_cat","embeddable":true,"href":"https:\/\/vulee.pl\/en\/wp-json\/wp\/v2\/product_cat?post=1565"},{"taxonomy":"product_tag","embeddable":true,"href":"https:\/\/vulee.pl\/en\/wp-json\/wp\/v2\/product_tag?post=1565"},{"taxonomy":"woo-feed-brand","embeddable":true,"href":"https:\/\/vulee.pl\/en\/wp-json\/wp\/v2\/woo-feed-brand?post=1565"}],"curies":[{"name":"wp","href":"https:\/\/api.w.org\/{rel}","templated":true}]}}