{"id":420,"date":"2021-02-22T09:47:51","date_gmt":"2021-02-22T08:47:51","guid":{"rendered":"https:\/\/vulee.pl\/?page_id=420"},"modified":"2023-02-09T21:32:02","modified_gmt":"2023-02-09T20:32:02","slug":"polityka-prywatnosci","status":"publish","type":"page","link":"https:\/\/vulee.pl\/en\/polityka-prywatnosci\/","title":{"rendered":"Privacy policy"},"content":{"rendered":"<p><\/p>\n<h1 style=\"text-align: center;\"><span style=\"font-size: 28px;\">PRIVACY POLICY AND INFORMATION CLAUSE<\/span><\/h1>\n<ol>\n<li style=\"list-style-type: none;\">\n<ol>\n<li style=\"list-style-type: none;\">\n<ol>\n<li>The Controller of your personal data is VUL\u00c9E Sp\u00f3\u0142ka z ograniczon\u0105 odpowiedzialno\u015bci\u0105 [VUL\u00c9E LCC], having its registered office in Micha\u0142\u00f3w (postal code: 05-205) at ul. Pi\u0119kna 14, having REGON No. [National Official Business Register No.]: 387109300, NIP No [Tax ID No.]: 1251711259 entered into the register of entrepreneurs kept by the District Court for the capital city of Warsaw 14th Commercial Division of the National Court Register, under KRS No. [National Court Register No.] 0000861185, having share capital of PLN 5,000.<\/li>\n<li>Customer\u2019s personal data is processed to:<br \/>\n2.1 conclude and perform the agreement pursuant to point (b) of Article 6(1) of GDPR during the term of the agreement and until the expiry of time limits to pursue claims;<br \/>\n2.2. handle the registration process, namely, opening a Customer Account (if the Customer wants such an account) and logging in to such an account;<br \/>\n2.3. handle complaints pursuant to point (c) of Article 6(1) of GDPR during one year following the expiry of implied warranty or settlement of complaint;<br \/>\n2.4. send to submitted email address ordered newsletter in electronic form by the Seller pursuant to point (a) of Article 6(1) of GDPR;<br \/>\n2.5. compile statistics on website traffic, reports, analyses;<br \/>\n2.6. pursue claims related to the agreement pursuant to point (f) Article 6(1) of GDPR which stipulates that claiming receivables until final completion of proceedings, including enforcement proceedings, constitutes legitimate interest of the Controller;<br \/>\n2.7. archive billing documents pursuant to point (c) Article 6(1) of GDPR until the period of limitation of tax liability expires.<\/li>\n<li>Customer\u2019s personal data may be transferred to recipients such as:<br \/>\n3.1. postal or courier companies;<br \/>\n3.2. entities enabling the Shop Operator to carry out remote payment operations;<\/li>\n<\/ol>\n<\/li>\n<\/ol>\n<\/li>\n<\/ol>\n<p><\/p>","protected":false},"excerpt":{"rendered":"<p>PRIVACY POLICY AND INFORMATION CLAUSE The Controller of your personal data is VUL\u00c9E Sp\u00f3\u0142ka z ograniczon\u0105 odpowiedzialno\u015bci\u0105 [VUL\u00c9E LCC], having its registered office in Micha\u0142\u00f3w (postal code: 05-205) at ul. Pi\u0119kna 14, having REGON No. [National Official Business Register No.]: 387109300, NIP No [Tax ID No.]: 1251711259 entered into the register of entrepreneurs kept by [&hellip;]<\/p>\n","protected":false},"author":1,"featured_media":0,"parent":0,"menu_order":0,"comment_status":"closed","ping_status":"closed","template":"","meta":{"_acf_changed":false,"inline_featured_image":false,"footnotes":""},"class_list":["post-420","page","type-page","status-publish","hentry"],"acf":[],"yoast_head":"<!-- This site is optimized with the Yoast SEO plugin v27.4 - https:\/\/yoast.com\/product\/yoast-seo-wordpress\/ -->\n<title>Privacy policy - Vul\u00e9e<\/title>\n<meta name=\"description\" content=\"VUL\u00c9E. Minimalistic, sensual jewelry. Nasza bi\u017cuteria jest minimalistyczna i uniwersalna, dzi\u0119ki czemu wszystkie modele \u015bwietnie...\" \/>\n<meta name=\"robots\" content=\"index, follow, max-snippet:-1, max-image-preview:large, max-video-preview:-1\" \/>\n<link rel=\"canonical\" href=\"https:\/\/vulee.pl\/en\/polityka-prywatnosci\/\" \/>\n<meta property=\"og:locale\" content=\"en_US\" \/>\n<meta property=\"og:type\" content=\"article\" \/>\n<meta property=\"og:title\" content=\"Privacy policy - Vul\u00e9e\" \/>\n<meta property=\"og:description\" content=\"VUL\u00c9E. Minimalistic, sensual jewelry. Nasza bi\u017cuteria jest minimalistyczna i uniwersalna, dzi\u0119ki czemu wszystkie modele \u015bwietnie...\" \/>\n<meta property=\"og:url\" content=\"https:\/\/vulee.pl\/en\/polityka-prywatnosci\/\" \/>\n<meta property=\"og:site_name\" content=\"Vul\u00e9e\" \/>\n<meta property=\"article:modified_time\" content=\"2023-02-09T20:32:02+00:00\" \/>\n<meta property=\"og:image\" content=\"https:\/\/vulee.pl\/wp-content\/uploads\/2021\/07\/vulee-slide1.jpg\" \/>\n\t<meta property=\"og:image:width\" content=\"1200\" \/>\n\t<meta property=\"og:image:height\" content=\"600\" \/>\n\t<meta property=\"og:image:type\" content=\"image\/jpeg\" \/>\n<meta name=\"twitter:card\" content=\"summary_large_image\" \/>\n<script type=\"application\/ld+json\" class=\"yoast-schema-graph\">{\"@context\":\"https:\\\/\\\/schema.org\",\"@graph\":[{\"@type\":\"WebPage\",\"@id\":\"https:\\\/\\\/vulee.pl\\\/en\\\/polityka-prywatnosci\\\/\",\"url\":\"https:\\\/\\\/vulee.pl\\\/en\\\/polityka-prywatnosci\\\/\",\"name\":\"Privacy policy - Vul\u00e9e\",\"isPartOf\":{\"@id\":\"https:\\\/\\\/vulee.pl\\\/en\\\/#website\"},\"datePublished\":\"2021-02-22T08:47:51+00:00\",\"dateModified\":\"2023-02-09T20:32:02+00:00\",\"description\":\"VUL\u00c9E. Minimalistic, sensual jewelry. Nasza bi\u017cuteria jest minimalistyczna i uniwersalna, dzi\u0119ki czemu wszystkie modele \u015bwietnie...\",\"breadcrumb\":{\"@id\":\"https:\\\/\\\/vulee.pl\\\/en\\\/polityka-prywatnosci\\\/#breadcrumb\"},\"inLanguage\":\"en-US\",\"potentialAction\":[{\"@type\":\"ReadAction\",\"target\":[[\"https:\\\/\\\/vulee.pl\\\/en\\\/polityka-prywatnosci\\\/\"]]}]},{\"@type\":\"BreadcrumbList\",\"@id\":\"https:\\\/\\\/vulee.pl\\\/en\\\/polityka-prywatnosci\\\/#breadcrumb\",\"itemListElement\":[{\"@type\":\"ListItem\",\"position\":1,\"name\":\"VUL\u00c9E\",\"item\":\"https:\\\/\\\/vulee.pl\\\/en\\\/\"},{\"@type\":\"ListItem\",\"position\":2,\"name\":\"Polityka prywatno\u015bci i pliki cookies\"}]},{\"@type\":\"WebSite\",\"@id\":\"https:\\\/\\\/vulee.pl\\\/en\\\/#website\",\"url\":\"https:\\\/\\\/vulee.pl\\\/en\\\/\",\"name\":\"Vul\u00e9e zmys\u0142owa bi\u017cuteria dla os\u00f3b wra\u017cliwych\",\"description\":\"minimalistic, sensual jewelry made in Poland\",\"publisher\":{\"@id\":\"https:\\\/\\\/vulee.pl\\\/en\\\/#organization\"},\"alternateName\":\"Vul\u00e9e\",\"potentialAction\":[{\"@type\":\"SearchAction\",\"target\":{\"@type\":\"EntryPoint\",\"urlTemplate\":\"https:\\\/\\\/vulee.pl\\\/en\\\/?s={search_term_string}\"},\"query-input\":{\"@type\":\"PropertyValueSpecification\",\"valueRequired\":true,\"valueName\":\"search_term_string\"}}],\"inLanguage\":\"en-US\"},{\"@type\":\"Organization\",\"@id\":\"https:\\\/\\\/vulee.pl\\\/en\\\/#organization\",\"name\":\"VUL\u00c9E sp. z o.o.\",\"url\":\"https:\\\/\\\/vulee.pl\\\/en\\\/\",\"logo\":{\"@type\":\"ImageObject\",\"inLanguage\":\"en-US\",\"@id\":\"https:\\\/\\\/vulee.pl\\\/en\\\/#\\\/schema\\\/logo\\\/image\\\/\",\"url\":\"https:\\\/\\\/vulee.pl\\\/wp-content\\\/uploads\\\/2021\\\/05\\\/logo-vulee.svg\",\"contentUrl\":\"https:\\\/\\\/vulee.pl\\\/wp-content\\\/uploads\\\/2021\\\/05\\\/logo-vulee.svg\",\"width\":156,\"height\":209,\"caption\":\"VUL\u00c9E sp. z o.o.\"},\"image\":{\"@id\":\"https:\\\/\\\/vulee.pl\\\/en\\\/#\\\/schema\\\/logo\\\/image\\\/\"},\"sameAs\":[\"https:\\\/\\\/www.instagram.com\\\/vulee.jewelry\\\/\"]}]}<\/script>\n<!-- \/ Yoast SEO plugin. -->","yoast_head_json":{"title":"Privacy policy - Vul\u00e9e","description":"VUL\u00c9E. Minimalistic, sensual jewelry. Nasza bi\u017cuteria jest minimalistyczna i uniwersalna, dzi\u0119ki czemu wszystkie modele \u015bwietnie...","robots":{"index":"index","follow":"follow","max-snippet":"max-snippet:-1","max-image-preview":"max-image-preview:large","max-video-preview":"max-video-preview:-1"},"canonical":"https:\/\/vulee.pl\/en\/polityka-prywatnosci\/","og_locale":"en_US","og_type":"article","og_title":"Privacy policy - Vul\u00e9e","og_description":"VUL\u00c9E. Minimalistic, sensual jewelry. Nasza bi\u017cuteria jest minimalistyczna i uniwersalna, dzi\u0119ki czemu wszystkie modele \u015bwietnie...","og_url":"https:\/\/vulee.pl\/en\/polityka-prywatnosci\/","og_site_name":"Vul\u00e9e","article_modified_time":"2023-02-09T20:32:02+00:00","og_image":[{"width":1200,"height":600,"url":"https:\/\/vulee.pl\/wp-content\/uploads\/2021\/07\/vulee-slide1.jpg","type":"image\/jpeg"}],"twitter_card":"summary_large_image","schema":{"@context":"https:\/\/schema.org","@graph":[{"@type":"WebPage","@id":"https:\/\/vulee.pl\/en\/polityka-prywatnosci\/","url":"https:\/\/vulee.pl\/en\/polityka-prywatnosci\/","name":"Privacy policy - Vul\u00e9e","isPartOf":{"@id":"https:\/\/vulee.pl\/en\/#website"},"datePublished":"2021-02-22T08:47:51+00:00","dateModified":"2023-02-09T20:32:02+00:00","description":"VUL\u00c9E. Minimalistic, sensual jewelry. Nasza bi\u017cuteria jest minimalistyczna i uniwersalna, dzi\u0119ki czemu wszystkie modele \u015bwietnie...","breadcrumb":{"@id":"https:\/\/vulee.pl\/en\/polityka-prywatnosci\/#breadcrumb"},"inLanguage":"en-US","potentialAction":[{"@type":"ReadAction","target":[["https:\/\/vulee.pl\/en\/polityka-prywatnosci\/"]]}]},{"@type":"BreadcrumbList","@id":"https:\/\/vulee.pl\/en\/polityka-prywatnosci\/#breadcrumb","itemListElement":[{"@type":"ListItem","position":1,"name":"VUL\u00c9E","item":"https:\/\/vulee.pl\/en\/"},{"@type":"ListItem","position":2,"name":"Polityka prywatno\u015bci i pliki cookies"}]},{"@type":"WebSite","@id":"https:\/\/vulee.pl\/en\/#website","url":"https:\/\/vulee.pl\/en\/","name":"Vul\u00e9e zmys\u0142owa bi\u017cuteria dla os\u00f3b wra\u017cliwych","description":"minimalistic, sensual jewelry made in Poland","publisher":{"@id":"https:\/\/vulee.pl\/en\/#organization"},"alternateName":"Vul\u00e9e","potentialAction":[{"@type":"SearchAction","target":{"@type":"EntryPoint","urlTemplate":"https:\/\/vulee.pl\/en\/?s={search_term_string}"},"query-input":{"@type":"PropertyValueSpecification","valueRequired":true,"valueName":"search_term_string"}}],"inLanguage":"en-US"},{"@type":"Organization","@id":"https:\/\/vulee.pl\/en\/#organization","name":"VUL\u00c9E sp. z o.o.","url":"https:\/\/vulee.pl\/en\/","logo":{"@type":"ImageObject","inLanguage":"en-US","@id":"https:\/\/vulee.pl\/en\/#\/schema\/logo\/image\/","url":"https:\/\/vulee.pl\/wp-content\/uploads\/2021\/05\/logo-vulee.svg","contentUrl":"https:\/\/vulee.pl\/wp-content\/uploads\/2021\/05\/logo-vulee.svg","width":156,"height":209,"caption":"VUL\u00c9E sp. z o.o."},"image":{"@id":"https:\/\/vulee.pl\/en\/#\/schema\/logo\/image\/"},"sameAs":["https:\/\/www.instagram.com\/vulee.jewelry\/"]}]}},"_links":{"self":[{"href":"https:\/\/vulee.pl\/en\/wp-json\/wp\/v2\/pages\/420","targetHints":{"allow":["GET"]}}],"collection":[{"href":"https:\/\/vulee.pl\/en\/wp-json\/wp\/v2\/pages"}],"about":[{"href":"https:\/\/vulee.pl\/en\/wp-json\/wp\/v2\/types\/page"}],"author":[{"embeddable":true,"href":"https:\/\/vulee.pl\/en\/wp-json\/wp\/v2\/users\/1"}],"replies":[{"embeddable":true,"href":"https:\/\/vulee.pl\/en\/wp-json\/wp\/v2\/comments?post=420"}],"version-history":[{"count":0,"href":"https:\/\/vulee.pl\/en\/wp-json\/wp\/v2\/pages\/420\/revisions"}],"wp:attachment":[{"href":"https:\/\/vulee.pl\/en\/wp-json\/wp\/v2\/media?parent=420"}],"curies":[{"name":"wp","href":"https:\/\/api.w.org\/{rel}","templated":true}]}}