{"id":390,"date":"2021-02-18T00:02:52","date_gmt":"2021-02-17T23:02:52","guid":{"rendered":"https:\/\/vulee.pl\/?page_id=390"},"modified":"2021-12-16T23:33:24","modified_gmt":"2021-12-16T22:33:24","slug":"vulee-care","status":"publish","type":"page","link":"https:\/\/vulee.pl\/en\/vulee-care\/","title":{"rendered":"VUL\u00c9E CARE"},"content":{"rendered":"<p><\/p>\n<div>\n<h1 style=\"text-align: center;\">How to take care of VUL\u00c9E?<\/h1>\n<p>You will receive each of our product in original box in which you should keep your jewelry when you are not wearing it. Box will protect it from light, moisture, dust and mechanical demage.<\/p>\n<p>Always remember to take off your jewelry before sleep, bath or shower, housework or sports. It is very important that it shouldn\u2019t have any contact with chemicals or cosmetics. Put your jewelry on your skin after using perfume or cream.<\/p>\n<p>Never use water to clean gold-plated products, because it can make the gold layer rub out. Instead of it, use special jewelry cleaner. Keep silver products away from moisture &#8211; bathroom shelf is not the best place to put it. After some time you may observe process of patination, which is natural for silver.<\/p>\n<p>VUL\u00c9E silver products are covered with rhodium which will surely slow down this process. In any case you can also use <a href=\"https:\/\/vulee.pl\/en\/produkt\/sciereczka-do-bizuterii\/\">jewelry cleaner<\/a> to refresh it. You can always contact with us in case of any matter.<\/p>\n<p>We do everything we can to make your jewelry look beautiful as long as possible.<\/p>\n<\/div>\n<p><\/p>","protected":false},"excerpt":{"rendered":"<p>How to take care of VUL\u00c9E? You will receive each of our product in original box in which you should keep your jewelry when you are not wearing it. Box will protect it from light, moisture, dust and mechanical demage. Always remember to take off your jewelry before sleep, bath or shower, housework or sports. [&hellip;]<\/p>\n","protected":false},"author":1,"featured_media":0,"parent":0,"menu_order":0,"comment_status":"closed","ping_status":"closed","template":"","meta":{"_acf_changed":false,"inline_featured_image":false,"footnotes":""},"class_list":["post-390","page","type-page","status-publish","hentry"],"acf":[],"yoast_head":"<!-- This site is optimized with the Yoast SEO plugin v27.5 - https:\/\/yoast.com\/product\/yoast-seo-wordpress\/ -->\n<title>VUL\u00c9E CARE - Vul\u00e9e<\/title>\n<meta name=\"description\" content=\"VUL\u00c9E. Minimalistic, sensual jewelry. Nasza bi\u017cuteria jest minimalistyczna i uniwersalna, dzi\u0119ki czemu wszystkie modele \u015bwietnie...\" \/>\n<meta name=\"robots\" content=\"index, follow, max-snippet:-1, max-image-preview:large, max-video-preview:-1\" \/>\n<link rel=\"canonical\" href=\"https:\/\/vulee.pl\/en\/vulee-care\/\" \/>\n<meta property=\"og:locale\" content=\"en_US\" \/>\n<meta property=\"og:type\" content=\"article\" \/>\n<meta property=\"og:title\" content=\"VUL\u00c9E CARE - Vul\u00e9e\" \/>\n<meta property=\"og:description\" content=\"VUL\u00c9E. Minimalistic, sensual jewelry. Nasza bi\u017cuteria jest minimalistyczna i uniwersalna, dzi\u0119ki czemu wszystkie modele \u015bwietnie...\" \/>\n<meta property=\"og:url\" content=\"https:\/\/vulee.pl\/en\/vulee-care\/\" \/>\n<meta property=\"og:site_name\" content=\"Vul\u00e9e\" \/>\n<meta property=\"article:modified_time\" content=\"2021-12-16T22:33:24+00:00\" \/>\n<meta property=\"og:image\" content=\"https:\/\/vulee.pl\/wp-content\/uploads\/2021\/07\/vulee-slide1.jpg\" \/>\n\t<meta property=\"og:image:width\" content=\"1200\" \/>\n\t<meta property=\"og:image:height\" content=\"600\" \/>\n\t<meta property=\"og:image:type\" content=\"image\/jpeg\" \/>\n<meta name=\"twitter:card\" content=\"summary_large_image\" \/>\n<script type=\"application\/ld+json\" class=\"yoast-schema-graph\">{\"@context\":\"https:\\\/\\\/schema.org\",\"@graph\":[{\"@type\":\"WebPage\",\"@id\":\"https:\\\/\\\/vulee.pl\\\/en\\\/vulee-care\\\/\",\"url\":\"https:\\\/\\\/vulee.pl\\\/en\\\/vulee-care\\\/\",\"name\":\"VUL\u00c9E CARE - Vul\u00e9e\",\"isPartOf\":{\"@id\":\"https:\\\/\\\/vulee.pl\\\/en\\\/#website\"},\"datePublished\":\"2021-02-17T23:02:52+00:00\",\"dateModified\":\"2021-12-16T22:33:24+00:00\",\"description\":\"VUL\u00c9E. Minimalistic, sensual jewelry. Nasza bi\u017cuteria jest minimalistyczna i uniwersalna, dzi\u0119ki czemu wszystkie modele \u015bwietnie...\",\"breadcrumb\":{\"@id\":\"https:\\\/\\\/vulee.pl\\\/en\\\/vulee-care\\\/#breadcrumb\"},\"inLanguage\":\"en-US\",\"potentialAction\":[{\"@type\":\"ReadAction\",\"target\":[[\"https:\\\/\\\/vulee.pl\\\/en\\\/vulee-care\\\/\"]]}]},{\"@type\":\"BreadcrumbList\",\"@id\":\"https:\\\/\\\/vulee.pl\\\/en\\\/vulee-care\\\/#breadcrumb\",\"itemListElement\":[{\"@type\":\"ListItem\",\"position\":1,\"name\":\"VUL\u00c9E\",\"item\":\"https:\\\/\\\/vulee.pl\\\/en\\\/\"},{\"@type\":\"ListItem\",\"position\":2,\"name\":\"VUL\u00c9E CARE\"}]},{\"@type\":\"WebSite\",\"@id\":\"https:\\\/\\\/vulee.pl\\\/en\\\/#website\",\"url\":\"https:\\\/\\\/vulee.pl\\\/en\\\/\",\"name\":\"Vul\u00e9e zmys\u0142owa bi\u017cuteria dla os\u00f3b wra\u017cliwych\",\"description\":\"minimalistic, sensual jewelry made in Poland\",\"publisher\":{\"@id\":\"https:\\\/\\\/vulee.pl\\\/en\\\/#organization\"},\"alternateName\":\"Vul\u00e9e\",\"potentialAction\":[{\"@type\":\"SearchAction\",\"target\":{\"@type\":\"EntryPoint\",\"urlTemplate\":\"https:\\\/\\\/vulee.pl\\\/en\\\/?s={search_term_string}\"},\"query-input\":{\"@type\":\"PropertyValueSpecification\",\"valueRequired\":true,\"valueName\":\"search_term_string\"}}],\"inLanguage\":\"en-US\"},{\"@type\":\"Organization\",\"@id\":\"https:\\\/\\\/vulee.pl\\\/en\\\/#organization\",\"name\":\"VUL\u00c9E sp. z o.o.\",\"url\":\"https:\\\/\\\/vulee.pl\\\/en\\\/\",\"logo\":{\"@type\":\"ImageObject\",\"inLanguage\":\"en-US\",\"@id\":\"https:\\\/\\\/vulee.pl\\\/en\\\/#\\\/schema\\\/logo\\\/image\\\/\",\"url\":\"https:\\\/\\\/vulee.pl\\\/wp-content\\\/uploads\\\/2021\\\/05\\\/logo-vulee.svg\",\"contentUrl\":\"https:\\\/\\\/vulee.pl\\\/wp-content\\\/uploads\\\/2021\\\/05\\\/logo-vulee.svg\",\"width\":156,\"height\":209,\"caption\":\"VUL\u00c9E sp. z o.o.\"},\"image\":{\"@id\":\"https:\\\/\\\/vulee.pl\\\/en\\\/#\\\/schema\\\/logo\\\/image\\\/\"},\"sameAs\":[\"https:\\\/\\\/www.instagram.com\\\/vulee.jewelry\\\/\"]}]}<\/script>\n<!-- \/ Yoast SEO plugin. -->","yoast_head_json":{"title":"VUL\u00c9E CARE - Vul\u00e9e","description":"VUL\u00c9E. Minimalistic, sensual jewelry. Nasza bi\u017cuteria jest minimalistyczna i uniwersalna, dzi\u0119ki czemu wszystkie modele \u015bwietnie...","robots":{"index":"index","follow":"follow","max-snippet":"max-snippet:-1","max-image-preview":"max-image-preview:large","max-video-preview":"max-video-preview:-1"},"canonical":"https:\/\/vulee.pl\/en\/vulee-care\/","og_locale":"en_US","og_type":"article","og_title":"VUL\u00c9E CARE - Vul\u00e9e","og_description":"VUL\u00c9E. Minimalistic, sensual jewelry. Nasza bi\u017cuteria jest minimalistyczna i uniwersalna, dzi\u0119ki czemu wszystkie modele \u015bwietnie...","og_url":"https:\/\/vulee.pl\/en\/vulee-care\/","og_site_name":"Vul\u00e9e","article_modified_time":"2021-12-16T22:33:24+00:00","og_image":[{"width":1200,"height":600,"url":"https:\/\/vulee.pl\/wp-content\/uploads\/2021\/07\/vulee-slide1.jpg","type":"image\/jpeg"}],"twitter_card":"summary_large_image","schema":{"@context":"https:\/\/schema.org","@graph":[{"@type":"WebPage","@id":"https:\/\/vulee.pl\/en\/vulee-care\/","url":"https:\/\/vulee.pl\/en\/vulee-care\/","name":"VUL\u00c9E CARE - Vul\u00e9e","isPartOf":{"@id":"https:\/\/vulee.pl\/en\/#website"},"datePublished":"2021-02-17T23:02:52+00:00","dateModified":"2021-12-16T22:33:24+00:00","description":"VUL\u00c9E. Minimalistic, sensual jewelry. Nasza bi\u017cuteria jest minimalistyczna i uniwersalna, dzi\u0119ki czemu wszystkie modele \u015bwietnie...","breadcrumb":{"@id":"https:\/\/vulee.pl\/en\/vulee-care\/#breadcrumb"},"inLanguage":"en-US","potentialAction":[{"@type":"ReadAction","target":[["https:\/\/vulee.pl\/en\/vulee-care\/"]]}]},{"@type":"BreadcrumbList","@id":"https:\/\/vulee.pl\/en\/vulee-care\/#breadcrumb","itemListElement":[{"@type":"ListItem","position":1,"name":"VUL\u00c9E","item":"https:\/\/vulee.pl\/en\/"},{"@type":"ListItem","position":2,"name":"VUL\u00c9E CARE"}]},{"@type":"WebSite","@id":"https:\/\/vulee.pl\/en\/#website","url":"https:\/\/vulee.pl\/en\/","name":"Vul\u00e9e zmys\u0142owa bi\u017cuteria dla os\u00f3b wra\u017cliwych","description":"minimalistic, sensual jewelry made in Poland","publisher":{"@id":"https:\/\/vulee.pl\/en\/#organization"},"alternateName":"Vul\u00e9e","potentialAction":[{"@type":"SearchAction","target":{"@type":"EntryPoint","urlTemplate":"https:\/\/vulee.pl\/en\/?s={search_term_string}"},"query-input":{"@type":"PropertyValueSpecification","valueRequired":true,"valueName":"search_term_string"}}],"inLanguage":"en-US"},{"@type":"Organization","@id":"https:\/\/vulee.pl\/en\/#organization","name":"VUL\u00c9E sp. z o.o.","url":"https:\/\/vulee.pl\/en\/","logo":{"@type":"ImageObject","inLanguage":"en-US","@id":"https:\/\/vulee.pl\/en\/#\/schema\/logo\/image\/","url":"https:\/\/vulee.pl\/wp-content\/uploads\/2021\/05\/logo-vulee.svg","contentUrl":"https:\/\/vulee.pl\/wp-content\/uploads\/2021\/05\/logo-vulee.svg","width":156,"height":209,"caption":"VUL\u00c9E sp. z o.o."},"image":{"@id":"https:\/\/vulee.pl\/en\/#\/schema\/logo\/image\/"},"sameAs":["https:\/\/www.instagram.com\/vulee.jewelry\/"]}]}},"_links":{"self":[{"href":"https:\/\/vulee.pl\/en\/wp-json\/wp\/v2\/pages\/390","targetHints":{"allow":["GET"]}}],"collection":[{"href":"https:\/\/vulee.pl\/en\/wp-json\/wp\/v2\/pages"}],"about":[{"href":"https:\/\/vulee.pl\/en\/wp-json\/wp\/v2\/types\/page"}],"author":[{"embeddable":true,"href":"https:\/\/vulee.pl\/en\/wp-json\/wp\/v2\/users\/1"}],"replies":[{"embeddable":true,"href":"https:\/\/vulee.pl\/en\/wp-json\/wp\/v2\/comments?post=390"}],"version-history":[{"count":0,"href":"https:\/\/vulee.pl\/en\/wp-json\/wp\/v2\/pages\/390\/revisions"}],"wp:attachment":[{"href":"https:\/\/vulee.pl\/en\/wp-json\/wp\/v2\/media?parent=390"}],"curies":[{"name":"wp","href":"https:\/\/api.w.org\/{rel}","templated":true}]}}