{"id":1501,"date":"2021-06-20T16:15:57","date_gmt":"2021-06-20T14:15:57","guid":{"rendered":"https:\/\/vulee.pl\/?page_id=1501"},"modified":"2024-01-22T23:11:17","modified_gmt":"2024-01-22T22:11:17","slug":"reklamacje","status":"publish","type":"page","link":"https:\/\/vulee.pl\/en\/complaints\/","title":{"rendered":"Complaints"},"content":{"rendered":"<p><\/p>\n<h1 style=\"text-align: center;\"><span style=\"font-size: 28px;\">Complaints<\/span><\/h1>\n<p>In order to make a complaint about the goods, please complete the form below and attach it to the shipment with the product intact and proof of purchase. <br \/>\nThe package should be sent by courier or Polish post to the address: VUL\u00c9E Sp. z o.o., 02-634 Warszawa, Mi\u0142ob\u0119dzka 17 street<\/p>\n<p>The complaint will be considered within 14 days. More information can be found in the <a href=\"https:\/\/vulee.pl\/regulamin-sklepu\/\">Regulations<\/a>.<\/p>\n<p>In case of any problems, please contact us by e-mail &#8211; <a href=\"mailto:kontakt@vulee.pl\" target=\"_blank\" rel=\"noopener\">kontakt@vulee.pl<\/a><\/p>\n<table style=\"border-collapse: collapse; width: 100%;\">\n<tbody>\n<tr>\n<td style=\"width: 100%;\"><a href=\"https:\/\/vulee.pl\/wp-content\/uploads\/2021\/09\/form-of-complaints.pdf\" target=\"_blank\" rel=\"noopener\"><img decoding=\"async\" class=\"alignnone wp-image-1497\" src=\"https:\/\/vulee.pl\/wp-content\/uploads\/2021\/09\/form-of-complaints-848x1200.jpg\" alt=\"\" width=\"644\" height=\"911\" \/><\/a><\/td>\n<\/tr>\n<\/tbody>\n<\/table>\n<p><\/p>","protected":false},"excerpt":{"rendered":"<p>Complaints In order to make a complaint about the goods, please complete the form below and attach it to the shipment with the product intact and proof of purchase. The package should be sent by courier or Polish post to the address: VUL\u00c9E Sp. z o.o., 02-634 Warszawa, Mi\u0142ob\u0119dzka 17 street The complaint will be [&hellip;]<\/p>\n","protected":false},"author":1,"featured_media":0,"parent":0,"menu_order":0,"comment_status":"closed","ping_status":"closed","template":"","meta":{"_acf_changed":false,"inline_featured_image":false,"footnotes":""},"class_list":["post-1501","page","type-page","status-publish","hentry"],"acf":[],"yoast_head":"<!-- This site is optimized with the Yoast SEO plugin v27.3 - https:\/\/yoast.com\/product\/yoast-seo-wordpress\/ -->\n<title>Complaints - Vul\u00e9e<\/title>\n<meta name=\"description\" content=\"VUL\u00c9E. Minimalistic, sensual jewelry. Nasza bi\u017cuteria jest minimalistyczna i uniwersalna, dzi\u0119ki czemu wszystkie modele \u015bwietnie...\" \/>\n<meta name=\"robots\" content=\"index, follow, max-snippet:-1, max-image-preview:large, max-video-preview:-1\" \/>\n<link rel=\"canonical\" href=\"https:\/\/vulee.pl\/en\/reklamacje\/\" \/>\n<meta property=\"og:locale\" content=\"en_US\" \/>\n<meta property=\"og:type\" content=\"article\" \/>\n<meta property=\"og:title\" content=\"Complaints - Vul\u00e9e\" \/>\n<meta property=\"og:description\" content=\"VUL\u00c9E. Minimalistic, sensual jewelry. Nasza bi\u017cuteria jest minimalistyczna i uniwersalna, dzi\u0119ki czemu wszystkie modele \u015bwietnie...\" \/>\n<meta property=\"og:url\" content=\"https:\/\/vulee.pl\/en\/reklamacje\/\" \/>\n<meta property=\"og:site_name\" content=\"Vul\u00e9e\" \/>\n<meta property=\"article:modified_time\" content=\"2024-01-22T22:11:17+00:00\" \/>\n<meta property=\"og:image\" content=\"https:\/\/vulee.pl\/wp-content\/uploads\/2021\/06\/formularz-reklamacji-848x1200.jpg\" \/>\n<meta name=\"twitter:card\" content=\"summary_large_image\" \/>\n<script type=\"application\/ld+json\" class=\"yoast-schema-graph\">{\"@context\":\"https:\\\/\\\/schema.org\",\"@graph\":[{\"@type\":[\"WebPage\",\"QAPage\"],\"@id\":\"https:\\\/\\\/vulee.pl\\\/en\\\/reklamacje\\\/\",\"url\":\"https:\\\/\\\/vulee.pl\\\/en\\\/reklamacje\\\/\",\"name\":\"Complaints - Vul\u00e9e\",\"isPartOf\":{\"@id\":\"https:\\\/\\\/vulee.pl\\\/en\\\/#website\"},\"primaryImageOfPage\":{\"@id\":\"https:\\\/\\\/vulee.pl\\\/en\\\/reklamacje\\\/#primaryimage\"},\"image\":{\"@id\":\"https:\\\/\\\/vulee.pl\\\/reklamacje\\\/#primaryimage\"},\"thumbnailUrl\":\"https:\\\/\\\/vulee.pl\\\/wp-content\\\/uploads\\\/2021\\\/06\\\/formularz-reklamacji-848x1200.jpg\",\"datePublished\":\"2021-06-20T14:15:57+00:00\",\"dateModified\":\"2024-01-22T22:11:17+00:00\",\"description\":\"VUL\u00c9E. Minimalistic, sensual jewelry. Nasza bi\u017cuteria jest minimalistyczna i uniwersalna, dzi\u0119ki czemu wszystkie modele \u015bwietnie...\",\"breadcrumb\":{\"@id\":\"https:\\\/\\\/vulee.pl\\\/en\\\/reklamacje\\\/#breadcrumb\"},\"inLanguage\":\"en-US\",\"potentialAction\":[{\"@type\":\"ReadAction\",\"target\":[[\"https:\\\/\\\/vulee.pl\\\/en\\\/reklamacje\\\/\"]]}]},{\"@type\":\"ImageObject\",\"inLanguage\":\"en-US\",\"@id\":\"https:\\\/\\\/vulee.pl\\\/en\\\/reklamacje\\\/#primaryimage\",\"url\":\"https:\\\/\\\/vulee.pl\\\/wp-content\\\/uploads\\\/2021\\\/06\\\/formularz-reklamacji-848x1200.jpg\",\"contentUrl\":\"https:\\\/\\\/vulee.pl\\\/wp-content\\\/uploads\\\/2021\\\/06\\\/formularz-reklamacji-848x1200.jpg\"},{\"@type\":\"BreadcrumbList\",\"@id\":\"https:\\\/\\\/vulee.pl\\\/en\\\/reklamacje\\\/#breadcrumb\",\"itemListElement\":[{\"@type\":\"ListItem\",\"position\":1,\"name\":\"VUL\u00c9E\",\"item\":\"https:\\\/\\\/vulee.pl\\\/en\\\/\"},{\"@type\":\"ListItem\",\"position\":2,\"name\":\"Reklamacje\"}]},{\"@type\":\"WebSite\",\"@id\":\"https:\\\/\\\/vulee.pl\\\/en\\\/#website\",\"url\":\"https:\\\/\\\/vulee.pl\\\/en\\\/\",\"name\":\"Vul\u00e9e zmys\u0142owa bi\u017cuteria dla os\u00f3b wra\u017cliwych\",\"description\":\"minimalistic, sensual jewelry made in Poland\",\"publisher\":{\"@id\":\"https:\\\/\\\/vulee.pl\\\/en\\\/#organization\"},\"alternateName\":\"Vul\u00e9e\",\"potentialAction\":[{\"@type\":\"SearchAction\",\"target\":{\"@type\":\"EntryPoint\",\"urlTemplate\":\"https:\\\/\\\/vulee.pl\\\/en\\\/?s={search_term_string}\"},\"query-input\":{\"@type\":\"PropertyValueSpecification\",\"valueRequired\":true,\"valueName\":\"search_term_string\"}}],\"inLanguage\":\"en-US\"},{\"@type\":\"Organization\",\"@id\":\"https:\\\/\\\/vulee.pl\\\/en\\\/#organization\",\"name\":\"VUL\u00c9E sp. z o.o.\",\"url\":\"https:\\\/\\\/vulee.pl\\\/en\\\/\",\"logo\":{\"@type\":\"ImageObject\",\"inLanguage\":\"en-US\",\"@id\":\"https:\\\/\\\/vulee.pl\\\/en\\\/#\\\/schema\\\/logo\\\/image\\\/\",\"url\":\"https:\\\/\\\/vulee.pl\\\/wp-content\\\/uploads\\\/2021\\\/05\\\/logo-vulee.svg\",\"contentUrl\":\"https:\\\/\\\/vulee.pl\\\/wp-content\\\/uploads\\\/2021\\\/05\\\/logo-vulee.svg\",\"width\":156,\"height\":209,\"caption\":\"VUL\u00c9E sp. z o.o.\"},\"image\":{\"@id\":\"https:\\\/\\\/vulee.pl\\\/en\\\/#\\\/schema\\\/logo\\\/image\\\/\"},\"sameAs\":[\"https:\\\/\\\/www.instagram.com\\\/vulee.jewelry\\\/\"]}]}<\/script>\n<!-- \/ Yoast SEO plugin. -->","yoast_head_json":{"title":"Complaints - Vul\u00e9e","description":"VUL\u00c9E. Minimalistic, sensual jewelry. Nasza bi\u017cuteria jest minimalistyczna i uniwersalna, dzi\u0119ki czemu wszystkie modele \u015bwietnie...","robots":{"index":"index","follow":"follow","max-snippet":"max-snippet:-1","max-image-preview":"max-image-preview:large","max-video-preview":"max-video-preview:-1"},"canonical":"https:\/\/vulee.pl\/en\/reklamacje\/","og_locale":"en_US","og_type":"article","og_title":"Complaints - Vul\u00e9e","og_description":"VUL\u00c9E. Minimalistic, sensual jewelry. Nasza bi\u017cuteria jest minimalistyczna i uniwersalna, dzi\u0119ki czemu wszystkie modele \u015bwietnie...","og_url":"https:\/\/vulee.pl\/en\/reklamacje\/","og_site_name":"Vul\u00e9e","article_modified_time":"2024-01-22T22:11:17+00:00","og_image":[{"url":"https:\/\/vulee.pl\/wp-content\/uploads\/2021\/06\/formularz-reklamacji-848x1200.jpg","type":"","width":"","height":""}],"twitter_card":"summary_large_image","schema":{"@context":"https:\/\/schema.org","@graph":[{"@type":["WebPage","QAPage"],"@id":"https:\/\/vulee.pl\/en\/reklamacje\/","url":"https:\/\/vulee.pl\/en\/reklamacje\/","name":"Complaints - Vul\u00e9e","isPartOf":{"@id":"https:\/\/vulee.pl\/en\/#website"},"primaryImageOfPage":{"@id":"https:\/\/vulee.pl\/en\/reklamacje\/#primaryimage"},"image":{"@id":"https:\/\/vulee.pl\/reklamacje\/#primaryimage"},"thumbnailUrl":"https:\/\/vulee.pl\/wp-content\/uploads\/2021\/06\/formularz-reklamacji-848x1200.jpg","datePublished":"2021-06-20T14:15:57+00:00","dateModified":"2024-01-22T22:11:17+00:00","description":"VUL\u00c9E. Minimalistic, sensual jewelry. Nasza bi\u017cuteria jest minimalistyczna i uniwersalna, dzi\u0119ki czemu wszystkie modele \u015bwietnie...","breadcrumb":{"@id":"https:\/\/vulee.pl\/en\/reklamacje\/#breadcrumb"},"inLanguage":"en-US","potentialAction":[{"@type":"ReadAction","target":[["https:\/\/vulee.pl\/en\/reklamacje\/"]]}]},{"@type":"ImageObject","inLanguage":"en-US","@id":"https:\/\/vulee.pl\/en\/reklamacje\/#primaryimage","url":"https:\/\/vulee.pl\/wp-content\/uploads\/2021\/06\/formularz-reklamacji-848x1200.jpg","contentUrl":"https:\/\/vulee.pl\/wp-content\/uploads\/2021\/06\/formularz-reklamacji-848x1200.jpg"},{"@type":"BreadcrumbList","@id":"https:\/\/vulee.pl\/en\/reklamacje\/#breadcrumb","itemListElement":[{"@type":"ListItem","position":1,"name":"VUL\u00c9E","item":"https:\/\/vulee.pl\/en\/"},{"@type":"ListItem","position":2,"name":"Reklamacje"}]},{"@type":"WebSite","@id":"https:\/\/vulee.pl\/en\/#website","url":"https:\/\/vulee.pl\/en\/","name":"Vul\u00e9e zmys\u0142owa bi\u017cuteria dla os\u00f3b wra\u017cliwych","description":"minimalistic, sensual jewelry made in Poland","publisher":{"@id":"https:\/\/vulee.pl\/en\/#organization"},"alternateName":"Vul\u00e9e","potentialAction":[{"@type":"SearchAction","target":{"@type":"EntryPoint","urlTemplate":"https:\/\/vulee.pl\/en\/?s={search_term_string}"},"query-input":{"@type":"PropertyValueSpecification","valueRequired":true,"valueName":"search_term_string"}}],"inLanguage":"en-US"},{"@type":"Organization","@id":"https:\/\/vulee.pl\/en\/#organization","name":"VUL\u00c9E sp. z o.o.","url":"https:\/\/vulee.pl\/en\/","logo":{"@type":"ImageObject","inLanguage":"en-US","@id":"https:\/\/vulee.pl\/en\/#\/schema\/logo\/image\/","url":"https:\/\/vulee.pl\/wp-content\/uploads\/2021\/05\/logo-vulee.svg","contentUrl":"https:\/\/vulee.pl\/wp-content\/uploads\/2021\/05\/logo-vulee.svg","width":156,"height":209,"caption":"VUL\u00c9E sp. z o.o."},"image":{"@id":"https:\/\/vulee.pl\/en\/#\/schema\/logo\/image\/"},"sameAs":["https:\/\/www.instagram.com\/vulee.jewelry\/"]}]}},"_links":{"self":[{"href":"https:\/\/vulee.pl\/en\/wp-json\/wp\/v2\/pages\/1501","targetHints":{"allow":["GET"]}}],"collection":[{"href":"https:\/\/vulee.pl\/en\/wp-json\/wp\/v2\/pages"}],"about":[{"href":"https:\/\/vulee.pl\/en\/wp-json\/wp\/v2\/types\/page"}],"author":[{"embeddable":true,"href":"https:\/\/vulee.pl\/en\/wp-json\/wp\/v2\/users\/1"}],"replies":[{"embeddable":true,"href":"https:\/\/vulee.pl\/en\/wp-json\/wp\/v2\/comments?post=1501"}],"version-history":[{"count":0,"href":"https:\/\/vulee.pl\/en\/wp-json\/wp\/v2\/pages\/1501\/revisions"}],"wp:attachment":[{"href":"https:\/\/vulee.pl\/en\/wp-json\/wp\/v2\/media?parent=1501"}],"curies":[{"name":"wp","href":"https:\/\/api.w.org\/{rel}","templated":true}]}}