{"id":1477,"date":"2021-06-20T14:26:27","date_gmt":"2021-06-20T12:26:27","guid":{"rendered":"https:\/\/vulee.pl\/?page_id=1477"},"modified":"2024-01-22T23:10:16","modified_gmt":"2024-01-22T22:10:16","slug":"zwroty-wymiany","status":"publish","type":"page","link":"https:\/\/vulee.pl\/en\/returns\/","title":{"rendered":"Returns"},"content":{"rendered":"<p><\/p>\n<h1 style=\"text-align: center;\"><span style=\"font-size: 28px;\">Returns and exchanges<\/span><\/h1>\n<p>Each customer has the right to return or exchange the goods within 14 days of receiving the order.<\/p>\n<p>To do this, complete the form below and attach it to the package with the product intact and proof of purchase.<br \/>\nThe whole thing should be sent to the following address: VUL\u00c9E Sp. z o.o., 02-634 Warszawa, Mi\u0142ob\u0119dzka 17 street<\/p>\n<p>Please send the goods by courier or Polish post. Shipment to a parcel locker is not possible.<\/p>\n<p>More information can be found in the <a href=\"https:\/\/vulee.pl\/en\/regulamin-sklepu\/\">Regulations<\/a>.<\/p>\n<table class=\"responsive\" style=\"border-collapse: collapse; width: 100%;\">\n<tbody>\n<tr>\n<td style=\"width: 50%;\"><a href=\"https:\/\/vulee.pl\/wp-content\/uploads\/2021\/09\/form-of-return.pdf\"><img decoding=\"async\" class=\"alignnone size-large wp-image-2230\" src=\"https:\/\/vulee.pl\/wp-content\/uploads\/2021\/09\/form-of-return-848x1200.jpg\" alt=\"\" width=\"848\" height=\"1200\" \/><\/a><\/td>\n<td style=\"width: 50%;\"><a href=\"https:\/\/vulee.pl\/wp-content\/uploads\/2021\/09\/form-of-exchange.pdf\" target=\"_blank\" rel=\"noopener\"><img loading=\"lazy\" decoding=\"async\" class=\"alignnone wp-image-1481 size-large\" src=\"https:\/\/vulee.pl\/wp-content\/uploads\/2021\/09\/form-of-exchange-848x1200.jpg\" alt=\"\" width=\"848\" height=\"1200\" \/><\/a><\/td>\n<\/tr>\n<\/tbody>\n<\/table>\n<p><\/p>","protected":false},"excerpt":{"rendered":"<p>Returns and exchanges Each customer has the right to return or exchange the goods within 14 days of receiving the order. To do this, complete the form below and attach it to the package with the product intact and proof of purchase. The whole thing should be sent to the following address: VUL\u00c9E Sp. z [&hellip;]<\/p>\n","protected":false},"author":1,"featured_media":0,"parent":0,"menu_order":0,"comment_status":"closed","ping_status":"closed","template":"","meta":{"_acf_changed":false,"inline_featured_image":false,"footnotes":""},"class_list":["post-1477","page","type-page","status-publish","hentry"],"acf":[],"yoast_head":"<!-- This site is optimized with the Yoast SEO plugin v27.5 - https:\/\/yoast.com\/product\/yoast-seo-wordpress\/ -->\n<title>Returns - Vul\u00e9e<\/title>\n<meta name=\"description\" content=\"VUL\u00c9E. Minimalistic, sensual jewelry. Nasza bi\u017cuteria jest minimalistyczna i uniwersalna, dzi\u0119ki czemu wszystkie modele \u015bwietnie...\" \/>\n<meta name=\"robots\" content=\"index, follow, max-snippet:-1, max-image-preview:large, max-video-preview:-1\" \/>\n<link rel=\"canonical\" href=\"https:\/\/vulee.pl\/en\/zwroty-i-wymiany\/\" \/>\n<meta property=\"og:locale\" content=\"en_US\" \/>\n<meta property=\"og:type\" content=\"article\" \/>\n<meta property=\"og:title\" content=\"Returns - Vul\u00e9e\" \/>\n<meta property=\"og:description\" content=\"VUL\u00c9E. Minimalistic, sensual jewelry. Nasza bi\u017cuteria jest minimalistyczna i uniwersalna, dzi\u0119ki czemu wszystkie modele \u015bwietnie...\" \/>\n<meta property=\"og:url\" content=\"https:\/\/vulee.pl\/en\/zwroty-i-wymiany\/\" \/>\n<meta property=\"og:site_name\" content=\"Vul\u00e9e\" \/>\n<meta property=\"article:modified_time\" content=\"2024-01-22T22:10:16+00:00\" \/>\n<meta property=\"og:image\" content=\"https:\/\/vulee.pl\/wp-content\/uploads\/2021\/06\/formularz-zwrotu-848x1200.jpg\" \/>\n<meta name=\"twitter:card\" content=\"summary_large_image\" \/>\n<script type=\"application\/ld+json\" class=\"yoast-schema-graph\">{\"@context\":\"https:\\\/\\\/schema.org\",\"@graph\":[{\"@type\":[\"WebPage\",\"QAPage\"],\"@id\":\"https:\\\/\\\/vulee.pl\\\/en\\\/zwroty-i-wymiany\\\/\",\"url\":\"https:\\\/\\\/vulee.pl\\\/en\\\/zwroty-i-wymiany\\\/\",\"name\":\"Returns - Vul\u00e9e\",\"isPartOf\":{\"@id\":\"https:\\\/\\\/vulee.pl\\\/en\\\/#website\"},\"primaryImageOfPage\":{\"@id\":\"https:\\\/\\\/vulee.pl\\\/en\\\/zwroty-i-wymiany\\\/#primaryimage\"},\"image\":{\"@id\":\"https:\\\/\\\/vulee.pl\\\/zwroty-i-wymiany\\\/#primaryimage\"},\"thumbnailUrl\":\"https:\\\/\\\/vulee.pl\\\/wp-content\\\/uploads\\\/2021\\\/06\\\/formularz-zwrotu-848x1200.jpg\",\"datePublished\":\"2021-06-20T12:26:27+00:00\",\"dateModified\":\"2024-01-22T22:10:16+00:00\",\"description\":\"VUL\u00c9E. Minimalistic, sensual jewelry. Nasza bi\u017cuteria jest minimalistyczna i uniwersalna, dzi\u0119ki czemu wszystkie modele \u015bwietnie...\",\"breadcrumb\":{\"@id\":\"https:\\\/\\\/vulee.pl\\\/en\\\/zwroty-i-wymiany\\\/#breadcrumb\"},\"inLanguage\":\"en-US\",\"potentialAction\":[{\"@type\":\"ReadAction\",\"target\":[[\"https:\\\/\\\/vulee.pl\\\/en\\\/zwroty-i-wymiany\\\/\"]]}]},{\"@type\":\"ImageObject\",\"inLanguage\":\"en-US\",\"@id\":\"https:\\\/\\\/vulee.pl\\\/en\\\/zwroty-i-wymiany\\\/#primaryimage\",\"url\":\"https:\\\/\\\/vulee.pl\\\/wp-content\\\/uploads\\\/2021\\\/06\\\/formularz-zwrotu-848x1200.jpg\",\"contentUrl\":\"https:\\\/\\\/vulee.pl\\\/wp-content\\\/uploads\\\/2021\\\/06\\\/formularz-zwrotu-848x1200.jpg\"},{\"@type\":\"BreadcrumbList\",\"@id\":\"https:\\\/\\\/vulee.pl\\\/en\\\/zwroty-i-wymiany\\\/#breadcrumb\",\"itemListElement\":[{\"@type\":\"ListItem\",\"position\":1,\"name\":\"VUL\u00c9E\",\"item\":\"https:\\\/\\\/vulee.pl\\\/en\\\/\"},{\"@type\":\"ListItem\",\"position\":2,\"name\":\"Zwroty i wymiany\"}]},{\"@type\":\"WebSite\",\"@id\":\"https:\\\/\\\/vulee.pl\\\/en\\\/#website\",\"url\":\"https:\\\/\\\/vulee.pl\\\/en\\\/\",\"name\":\"Vul\u00e9e zmys\u0142owa bi\u017cuteria dla os\u00f3b wra\u017cliwych\",\"description\":\"minimalistic, sensual jewelry made in Poland\",\"publisher\":{\"@id\":\"https:\\\/\\\/vulee.pl\\\/en\\\/#organization\"},\"alternateName\":\"Vul\u00e9e\",\"potentialAction\":[{\"@type\":\"SearchAction\",\"target\":{\"@type\":\"EntryPoint\",\"urlTemplate\":\"https:\\\/\\\/vulee.pl\\\/en\\\/?s={search_term_string}\"},\"query-input\":{\"@type\":\"PropertyValueSpecification\",\"valueRequired\":true,\"valueName\":\"search_term_string\"}}],\"inLanguage\":\"en-US\"},{\"@type\":\"Organization\",\"@id\":\"https:\\\/\\\/vulee.pl\\\/en\\\/#organization\",\"name\":\"VUL\u00c9E sp. z o.o.\",\"url\":\"https:\\\/\\\/vulee.pl\\\/en\\\/\",\"logo\":{\"@type\":\"ImageObject\",\"inLanguage\":\"en-US\",\"@id\":\"https:\\\/\\\/vulee.pl\\\/en\\\/#\\\/schema\\\/logo\\\/image\\\/\",\"url\":\"https:\\\/\\\/vulee.pl\\\/wp-content\\\/uploads\\\/2021\\\/05\\\/logo-vulee.svg\",\"contentUrl\":\"https:\\\/\\\/vulee.pl\\\/wp-content\\\/uploads\\\/2021\\\/05\\\/logo-vulee.svg\",\"width\":156,\"height\":209,\"caption\":\"VUL\u00c9E sp. z o.o.\"},\"image\":{\"@id\":\"https:\\\/\\\/vulee.pl\\\/en\\\/#\\\/schema\\\/logo\\\/image\\\/\"},\"sameAs\":[\"https:\\\/\\\/www.instagram.com\\\/vulee.jewelry\\\/\"]}]}<\/script>\n<!-- \/ Yoast SEO plugin. -->","yoast_head_json":{"title":"Returns - Vul\u00e9e","description":"VUL\u00c9E. Minimalistic, sensual jewelry. Nasza bi\u017cuteria jest minimalistyczna i uniwersalna, dzi\u0119ki czemu wszystkie modele \u015bwietnie...","robots":{"index":"index","follow":"follow","max-snippet":"max-snippet:-1","max-image-preview":"max-image-preview:large","max-video-preview":"max-video-preview:-1"},"canonical":"https:\/\/vulee.pl\/en\/zwroty-i-wymiany\/","og_locale":"en_US","og_type":"article","og_title":"Returns - Vul\u00e9e","og_description":"VUL\u00c9E. Minimalistic, sensual jewelry. Nasza bi\u017cuteria jest minimalistyczna i uniwersalna, dzi\u0119ki czemu wszystkie modele \u015bwietnie...","og_url":"https:\/\/vulee.pl\/en\/zwroty-i-wymiany\/","og_site_name":"Vul\u00e9e","article_modified_time":"2024-01-22T22:10:16+00:00","og_image":[{"url":"https:\/\/vulee.pl\/wp-content\/uploads\/2021\/06\/formularz-zwrotu-848x1200.jpg","type":"","width":"","height":""}],"twitter_card":"summary_large_image","schema":{"@context":"https:\/\/schema.org","@graph":[{"@type":["WebPage","QAPage"],"@id":"https:\/\/vulee.pl\/en\/zwroty-i-wymiany\/","url":"https:\/\/vulee.pl\/en\/zwroty-i-wymiany\/","name":"Returns - Vul\u00e9e","isPartOf":{"@id":"https:\/\/vulee.pl\/en\/#website"},"primaryImageOfPage":{"@id":"https:\/\/vulee.pl\/en\/zwroty-i-wymiany\/#primaryimage"},"image":{"@id":"https:\/\/vulee.pl\/zwroty-i-wymiany\/#primaryimage"},"thumbnailUrl":"https:\/\/vulee.pl\/wp-content\/uploads\/2021\/06\/formularz-zwrotu-848x1200.jpg","datePublished":"2021-06-20T12:26:27+00:00","dateModified":"2024-01-22T22:10:16+00:00","description":"VUL\u00c9E. Minimalistic, sensual jewelry. Nasza bi\u017cuteria jest minimalistyczna i uniwersalna, dzi\u0119ki czemu wszystkie modele \u015bwietnie...","breadcrumb":{"@id":"https:\/\/vulee.pl\/en\/zwroty-i-wymiany\/#breadcrumb"},"inLanguage":"en-US","potentialAction":[{"@type":"ReadAction","target":[["https:\/\/vulee.pl\/en\/zwroty-i-wymiany\/"]]}]},{"@type":"ImageObject","inLanguage":"en-US","@id":"https:\/\/vulee.pl\/en\/zwroty-i-wymiany\/#primaryimage","url":"https:\/\/vulee.pl\/wp-content\/uploads\/2021\/06\/formularz-zwrotu-848x1200.jpg","contentUrl":"https:\/\/vulee.pl\/wp-content\/uploads\/2021\/06\/formularz-zwrotu-848x1200.jpg"},{"@type":"BreadcrumbList","@id":"https:\/\/vulee.pl\/en\/zwroty-i-wymiany\/#breadcrumb","itemListElement":[{"@type":"ListItem","position":1,"name":"VUL\u00c9E","item":"https:\/\/vulee.pl\/en\/"},{"@type":"ListItem","position":2,"name":"Zwroty i wymiany"}]},{"@type":"WebSite","@id":"https:\/\/vulee.pl\/en\/#website","url":"https:\/\/vulee.pl\/en\/","name":"Vul\u00e9e zmys\u0142owa bi\u017cuteria dla os\u00f3b wra\u017cliwych","description":"minimalistic, sensual jewelry made in Poland","publisher":{"@id":"https:\/\/vulee.pl\/en\/#organization"},"alternateName":"Vul\u00e9e","potentialAction":[{"@type":"SearchAction","target":{"@type":"EntryPoint","urlTemplate":"https:\/\/vulee.pl\/en\/?s={search_term_string}"},"query-input":{"@type":"PropertyValueSpecification","valueRequired":true,"valueName":"search_term_string"}}],"inLanguage":"en-US"},{"@type":"Organization","@id":"https:\/\/vulee.pl\/en\/#organization","name":"VUL\u00c9E sp. z o.o.","url":"https:\/\/vulee.pl\/en\/","logo":{"@type":"ImageObject","inLanguage":"en-US","@id":"https:\/\/vulee.pl\/en\/#\/schema\/logo\/image\/","url":"https:\/\/vulee.pl\/wp-content\/uploads\/2021\/05\/logo-vulee.svg","contentUrl":"https:\/\/vulee.pl\/wp-content\/uploads\/2021\/05\/logo-vulee.svg","width":156,"height":209,"caption":"VUL\u00c9E sp. z o.o."},"image":{"@id":"https:\/\/vulee.pl\/en\/#\/schema\/logo\/image\/"},"sameAs":["https:\/\/www.instagram.com\/vulee.jewelry\/"]}]}},"_links":{"self":[{"href":"https:\/\/vulee.pl\/en\/wp-json\/wp\/v2\/pages\/1477","targetHints":{"allow":["GET"]}}],"collection":[{"href":"https:\/\/vulee.pl\/en\/wp-json\/wp\/v2\/pages"}],"about":[{"href":"https:\/\/vulee.pl\/en\/wp-json\/wp\/v2\/types\/page"}],"author":[{"embeddable":true,"href":"https:\/\/vulee.pl\/en\/wp-json\/wp\/v2\/users\/1"}],"replies":[{"embeddable":true,"href":"https:\/\/vulee.pl\/en\/wp-json\/wp\/v2\/comments?post=1477"}],"version-history":[{"count":0,"href":"https:\/\/vulee.pl\/en\/wp-json\/wp\/v2\/pages\/1477\/revisions"}],"wp:attachment":[{"href":"https:\/\/vulee.pl\/en\/wp-json\/wp\/v2\/media?parent=1477"}],"curies":[{"name":"wp","href":"https:\/\/api.w.org\/{rel}","templated":true}]}}